{"id":1730,"date":"2021-03-16T10:14:57","date_gmt":"2021-03-16T09:14:57","guid":{"rendered":"https:\/\/www.camping-tournon.fr\/camping-pas-cher-tournon\/"},"modified":"2021-04-06T14:03:51","modified_gmt":"2021-04-06T12:03:51","slug":"billig-camping-tournon","status":"publish","type":"page","link":"https:\/\/www.camping-tournon.fr\/de\/billig-camping-tournon\/","title":{"rendered":"Nos tarifs"},"content":{"rendered":"<section id=\"section-60521d60d4e11\"\" class=\"section bg-white\" \/><div class=\"container extralarge\"><h1 class=\"element section-title center deco-vague m-b-4\">G\u00fcnstiger Campingplatz Tournon<\/h1><div class=\"element bloc-text justify \">\n\t<p><script>\n    window.ctoutvert = {\n        id: 2201,\n        lang: 'de',\n        url: 'https:\/\/bookingpremium.secureholiday.net\/widgets\/', \n    };\n    (function (w, d, s, ctv, r, js, fjs) {\n        r=new XMLHttpRequest();r.open('GET',w[ctv].url+'js\/src.json');\n        r.responseType='json';r.json=true;r.send();\n        r.onload=function(){w[ctv].src=r.responseType=='json'?r.response:JSON.parse(r.response);\n        js.src=w[ctv].src[0];fjs.parentNode.insertBefore(js, fjs);}\n        js=d.createElement(s),fjs=d.getElementsByTagName(s)[0];\n        js.id='ctvwidget';js.async=1;\n    }(window, document, 'script', 'ctoutvert'));\n<\/script><br \/>\n<ctv-availability data-background-color='#FFFFFFFF' ><\/ctv-availability><\/p>\n<\/div><\/div><\/section>\n\n<section id=\"section-60521d60d54ff\"\" class=\"section home-second bg-color3 p-t-0 p-b-0\" \/><div class=\"container full\"><div class=\"colonnes-wrap valign-top p-t-1 p-b-1\"><div class=\"element colonne p-0 mozaique-verticale w-28\"><div class=\"element images scroll-x-mobile\"><div class=\"image\"><img decoding=\"async\" src=\"https:\/\/www.camping-tournon.fr\/wp-content\/uploads\/2021\/03\/piscine-soleil-rhone-100x72.jpg\" data-src=\"https:\/\/www.camping-tournon.fr\/wp-content\/uploads\/2021\/03\/piscine-soleil-rhone.jpg\" alt=\"piscine soleil rhone\" class=\"images_image p-b-1\" \/><\/div><div class=\"image\"><img decoding=\"async\" src=\"https:\/\/www.camping-tournon.fr\/wp-content\/uploads\/2021\/03\/tente-camping-100x73.jpg\" data-src=\"https:\/\/www.camping-tournon.fr\/wp-content\/uploads\/2021\/03\/tente-camping.jpg\" alt=\"tente camping\" class=\"images_image\" \/><\/div><\/div><\/div><div class=\"element colonne p-0 p-l-1 mozaique-verticale w-28\"><div class=\"element images scroll-x-mobile\"><div class=\"image\"><img decoding=\"async\" src=\"https:\/\/www.camping-tournon.fr\/wp-content\/uploads\/2021\/03\/camping-mobil-home-67x100.jpg\" data-src=\"https:\/\/www.camping-tournon.fr\/wp-content\/uploads\/2021\/03\/camping-mobil-home.jpg\" alt=\"camping mobil-home\" class=\"images_image\" \/><\/div><\/div><\/div><div class=\"element colonne p-l-4 p-r-8 w-44 valign-self-center\"><h2 class=\"element section-title left inner-h2 gauche\">Vermietungen zum besten Preis-Leistungs-Verh\u00e4ltnis <\/h2><div class=\"element bloc-text justify \">\n\t<p>Sind Sie auf der Suche nach einer g\u00fcnstigen Wohnmobilvermietung oder einem g\u00fcnstigen Stellplatz am Ufer der Rh\u00f4ne?<\/p>\n<p>Unser Campingplatz bietet <strong class=\"color1\">attraktive Preise mit All-Komfort-Mobilheimen<\/strong>, klimatisiert, mit Terrassen und kostenlosem W-Lan Zugang.<\/p>\n<p>An der <strong class=\"bold color1\">Viarh\u00f4na<\/strong> gelegen, k\u00f6nnen Sie Ihr Zelt f\u00fcr eine Nacht zu einem sehr g\u00fcnstigen Preis aufstellen und genie\u00dfen freien Zugang zum <strong class=\"bold color1\">beheizten Pool<\/strong>.<\/p>\n<p>Caravans und Wohnmobile sind nat\u00fcrlich willkommen. Eine <strong class=\"bold color1\">gro\u00dfe Auswahl an sonnigen<\/strong> oder schattigen Pl\u00e4tzen je nach Jahreszeit. Neue Sanit\u00e4ranlagen stehen zur Verf\u00fcgung, ebenso wie eine M\u00fclldeponie.  <\/p>\n<\/div><h2 class=\"element section-title left m-t-4 gauche\">Live-Buchung zum besten Preis<\/h2><div class=\"element bloc-text justify \">\n\t<p>Wenn Sie direkt \u00fcber unsere Website buchen, erhalten Sie garantiert den <strong class=\"bold color1\">besten Wert<\/strong>. Keine Zwischenh\u00e4ndler, nur Direktpreis, keine Provision. <\/p>\n<p>Sie haben <strong class=\"bold color1\">Bed\u00fcrfnis, beruhigt zu werden<\/strong>, also z\u00f6gern Sie nicht, uns anzurufen. Wir beantworten gerne alle Ihre Fragen. <\/p>\n<\/div><\/div><\/div><\/div><\/section>\n\n<section id=\"section-60521d60d57ac\"\" class=\"section bg-white p-t-0 p-b-0\" \/><div class=\"container full\"><div class=\"element images scroll-x-mobile\"><div class=\"image\"><img decoding=\"async\" src=\"https:\/\/www.camping-tournon.fr\/wp-content\/uploads\/2021\/03\/location-emplacement-100x97.jpg\" data-src=\"https:\/\/www.camping-tournon.fr\/wp-content\/uploads\/2021\/03\/location-emplacement-e1616507840278.jpg\" alt=\"location emplacement\" class=\"images_image\" \/><\/div><div class=\"image\"><img decoding=\"async\" src=\"https:\/\/www.camping-tournon.fr\/wp-content\/uploads\/2021\/03\/entree-mobil-home-100x97.jpg\" data-src=\"https:\/\/www.camping-tournon.fr\/wp-content\/uploads\/2021\/03\/entree-mobil-home-e1616507808829.jpg\" alt=\"entr\u00e9e mobil-home\" class=\"images_image\" \/><\/div><div class=\"image\"><img decoding=\"async\" src=\"https:\/\/www.camping-tournon.fr\/wp-content\/uploads\/2021\/03\/tente-sejour-100x97.jpg\" data-src=\"https:\/\/www.camping-tournon.fr\/wp-content\/uploads\/2021\/03\/tente-sejour-e1616507826752.jpg\" alt=\"tente sejour\" class=\"images_image\" \/><\/div><div class=\"image\"><img decoding=\"async\" src=\"https:\/\/www.camping-tournon.fr\/wp-content\/uploads\/2021\/03\/terrasse-mobil-home-camping-100x97.jpg\" data-src=\"https:\/\/www.camping-tournon.fr\/wp-content\/uploads\/2021\/03\/terrasse-mobil-home-camping-e1616507795160.jpg\" alt=\"terrasse mobil-home camping\" class=\"images_image\" \/><\/div><\/div><\/div><\/section>\n\n<section id=\"section-last\"\" class=\"section home-second bg-white p-t-0 p-b-0\" \/><div class=\"container full\"><div class=\"colonnes-wrap valign-top p-t-1 p-b-1\"><div class=\"element colonne p-l-4 p-r-8 w-44 valign-self-center\"><h2 class=\"element section-title left inner-h2 droite\"> Die Schn\u00e4ppchenecke<\/h2><div class=\"element bloc-text justify \">\n\t<p>Sie tr\u00e4umen davon, Ihren <strong class=\"bold color1\">Urlaub kosteng\u00fcnstig<\/strong> in einer g\u00fcnstigen Mobilheim-Vermietung in der Ard\u00e8che zu verbringen. Der <a href=\"\/de\/\">Camping le Rh\u00f4ne<\/a> bietet Ihnen Preise zum besten Preis. Wir legen gro\u00dfen Wert auf das <strong class=\"bold color1\">Preis-Qualit\u00e4ts-Verh\u00e4ltnis<\/strong>, um Ihnen einen erstklassigen Urlaub zu bieten.<\/p>\n<p>Ihr g\u00fcnstiger Ard\u00e8che-Campingplatz erm\u00f6glicht Ihnen den freien Zugang zum Schwimmbad. Nutzen Sie unseren guten Plan, eine <strong class=\"bold color1\">Ardeche-Aktion<\/strong>, die Ihnen einen <strong class=\"bold color1\">ausnahmsweise 10% Rabatt<\/strong> f\u00fcr jeden Aufenthalt von mehr als 10 N\u00e4chten gibt. Spezielle Angebote sind f\u00fcr die gro\u00dfen Wochenenden von Ostern, Pfingsten, Himmelfahrt, 1. und 8. Mai, Ard\u00e9choise&#8230; <\/p>\n<p>Camping le Rh\u00f4ne bietet g\u00fcnstige Stellpl\u00e4tze f\u00fcr <strong class=\"bold color1\">Urlaub mit kleinem Budget<\/strong>.<\/p>\n<p>F\u00fcr jede Saison eine Rate, so k\u00f6nnen Sie von einem Minipreis profitieren.<\/p>\n<p>Mit den Vorteilen der <strong class=\"bold color1\">ACSI-Karte<\/strong> in der Nebensaison sparen Sie Geld und Ihr Aufenthalt wird g\u00fcnstiger. Ihr Ard\u00e8che-Discount-Campingplatz bietet Ihnen <strong class=\"bold color1\">FREE WIFI<\/strong> Zugang.<\/p>\n<p>Kein Last Minute, unsere Preise sind so fair wie m\u00f6glich, je nach Saison.<\/p>\n<p>Angemessene <strong class=\"bold color1\">Preise<\/strong> werden das ganze Jahr \u00fcber berechnet, um Ihnen einen kosteng\u00fcnstigen Urlaub zu bieten. <\/p>\n<\/div><\/div><div class=\"element colonne p-0 mozaique-verticale w-28\"><div class=\"element images scroll-x-mobile\"><div class=\"image\"><img decoding=\"async\" src=\"https:\/\/www.camping-tournon.fr\/wp-content\/uploads\/2021\/03\/mobil-home-terrain-67x100.jpg\" data-src=\"https:\/\/www.camping-tournon.fr\/wp-content\/uploads\/2021\/03\/mobil-home-terrain.jpg\" alt=\"mobil-home terrain\" class=\"images_image\" \/><\/div><\/div><\/div><div class=\"element colonne p-0 p-l-1 mozaique-verticale w-28\"><div class=\"element images scroll-x-mobile\"><div class=\"image\"><img decoding=\"async\" src=\"https:\/\/www.camping-tournon.fr\/wp-content\/uploads\/2021\/03\/allee-camping-100x73.jpg\" data-src=\"https:\/\/www.camping-tournon.fr\/wp-content\/uploads\/2021\/03\/allee-camping.jpg\" alt=\"all\u00e9e camping\" class=\"images_image p-b-1\" \/><\/div><div class=\"image\"><img decoding=\"async\" src=\"https:\/\/www.camping-tournon.fr\/wp-content\/uploads\/2021\/03\/emplacements-camping-car-100x79.jpg\" data-src=\"https:\/\/www.camping-tournon.fr\/wp-content\/uploads\/2021\/03\/emplacements-camping-car.jpg\" alt=\"emplacements camping car\" class=\"images_image\" \/><\/div><\/div><\/div><\/div><\/div><\/section>\n\n<section id=\"section-60521d60d6105\"\" class=\"section bg-white\" \/><div class=\"container extralarge\"><div class=\"element section-title center titre-cta deco-vague\">Unsere Vermietungen und Stellpl\u00e4tze auf dem Campingplatz<\/div><ul class=\"liste-de-page scroll-x-mobile\"><li class=\"element call-to-action center titre-cta deco-vague call-to-action--style-1 call-to-action--normal\"><a href=\"https:\/\/www.camping-tournon.fr\/de\/wohnmobilvermietung-tournon\/\"  class=\"call-to-action_link\" title=\"Lesen Sie mehr \u00fcber unsere mobilheime\"><div class=\"call-to-action_image\"><img decoding=\"async\" src=\"https:\/\/www.camping-tournon.fr\/wp-content\/uploads\/2021\/03\/mobil-home-camping-100x56.jpg\" data-src=\"https:\/\/www.camping-tournon.fr\/wp-content\/uploads\/2021\/03\/mobil-home-camping.jpg\" alt=\"mobil-home camping\" class=\"normal\" \/><div class=\"call-to-action_contenu\"><div class=\"call-to-action_titre\">Unsere Mobilheime<\/div><\/div><\/div><\/a><\/li><li class=\"element call-to-action center titre-cta deco-vague call-to-action--style-1 call-to-action--normal call-to-action--style-1 call-to-action--normal\"><a href=\"https:\/\/www.camping-tournon.fr\/de\/stellplatzvermietung-tournon\/\"  class=\"call-to-action_link\" title=\"Lesen Sie mehr \u00fcber unsere standorte\"><div class=\"call-to-action_image\"><img decoding=\"async\" src=\"https:\/\/www.camping-tournon.fr\/wp-content\/uploads\/2021\/03\/camping-allee-100x56.jpg\" data-src=\"https:\/\/www.camping-tournon.fr\/wp-content\/uploads\/2021\/03\/camping-allee.jpg\" alt=\"camping all\u00e9e\" class=\"normal\" \/><div class=\"call-to-action_contenu\"><div class=\"call-to-action_titre\">Unsere Standorte<\/div><\/div><\/div><\/a><\/li><li class=\"element call-to-action center titre-cta deco-vague call-to-action--style-1 call-to-action--normal call-to-action--style-1 call-to-action--normal call-to-action--style-1 call-to-action--normal\"><a href=\"https:\/\/www.camping-tournon.fr\/de\/schwimmbad-tournon\/\"  class=\"call-to-action_link\" title=\"Lesen Sie mehr \u00fcber der pool\"><div class=\"call-to-action_image\"><img decoding=\"async\" src=\"https:\/\/www.camping-tournon.fr\/wp-content\/uploads\/2021\/03\/piscine-chauffee-ardeche-100x56.jpg\" data-src=\"https:\/\/www.camping-tournon.fr\/wp-content\/uploads\/2021\/03\/piscine-chauffee-ardeche.jpg\" alt=\"piscine chauff\u00e9e Ard\u00e8che\" class=\"normal\" \/><div class=\"call-to-action_contenu\"><div class=\"call-to-action_titre\">Der Pool<\/div><\/div><\/div><\/a><\/li><\/ul><\/div><\/section>","protected":false},"excerpt":{"rendered":"","protected":false},"author":1,"featured_media":1058,"parent":0,"menu_order":0,"comment_status":"closed","ping_status":"closed","template":"","meta":{"footnotes":""},"class_list":["post-1730","page","type-page","status-publish","has-post-thumbnail","hentry"],"acf":[],"yoast_head":"<!-- This site is optimized with the Yoast SEO plugin v21.9 - https:\/\/yoast.com\/wordpress\/plugins\/seo\/ -->\n<title>Billig Camping Ard\u00e8che Verte | Camping petit prix Tournon<\/title>\n<meta name=\"robots\" content=\"index, follow, max-snippet:-1, max-image-preview:large, max-video-preview:-1\" \/>\n<link rel=\"canonical\" href=\"https:\/\/www.camping-tournon.fr\/de\/billig-camping-tournon\/\" \/>\n<meta property=\"og:locale\" content=\"de_DE\" \/>\n<meta property=\"og:type\" content=\"article\" \/>\n<meta property=\"og:title\" content=\"Billig Camping Ard\u00e8che Verte | Camping petit prix Tournon\" \/>\n<meta property=\"og:url\" content=\"https:\/\/www.camping-tournon.fr\/de\/billig-camping-tournon\/\" \/>\n<meta property=\"og:site_name\" content=\"Camping Tournon\" \/>\n<meta property=\"article:modified_time\" content=\"2021-04-06T12:03:51+00:00\" \/>\n<meta property=\"og:image\" content=\"https:\/\/www.camping-tournon.fr\/wp-content\/uploads\/2021\/03\/camping-pas-cher-tournon.jpg\" \/>\n\t<meta property=\"og:image:width\" content=\"1903\" \/>\n\t<meta property=\"og:image:height\" content=\"500\" \/>\n\t<meta property=\"og:image:type\" content=\"image\/jpeg\" \/>\n<meta name=\"twitter:card\" content=\"summary_large_image\" \/>\n<script type=\"application\/ld+json\" class=\"yoast-schema-graph\">{\"@context\":\"https:\/\/schema.org\",\"@graph\":[{\"@type\":\"WebPage\",\"@id\":\"https:\/\/www.camping-tournon.fr\/de\/billig-camping-tournon\/\",\"url\":\"https:\/\/www.camping-tournon.fr\/de\/billig-camping-tournon\/\",\"name\":\"Billig Camping Ard\u00e8che Verte | Camping petit prix Tournon\",\"isPartOf\":{\"@id\":\"https:\/\/www.camping-tournon.fr\/de\/#website\"},\"datePublished\":\"2021-03-16T09:14:57+00:00\",\"dateModified\":\"2021-04-06T12:03:51+00:00\",\"breadcrumb\":{\"@id\":\"https:\/\/www.camping-tournon.fr\/de\/billig-camping-tournon\/#breadcrumb\"},\"inLanguage\":\"de\",\"potentialAction\":[{\"@type\":\"ReadAction\",\"target\":[\"https:\/\/www.camping-tournon.fr\/de\/billig-camping-tournon\/\"]}]},{\"@type\":\"BreadcrumbList\",\"@id\":\"https:\/\/www.camping-tournon.fr\/de\/billig-camping-tournon\/#breadcrumb\",\"itemListElement\":[{\"@type\":\"ListItem\",\"position\":1,\"name\":\"Camping Ard\u00e8che\",\"item\":\"https:\/\/www.camping-tournon.fr\/de\/\"},{\"@type\":\"ListItem\",\"position\":2,\"name\":\"Billig Camping Ard\u00e8che Verte\"}]},{\"@type\":\"WebSite\",\"@id\":\"https:\/\/www.camping-tournon.fr\/de\/#website\",\"url\":\"https:\/\/www.camping-tournon.fr\/de\/\",\"name\":\"Camping Tournon\",\"description\":\"\",\"potentialAction\":[{\"@type\":\"SearchAction\",\"target\":{\"@type\":\"EntryPoint\",\"urlTemplate\":\"https:\/\/www.camping-tournon.fr\/de\/?s={search_term_string}\"},\"query-input\":\"required name=search_term_string\"}],\"inLanguage\":\"de\"}]}<\/script>\n<!-- \/ Yoast SEO plugin. -->","yoast_head_json":{"title":"Billig Camping Ard\u00e8che Verte | Camping petit prix Tournon","robots":{"index":"index","follow":"follow","max-snippet":"max-snippet:-1","max-image-preview":"max-image-preview:large","max-video-preview":"max-video-preview:-1"},"canonical":"https:\/\/www.camping-tournon.fr\/de\/billig-camping-tournon\/","og_locale":"de_DE","og_type":"article","og_title":"Billig Camping Ard\u00e8che Verte | Camping petit prix Tournon","og_url":"https:\/\/www.camping-tournon.fr\/de\/billig-camping-tournon\/","og_site_name":"Camping Tournon","article_modified_time":"2021-04-06T12:03:51+00:00","og_image":[{"width":1903,"height":500,"url":"https:\/\/www.camping-tournon.fr\/wp-content\/uploads\/2021\/03\/camping-pas-cher-tournon.jpg","type":"image\/jpeg"}],"twitter_card":"summary_large_image","schema":{"@context":"https:\/\/schema.org","@graph":[{"@type":"WebPage","@id":"https:\/\/www.camping-tournon.fr\/de\/billig-camping-tournon\/","url":"https:\/\/www.camping-tournon.fr\/de\/billig-camping-tournon\/","name":"Billig Camping Ard\u00e8che Verte | Camping petit prix Tournon","isPartOf":{"@id":"https:\/\/www.camping-tournon.fr\/de\/#website"},"datePublished":"2021-03-16T09:14:57+00:00","dateModified":"2021-04-06T12:03:51+00:00","breadcrumb":{"@id":"https:\/\/www.camping-tournon.fr\/de\/billig-camping-tournon\/#breadcrumb"},"inLanguage":"de","potentialAction":[{"@type":"ReadAction","target":["https:\/\/www.camping-tournon.fr\/de\/billig-camping-tournon\/"]}]},{"@type":"BreadcrumbList","@id":"https:\/\/www.camping-tournon.fr\/de\/billig-camping-tournon\/#breadcrumb","itemListElement":[{"@type":"ListItem","position":1,"name":"Camping Ard\u00e8che","item":"https:\/\/www.camping-tournon.fr\/de\/"},{"@type":"ListItem","position":2,"name":"Billig Camping Ard\u00e8che Verte"}]},{"@type":"WebSite","@id":"https:\/\/www.camping-tournon.fr\/de\/#website","url":"https:\/\/www.camping-tournon.fr\/de\/","name":"Camping Tournon","description":"","potentialAction":[{"@type":"SearchAction","target":{"@type":"EntryPoint","urlTemplate":"https:\/\/www.camping-tournon.fr\/de\/?s={search_term_string}"},"query-input":"required name=search_term_string"}],"inLanguage":"de"}]}},"_links":{"self":[{"href":"https:\/\/www.camping-tournon.fr\/de\/wp-json\/wp\/v2\/pages\/1730","targetHints":{"allow":["GET"]}}],"collection":[{"href":"https:\/\/www.camping-tournon.fr\/de\/wp-json\/wp\/v2\/pages"}],"about":[{"href":"https:\/\/www.camping-tournon.fr\/de\/wp-json\/wp\/v2\/types\/page"}],"author":[{"embeddable":true,"href":"https:\/\/www.camping-tournon.fr\/de\/wp-json\/wp\/v2\/users\/1"}],"replies":[{"embeddable":true,"href":"https:\/\/www.camping-tournon.fr\/de\/wp-json\/wp\/v2\/comments?post=1730"}],"version-history":[{"count":2,"href":"https:\/\/www.camping-tournon.fr\/de\/wp-json\/wp\/v2\/pages\/1730\/revisions"}],"predecessor-version":[{"id":1804,"href":"https:\/\/www.camping-tournon.fr\/de\/wp-json\/wp\/v2\/pages\/1730\/revisions\/1804"}],"wp:featuredmedia":[{"embeddable":true,"href":"https:\/\/www.camping-tournon.fr\/de\/wp-json\/wp\/v2\/media\/1058"}],"wp:attachment":[{"href":"https:\/\/www.camping-tournon.fr\/de\/wp-json\/wp\/v2\/media?parent=1730"}],"curies":[{"name":"wp","href":"https:\/\/api.w.org\/{rel}","templated":true}]}}