{"id":1736,"date":"2021-03-16T10:14:47","date_gmt":"2021-03-16T09:14:47","guid":{"rendered":"https:\/\/www.camping-tournon.fr\/location-emplacement-tournon\/"},"modified":"2023-08-21T10:51:08","modified_gmt":"2023-08-21T08:51:08","slug":"stellplatzvermietung-tournon","status":"publish","type":"page","link":"https:\/\/www.camping-tournon.fr\/de\/stellplatzvermietung-tournon\/","title":{"rendered":"Nos emplacements"},"content":{"rendered":"<section id=\"section-60536994c64e8\"\" class=\"section bg-white\" \/><div class=\"container extralarge\"><h1 class=\"element section-title center m-b-8 deco-vague\">Standort in Tournon<\/h1><div class=\"element bloc-text center \">\n\t<p>Der <a href=\"\/de\/\">Camping Le Rh\u00f4ne Dr\u00f4me Ard\u00e8che<\/a> verf\u00fcgt \u00fcber zahlreiche <strong class=\"bold color1\">freie Stellpl\u00e4tze f\u00fcr Camper<\/strong>, die mit eigener Ausr\u00fcstung anreisen.<\/p>\n<p>Egal, ob Sie <strong class=\"bold color1\">mit Ihrem Zelt, Wohnwagen oder Wohnmobil<\/strong> (Doppelachse nicht erlaubt) kommen, Sie finden schattige und ebene Caravaning-Stellpl\u00e4tze, die leicht zu erreichen sind.<\/p>\n<p>Neue beheizte und komfortable Sanit\u00e4ranlagen, die ganzj\u00e4hrig nutzbar sind, stehen Ihnen zur Verf\u00fcgung.<\/p>\n<p>Au\u00dferhalb der Saison und mit Ihrer <strong class=\"bold color1\">Acsi-Karte<\/strong> erhalten Sie einen g\u00fcnstigen Ard\u00e8che-Tarif.<\/p>\n<p>Mit der ACSI CC-Karte ist alles inbegriffen (Pauschale f\u00fcr 2 Personen\/Strom\/1 Hund). Kostenloses WLAN<\/p>\n<p>Bei einem Aufenthalt von mehr als 10 N\u00e4chten wird ein <strong class=\"bold color1\">Promo 10%<\/strong> auf den allgemeinen Tarif angewendet.<\/p>\n<\/div><ul class=\"liste-de-page hebergements\"><div class=\"row scroll-x-mobile\"><li class=\"element hebergement call-to-action call-to-action--style-2   anzahl-der-personen-2 bereich-80\" id=\"20465\"><div class=\"hebergement_link\" id=\"1683\"><div class=\"call-to-action_image\"><img decoding=\"async\" src=\"https:\/\/www.camping-tournon.fr\/wp-content\/uploads\/2021\/03\/emplacement-caravane.jpg\" data-src=\"https:\/\/www.camping-tournon.fr\/wp-content\/uploads\/2021\/03\/emplacement-caravane.jpg\" alt=\"emplacement caravane\" class=\"\" \/><\/div><div class=\"call-to-action_contenu\"><div class=\"call-to-action_titre\">Camping-Wagen\/Wohnwagen (keine Doppelachsen)\/Zelt+Auto-Stellplatz<\/div><\/div><div class=\"hebergement-attributs\"><span class=\"attribut anzahl-der-personen\">2 <\/span><span class=\"attribut bereich\">80m\u00b2<\/span><\/div><\/div><\/li><li class=\"element hebergement call-to-action call-to-action--style-2  \" id=\"20465\"><div class=\"hebergement_link\" id=\"1686\"><div class=\"call-to-action_image\"><img decoding=\"async\" src=\"https:\/\/www.camping-tournon.fr\/wp-content\/uploads\/2021\/03\/tente-emplacement.jpg\" data-src=\"https:\/\/www.camping-tournon.fr\/wp-content\/uploads\/2021\/03\/tente-emplacement.jpg\" alt=\"tente emplacement\" class=\"\" \/><\/div><div class=\"call-to-action_contenu\"><div class=\"call-to-action_titre\">Zelt aufstellen OHNE AUTO<\/div><\/div><div class=\"hebergement-attributs\"><\/div><\/div><\/li><li class=\"element hebergement call-to-action call-to-action--style-2  \" id=\"\"><div class=\"hebergement_link\" id=\"2246\"><div class=\"call-to-action_image\"><img decoding=\"async\" src=\"https:\/\/www.camping-tournon.fr\/wp-content\/uploads\/2023\/08\/00000890529.webp\" data-src=\"https:\/\/www.camping-tournon.fr\/wp-content\/uploads\/2023\/08\/00000890529.webp\" alt=\"emplacement acsi\" class=\"\" \/><\/div><div class=\"call-to-action_contenu\"><div class=\"call-to-action_titre\">Stellpl\u00e4tze ACSI CARD<\/div><\/div><div class=\"hebergement-attributs\"><\/div><\/div><\/li><\/div><\/ul><\/div><\/section>\n\n<section id=\"section-60521d60d54ff\"\" class=\"section bg-color3 p-t-0 p-b-0\" \/><div class=\"container full\"><div class=\"colonnes-wrap valign-top p-t-1 p-b-1\"><div class=\"element colonne p-0 mozaique-verticale w-28\"><div class=\"element images scroll-x-mobile\"><div class=\"image\"><img decoding=\"async\" src=\"https:\/\/www.camping-tournon.fr\/wp-content\/uploads\/2021\/03\/location-tente-tournon-100x73.jpg\" data-src=\"https:\/\/www.camping-tournon.fr\/wp-content\/uploads\/2021\/03\/location-tente-tournon.jpg\" alt=\"location tente tournon\" class=\"images_image p-b-1\" \/><\/div><div class=\"image\"><img decoding=\"async\" src=\"https:\/\/www.camping-tournon.fr\/wp-content\/uploads\/2023\/07\/le-rhone-camping-emplacement-100x73.jpg\" data-src=\"https:\/\/www.camping-tournon.fr\/wp-content\/uploads\/2023\/07\/le-rhone-camping-emplacement.jpg\" alt=\"emplacements camping\" class=\"images_image\" \/><\/div><\/div><\/div><div class=\"element colonne p-0 p-l-1 mozaique-verticale w-28\"><div class=\"element images scroll-x-mobile\"><div class=\"image\"><img decoding=\"async\" src=\"https:\/\/www.camping-tournon.fr\/wp-content\/uploads\/2021\/03\/tente-emplacement-1-67x100.jpg\" data-src=\"https:\/\/www.camping-tournon.fr\/wp-content\/uploads\/2021\/03\/tente-emplacement-1.jpg\" alt=\"tente emplacement\" class=\"images_image\" \/><\/div><\/div><\/div><div class=\"element colonne p-l-4 p-r-8 w-44 valign-self-center\"><h2 class=\"element section-title left inner-h2 gauche\">STELLPL\u00c4TZE INMITTEN VON GR\u00dcNANLAGEN<\/h2><div class=\"element bloc-text justify \">\n\t<p>In einem <strong class=\"bold color1\">bewaldeten Park von 1,9 ha<\/strong> direkt am Wasser, warum bis zur letzten Minute warten?<\/p>\n<p>Haben Sie Pr\u00e4ferenzen oder waren Sie bereits <strong class=\"bold color1\">auf dem Camping Le Rh\u00f4ne<\/strong> (ex camping de Tournon HPA) und wissen, welchen Stellplatz Sie f\u00fcr Ihren n\u00e4chsten Aufenthalt im <strong class=\"bold color1\">Camping Caravaning<\/strong> w\u00e4hlen sollen? <\/p>\n<p>Oder haben Sie Lust, uns Ihren Wunsch nach einer <strong class=\"bold color1\">privilegierten Lage<\/strong> zu verraten, wie z.B. die N\u00e4he zum Schwimmbad oder den Blick auf die Rh\u00f4ne?<\/p>\n<p>Unser Team wird sein Bestes tun, um Ihre Anfrage zu erf\u00fcllen. Buchen Sie Ihren <strong class=\"bold color1\">Caravaning-Stellplatz<\/strong> rechtzeitig, um sicher zu gehen, dass Sie Ihren bevorzugten <strong class=\"bold color1\">Urlaubsort<\/strong> genie\u00dfen, auf dem Campingplatz Le Rh\u00f4ne in Rh\u00f4ne-Alpes.<\/p>\n<\/div><\/div><\/div><\/div><\/section>\n\n<section id=\"section-60521d60d57ac\"\" class=\"section bg-white p-t-0 p-b-0\" \/><div class=\"container full\"><div class=\"element images scroll-x-mobile\"><div class=\"image\"><img decoding=\"async\" src=\"https:\/\/www.camping-tournon.fr\/wp-content\/uploads\/2021\/03\/camping-car-sejour-100x97.jpg\" data-src=\"https:\/\/www.camping-tournon.fr\/wp-content\/uploads\/2021\/03\/camping-car-sejour.jpg\" alt=\"camping car sejour\" class=\"images_image\" \/><\/div><div class=\"image\"><img decoding=\"async\" src=\"https:\/\/www.camping-tournon.fr\/wp-content\/uploads\/2021\/03\/emplacement-location-100x97.jpg\" data-src=\"https:\/\/www.camping-tournon.fr\/wp-content\/uploads\/2021\/03\/emplacement-location.jpg\" alt=\"emplacement location\" class=\"images_image\" \/><\/div><div class=\"image\"><img decoding=\"async\" src=\"https:\/\/www.camping-tournon.fr\/wp-content\/uploads\/2021\/03\/location-emplacement-1-100x97.jpg\" data-src=\"https:\/\/www.camping-tournon.fr\/wp-content\/uploads\/2021\/03\/location-emplacement-1.jpg\" alt=\"location emplacement\" class=\"images_image\" \/><\/div><div class=\"image\"><img decoding=\"async\" src=\"https:\/\/www.camping-tournon.fr\/wp-content\/uploads\/2021\/03\/tentes-emplacement-100x97.jpg\" data-src=\"https:\/\/www.camping-tournon.fr\/wp-content\/uploads\/2021\/03\/tentes-emplacement.jpg\" alt=\"tentes emplacement\" class=\"images_image\" \/><\/div><\/div><\/div><\/section>\n\n<section id=\"section-last\"\" class=\"section home-second bg-white p-t-0 p-b-0\" \/><div class=\"container full\"><div class=\"colonnes-wrap valign-top p-t-1 p-b-1\"><div class=\"element colonne p-l-4 p-r-8 w-44 valign-self-center\"><h2 class=\"element section-title left inner-h2 droite\">BEHEIZTE SANIT\u00c4RANLAGEN ZU IHRER VERF\u00dcGUNG<\/h2><div class=\"element bloc-text justify \">\n\t<p>Der Campingplatz Tournon verf\u00fcgt \u00fcber <strong class=\"bold color1\">zwei beheizte Sanit\u00e4ranlagen<\/strong>, die mit ausgestattet sind:<\/p>\n<ul>\n<li>Duschen<\/li>\n<li>Lavabos<\/li>\n<li>Ich wei\u00df nicht, ob ich jemals wieder in der Lage sein werde, das zu tun<\/li>\n<li>Waschraum<\/li>\n<li>Sanit\u00e4r PMR \u2026<\/li>\n<\/ul>\n<p>Ein unabh\u00e4ngiger Ablasser, der speziell zum Entleeren und Sp\u00fclen Ihrer Chemietoilettenkassette ausgestattet ist.<\/p>\n<\/div><h2 class=\"element section-title left m-t-4 droite\">EINEN SERVICEBEREICH F\u00dcR REISEBUSSE<\/h2><div class=\"element bloc-text justify \">\n\t<p>Zelt, Wohnwagen, Wohnmobil, Sie sind alle willkommen auf <strong class=\"bold color1\">Camping Le Rh\u00f4ne in Tournon sur Rh\u00f4ne<\/strong>, gegen\u00fcber von Tain l&#8217;Hermitage. F\u00fcr einen Caravaning-Aufenthalt k\u00f6nnen Sie einen unserer flachen und stabilisierten Stellpl\u00e4tze w\u00e4hlen und dabei von den besten Preisen profitieren. Ein <strong class=\"bold color1\">Entleerungsplatz<\/strong> f\u00fcr Wohnmobile steht ebenfalls zur Verf\u00fcgung.<\/p>\n<p>Auf dem Campingplatz Ard\u00e8che bieten wir auch Mobilheime zur Miete an, um Ihren <strong class=\"bold color1\">Aufenthalt in der Dr\u00f4me<\/strong> in aller Ruhe zu genie\u00dfen.<\/p>\n<\/div><\/div><div class=\"element colonne p-0 mozaique-verticale w-28\"><div class=\"element images scroll-x-mobile\"><div class=\"image\"><img decoding=\"async\" src=\"https:\/\/www.camping-tournon.fr\/wp-content\/uploads\/2021\/03\/camping-sejour-67x100.jpg\" data-src=\"https:\/\/www.camping-tournon.fr\/wp-content\/uploads\/2021\/03\/camping-sejour.jpg\" alt=\"camping sejour\" class=\"images_image\" \/><\/div><\/div><\/div><div class=\"element colonne p-0 p-l-1 mozaique-verticale w-28\"><div class=\"element images scroll-x-mobile\"><div class=\"image\"><img decoding=\"async\" src=\"https:\/\/www.camping-tournon.fr\/wp-content\/uploads\/2021\/03\/camping-car-emplacement-1-100x73.jpg\" data-src=\"https:\/\/www.camping-tournon.fr\/wp-content\/uploads\/2021\/03\/camping-car-emplacement-1.jpg\" alt=\"camping car emplacement\" class=\"images_image p-b-1\" \/><\/div><div class=\"image\"><img decoding=\"async\" src=\"https:\/\/www.camping-tournon.fr\/wp-content\/uploads\/2023\/07\/camping-tournon-rhone-caravane-100x73.jpg\" data-src=\"https:\/\/www.camping-tournon.fr\/wp-content\/uploads\/2023\/07\/camping-tournon-rhone-caravane.jpg\" alt=\"camping car\" class=\"images_image\" \/><\/div><\/div><\/div><\/div><\/div><\/section>\n\n<section id=\"section-60536994c6d05\"\" class=\"section bg-white\" \/><div class=\"container extralarge\"><h2 class=\"element section-title center titre-cta deco-vague\">Unsere Preise und Vermietungen auf dem Campingplatz<\/h2><ul class=\"liste-de-page scroll-x-mobile\"><li class=\"element call-to-action center titre-cta deco-vague call-to-action--style-1 call-to-action--big\"><a href=\"https:\/\/www.camping-tournon.fr\/de\/billig-camping-tournon\/\"  class=\"call-to-action_link\" title=\"Lesen Sie mehr \u00fcber unsere preise\"><div class=\"call-to-action_image\"><img decoding=\"async\" src=\"https:\/\/www.camping-tournon.fr\/wp-content\/uploads\/2021\/03\/location-pas-cher-tournon-100x56.jpg\" data-src=\"https:\/\/www.camping-tournon.fr\/wp-content\/uploads\/2021\/03\/location-pas-cher-tournon.jpg\" alt=\"location pas cher tournon\" class=\"big\" \/><div class=\"call-to-action_contenu\"><div class=\"call-to-action_titre\">Unsere Preise<\/div><\/div><\/div><\/a><\/li><li class=\"element call-to-action center titre-cta deco-vague call-to-action--style-1 call-to-action--big call-to-action--style-1 call-to-action--big\"><a href=\"https:\/\/www.camping-tournon.fr\/de\/wohnmobilvermietung-tournon\/\"  class=\"call-to-action_link\" title=\"Lesen Sie mehr \u00fcber unsere mobilheime\"><div class=\"call-to-action_image\"><img decoding=\"async\" src=\"https:\/\/www.camping-tournon.fr\/wp-content\/uploads\/2021\/03\/mobil-home-camping-100x56.jpg\" data-src=\"https:\/\/www.camping-tournon.fr\/wp-content\/uploads\/2021\/03\/mobil-home-camping.jpg\" alt=\"mobil-home camping\" class=\"big\" \/><div class=\"call-to-action_contenu\"><div class=\"call-to-action_titre\">Unsere Mobilheime<\/div><\/div><\/div><\/a><\/li><li class=\"element call-to-action center titre-cta deco-vague call-to-action--style-1 call-to-action--big call-to-action--style-1 call-to-action--big call-to-action--style-1 call-to-action--big\"><a href=\"https:\/\/www.camping-tournon.fr\/de\/schwimmbad-tournon\/\"  class=\"call-to-action_link\" title=\"Lesen Sie mehr \u00fcber der pool\"><div class=\"call-to-action_image\"><img decoding=\"async\" src=\"https:\/\/www.camping-tournon.fr\/wp-content\/uploads\/2021\/03\/piscine-chauffee-ardeche-100x56.jpg\" data-src=\"https:\/\/www.camping-tournon.fr\/wp-content\/uploads\/2021\/03\/piscine-chauffee-ardeche.jpg\" alt=\"piscine chauff\u00e9e Ard\u00e8che\" class=\"big\" \/><div class=\"call-to-action_contenu\"><div class=\"call-to-action_titre\">Der Pool<\/div><\/div><\/div><\/a><\/li><\/ul><\/div><\/section>","protected":false},"excerpt":{"rendered":"","protected":false},"author":1,"featured_media":1115,"parent":0,"menu_order":0,"comment_status":"closed","ping_status":"closed","template":"","meta":{"footnotes":""},"class_list":["post-1736","page","type-page","status-publish","has-post-thumbnail","hentry"],"acf":[],"yoast_head":"<!-- This site is optimized with the Yoast SEO plugin v21.9 - https:\/\/yoast.com\/wordpress\/plugins\/seo\/ -->\n<title>Stellplatz mieten in Ard\u00e8che Verte | Caravaning in Tournon<\/title>\n<meta name=\"robots\" content=\"index, follow, max-snippet:-1, max-image-preview:large, max-video-preview:-1\" \/>\n<link rel=\"canonical\" href=\"https:\/\/www.camping-tournon.fr\/de\/stellplatzvermietung-tournon\/\" \/>\n<meta property=\"og:locale\" content=\"de_DE\" \/>\n<meta property=\"og:type\" content=\"article\" \/>\n<meta property=\"og:title\" content=\"Stellplatz mieten in Ard\u00e8che Verte | Caravaning in Tournon\" \/>\n<meta property=\"og:url\" content=\"https:\/\/www.camping-tournon.fr\/de\/stellplatzvermietung-tournon\/\" \/>\n<meta property=\"og:site_name\" content=\"Camping Tournon\" \/>\n<meta property=\"article:modified_time\" content=\"2023-08-21T08:51:08+00:00\" \/>\n<meta property=\"og:image\" content=\"https:\/\/www.camping-tournon.fr\/wp-content\/uploads\/2021\/03\/allee-emplacements.jpg\" \/>\n\t<meta property=\"og:image:width\" content=\"1904\" \/>\n\t<meta property=\"og:image:height\" content=\"500\" \/>\n\t<meta property=\"og:image:type\" content=\"image\/jpeg\" \/>\n<meta name=\"twitter:card\" content=\"summary_large_image\" \/>\n<script type=\"application\/ld+json\" class=\"yoast-schema-graph\">{\"@context\":\"https:\/\/schema.org\",\"@graph\":[{\"@type\":\"WebPage\",\"@id\":\"https:\/\/www.camping-tournon.fr\/de\/stellplatzvermietung-tournon\/\",\"url\":\"https:\/\/www.camping-tournon.fr\/de\/stellplatzvermietung-tournon\/\",\"name\":\"Stellplatz mieten in Ard\u00e8che Verte | Caravaning in Tournon\",\"isPartOf\":{\"@id\":\"https:\/\/www.camping-tournon.fr\/de\/#website\"},\"datePublished\":\"2021-03-16T09:14:47+00:00\",\"dateModified\":\"2023-08-21T08:51:08+00:00\",\"breadcrumb\":{\"@id\":\"https:\/\/www.camping-tournon.fr\/de\/stellplatzvermietung-tournon\/#breadcrumb\"},\"inLanguage\":\"de\",\"potentialAction\":[{\"@type\":\"ReadAction\",\"target\":[\"https:\/\/www.camping-tournon.fr\/de\/stellplatzvermietung-tournon\/\"]}]},{\"@type\":\"BreadcrumbList\",\"@id\":\"https:\/\/www.camping-tournon.fr\/de\/stellplatzvermietung-tournon\/#breadcrumb\",\"itemListElement\":[{\"@type\":\"ListItem\",\"position\":1,\"name\":\"Camping Ard\u00e8che\",\"item\":\"https:\/\/www.camping-tournon.fr\/de\/\"},{\"@type\":\"ListItem\",\"position\":2,\"name\":\"Standort Ard\u00e8che Verte\"}]},{\"@type\":\"WebSite\",\"@id\":\"https:\/\/www.camping-tournon.fr\/de\/#website\",\"url\":\"https:\/\/www.camping-tournon.fr\/de\/\",\"name\":\"Camping Tournon\",\"description\":\"\",\"potentialAction\":[{\"@type\":\"SearchAction\",\"target\":{\"@type\":\"EntryPoint\",\"urlTemplate\":\"https:\/\/www.camping-tournon.fr\/de\/?s={search_term_string}\"},\"query-input\":\"required name=search_term_string\"}],\"inLanguage\":\"de\"}]}<\/script>\n<!-- \/ Yoast SEO plugin. -->","yoast_head_json":{"title":"Stellplatz mieten in Ard\u00e8che Verte | Caravaning in Tournon","robots":{"index":"index","follow":"follow","max-snippet":"max-snippet:-1","max-image-preview":"max-image-preview:large","max-video-preview":"max-video-preview:-1"},"canonical":"https:\/\/www.camping-tournon.fr\/de\/stellplatzvermietung-tournon\/","og_locale":"de_DE","og_type":"article","og_title":"Stellplatz mieten in Ard\u00e8che Verte | Caravaning in Tournon","og_url":"https:\/\/www.camping-tournon.fr\/de\/stellplatzvermietung-tournon\/","og_site_name":"Camping Tournon","article_modified_time":"2023-08-21T08:51:08+00:00","og_image":[{"width":1904,"height":500,"url":"https:\/\/www.camping-tournon.fr\/wp-content\/uploads\/2021\/03\/allee-emplacements.jpg","type":"image\/jpeg"}],"twitter_card":"summary_large_image","schema":{"@context":"https:\/\/schema.org","@graph":[{"@type":"WebPage","@id":"https:\/\/www.camping-tournon.fr\/de\/stellplatzvermietung-tournon\/","url":"https:\/\/www.camping-tournon.fr\/de\/stellplatzvermietung-tournon\/","name":"Stellplatz mieten in Ard\u00e8che Verte | Caravaning in Tournon","isPartOf":{"@id":"https:\/\/www.camping-tournon.fr\/de\/#website"},"datePublished":"2021-03-16T09:14:47+00:00","dateModified":"2023-08-21T08:51:08+00:00","breadcrumb":{"@id":"https:\/\/www.camping-tournon.fr\/de\/stellplatzvermietung-tournon\/#breadcrumb"},"inLanguage":"de","potentialAction":[{"@type":"ReadAction","target":["https:\/\/www.camping-tournon.fr\/de\/stellplatzvermietung-tournon\/"]}]},{"@type":"BreadcrumbList","@id":"https:\/\/www.camping-tournon.fr\/de\/stellplatzvermietung-tournon\/#breadcrumb","itemListElement":[{"@type":"ListItem","position":1,"name":"Camping Ard\u00e8che","item":"https:\/\/www.camping-tournon.fr\/de\/"},{"@type":"ListItem","position":2,"name":"Standort Ard\u00e8che Verte"}]},{"@type":"WebSite","@id":"https:\/\/www.camping-tournon.fr\/de\/#website","url":"https:\/\/www.camping-tournon.fr\/de\/","name":"Camping Tournon","description":"","potentialAction":[{"@type":"SearchAction","target":{"@type":"EntryPoint","urlTemplate":"https:\/\/www.camping-tournon.fr\/de\/?s={search_term_string}"},"query-input":"required name=search_term_string"}],"inLanguage":"de"}]}},"_links":{"self":[{"href":"https:\/\/www.camping-tournon.fr\/de\/wp-json\/wp\/v2\/pages\/1736","targetHints":{"allow":["GET"]}}],"collection":[{"href":"https:\/\/www.camping-tournon.fr\/de\/wp-json\/wp\/v2\/pages"}],"about":[{"href":"https:\/\/www.camping-tournon.fr\/de\/wp-json\/wp\/v2\/types\/page"}],"author":[{"embeddable":true,"href":"https:\/\/www.camping-tournon.fr\/de\/wp-json\/wp\/v2\/users\/1"}],"replies":[{"embeddable":true,"href":"https:\/\/www.camping-tournon.fr\/de\/wp-json\/wp\/v2\/comments?post=1736"}],"version-history":[{"count":11,"href":"https:\/\/www.camping-tournon.fr\/de\/wp-json\/wp\/v2\/pages\/1736\/revisions"}],"predecessor-version":[{"id":2259,"href":"https:\/\/www.camping-tournon.fr\/de\/wp-json\/wp\/v2\/pages\/1736\/revisions\/2259"}],"wp:featuredmedia":[{"embeddable":true,"href":"https:\/\/www.camping-tournon.fr\/de\/wp-json\/wp\/v2\/media\/1115"}],"wp:attachment":[{"href":"https:\/\/www.camping-tournon.fr\/de\/wp-json\/wp\/v2\/media?parent=1736"}],"curies":[{"name":"wp","href":"https:\/\/api.w.org\/{rel}","templated":true}]}}