{"id":1741,"date":"2021-03-16T10:14:08","date_gmt":"2021-03-16T09:14:08","guid":{"rendered":"https:\/\/www.camping-tournon.fr\/camping-restauration-tournon\/"},"modified":"2023-07-24T10:52:25","modified_gmt":"2023-07-24T08:52:25","slug":"camping-restaurierung-tournon","status":"publish","type":"page","link":"https:\/\/www.camping-tournon.fr\/de\/camping-restaurierung-tournon\/","title":{"rendered":"Le camping et ses services"},"content":{"rendered":"<section id=\"section-60521d60d4e11\"\" class=\"section bg-white\" \/><div class=\"container extralarge\"><h1 class=\"element section-title center deco-vague m-b-8\">Camping mit Snackbar in Tournon<\/h1><div class=\"element bloc-text center \">\n\t<p>Ein Fluss, Weinberge, ein Stadtzentrum, ein Hafen&#8230; Hier sind Sie in <strong class=\"bold color1\">Tournon sur Rh\u00f4ne<\/strong>. Vom <a href=\"\/de\/\">Camping Le Rh\u00f4ne<\/a> aus tauchen Sie v\u00f6llig ein in <strong class=\"bold color1\">das Treiben der Rh\u00f4ne<\/strong>, ihre K\u00e4hne, ihre Kreuzfahrtschiffe, ihre Fischer. Sie werden es genie\u00dfen, die <strong class=\"bold color1\">Weinreben der Hermitage-H\u00e4nge<\/strong> zu beobachten, wie sie sich im Laufe der Jahreszeiten entwickeln.<\/p>\n<\/div><\/div><\/section>\n\n<section id=\"section-60521d60d54ff\"\" class=\"section bg-color3 p-t-0 p-b-0\" \/><div class=\"container full\"><div class=\"colonnes-wrap valign-top p-t-1 p-b-1\"><div class=\"element colonne p-0 mozaique-verticale w-28\"><div class=\"element images scroll-x-mobile\"><div class=\"image\"><img decoding=\"async\" src=\"https:\/\/www.camping-tournon.fr\/wp-content\/uploads\/2021\/03\/barbecue-electrique-tournon-100x75.jpg\" data-src=\"https:\/\/www.camping-tournon.fr\/wp-content\/uploads\/2021\/03\/barbecue-electrique-tournon.jpg\" alt=\"barbecue electrique tournon\" class=\"images_image p-b-1\" \/><\/div><div class=\"image\"><img decoding=\"async\" src=\"https:\/\/www.camping-tournon.fr\/wp-content\/uploads\/2023\/07\/terrasse-accueil-tournon-100x74.jpg\" data-src=\"https:\/\/www.camping-tournon.fr\/wp-content\/uploads\/2023\/07\/terrasse-accueil-tournon.jpg\" alt=\"vin rhone\" class=\"images_image\" \/><\/div><\/div><\/div><div class=\"element colonne p-0 p-l-1 mozaique-verticale w-28\"><div class=\"element images scroll-x-mobile\"><div class=\"image\"><img decoding=\"async\" src=\"https:\/\/www.camping-tournon.fr\/wp-content\/uploads\/2021\/04\/velo-location-services-63x100.jpg\" data-src=\"https:\/\/www.camping-tournon.fr\/wp-content\/uploads\/2021\/04\/velo-location-services.jpg\" alt=\"location velo tournon\" class=\"images_image\" \/><\/div><\/div><\/div><div class=\"element colonne p-l-4 p-r-8 w-44 valign-self-center\"><h2 class=\"element section-title left inner-h2 gauche\">Vermietungen und Lebensmittel in Ard\u00e8che Verte<\/h2><h3 class=\"element section-title left inner-h3 gauche\">Startseite<\/h3><div class=\"element bloc-text justify \">\n\t<p>Die <strong class=\"bold color1\">Rezeption des Campingplatzes<\/strong> le Rh\u00f4ne ist t\u00e4glich von 9 bis 12 Uhr und von 16 bis 19 Uhr in der Nebensaison und von 9 bis 12 Uhr und von 14 bis 19 Uhr in der Hauptsaison (Juli-August) ge\u00f6ffnet.<\/p>\n<p>Ein <strong class=\"bold color1\">junges und dynamisches Team<\/strong> steht zu Ihrer Verf\u00fcgung, um Sie immer besser zu bedienen, alle Ihre Fragen zu beantworten und Ihnen die <strong class=\"bold color1\">touristischen Informationen<\/strong> zu bringen, die Sie f\u00fcr Ihren Besuch in der Region ben\u00f6tigen.<\/p>\n<\/div><h3 class=\"element section-title left inner-h3 m-t-4 gauche\">Verschiedene Vermietungen<\/h3><div class=\"element bloc-text justify \">\n\t<ul>\n<li><strong class=\"bold color1\">Grillverleih<\/strong> : Sommer reimt sich auf Entspannung. Zu Ihrem Vergn\u00fcgen k\u00f6nnen Sie vor Ort elektrische Grills f\u00fcr einen Tag oder eine Woche mieten.<\/li>\n<li><strong class=\"bold color1\">Bettzeugverleih<\/strong> : Reisen Sie mit leichtem Gep\u00e4ck, und buchen Sie Ihr Bettzeug f\u00fcr Ihre Wohnmobilvermietung. Keine Sorge, kein \u00c4rger, wir arbeiten mit einer W\u00e4scherei zusammen. Muss vor Ihrer Ankunft gebucht werden.<\/li>\n<li><strong class=\"bold color1\">Fahrradverleih<\/strong> : Wir arbeiten mit zwei Fahrradverleihern zusammen. M\u00f6glichkeit der Vermietung von Elektrofahrr\u00e4dern. Im Bedarfsfall k\u00f6nnen Sie sich direkt an die Gesch\u00e4fte :Tournon Cycles oder Intersport in Tournon sur Rh\u00f4ne wenden. Eine Reservierung vor Ihrem Aufenthalt ist unbedingt erforderlich.<\/li>\n<\/ul>\n<\/div><h3 class=\"element section-title left inner-h3 m-t-4 gauche\">Leihgabe von Ger\u00e4ten<\/h3><div class=\"element bloc-text justify \">\n\t<ul>\n<li><strong class=\"bold color1\">Leih-Babybett<\/strong> : auf Anfrage und je nach Verf\u00fcgbarkeit k\u00f6nnen wir Ihnen ein Regenschirm-Bett f\u00fcr Ihr Baby leihen.<\/li>\n<li><strong class=\"bold color1\">Verleih von Spielen<\/strong> : Petanque-Kugeln, Tischtennisschl\u00e4ger.<\/li>\n<li><strong class=\"bold color1\">Europ\u00e4ischer Stromadapter-Verleih<\/strong>: Wenn Sie Ihren Adapter vergessen haben, keine Panik, wir k\u00f6nnen Ihnen einen ausleihen.<\/li>\n<\/ul>\n<\/div><\/div><\/div><\/div><\/section>\n\n<section id=\"section-60521d60d57ac\"\" class=\"section bg-white p-t-0 p-b-0\" \/><div class=\"container full\"><div class=\"element images scroll-x-mobile\"><div class=\"image\"><img decoding=\"async\" src=\"https:\/\/www.camping-tournon.fr\/wp-content\/uploads\/2021\/03\/laverie-draps-100x97.jpg\" data-src=\"https:\/\/www.camping-tournon.fr\/wp-content\/uploads\/2021\/03\/laverie-draps.jpg\" alt=\"laverie draps\" class=\"images_image\" \/><\/div><div class=\"image\"><img decoding=\"async\" src=\"https:\/\/www.camping-tournon.fr\/wp-content\/uploads\/2022\/01\/grillades-brochettes-100x97.jpg\" data-src=\"https:\/\/www.camping-tournon.fr\/wp-content\/uploads\/2022\/01\/grillades-brochettes.jpg\" alt=\"pizza cuisson\" class=\"images_image\" \/><\/div><div class=\"image\"><img decoding=\"async\" src=\"https:\/\/www.camping-tournon.fr\/wp-content\/uploads\/2021\/03\/bebe-lit-100x97.jpg\" data-src=\"https:\/\/www.camping-tournon.fr\/wp-content\/uploads\/2021\/03\/bebe-lit.jpg\" alt=\"bebe lit\" class=\"images_image\" \/><\/div><div class=\"image\"><img decoding=\"async\" src=\"https:\/\/www.camping-tournon.fr\/wp-content\/uploads\/2021\/03\/croissants-viennoisseries-100x97.jpg\" data-src=\"https:\/\/www.camping-tournon.fr\/wp-content\/uploads\/2021\/03\/croissants-viennoisseries.jpg\" alt=\"croissants viennoiseries\" class=\"images_image\" \/><\/div><\/div><\/div><\/section>\n\n<section id=\"section-first\"\" class=\"section bg-white p-t-0 p-b-0\" \/><div class=\"container full\"><div class=\"colonnes-wrap valign-top p-t-1 p-b-1\"><div class=\"element colonne p-l-4 p-r-8 w-44 valign-self-center\"><h3 class=\"element section-title left inner-h3 droite\">Waschsalon in Tournon<\/h3><div class=\"element bloc-text justify \">\n\t<p>Eine professionelle Ausr\u00fcstung steht Ihnen zur Verf\u00fcgung. Eine Waschmaschine und ein Trockner mit einer Kapazit\u00e4t von 10 kg sind im W\u00e4scherei-Teil der Sanit\u00e4ranlagen zug\u00e4nglich.<\/p>\n<\/div><h3 class=\"element section-title left m-t-4 droite\">Wifi in Ard\u00e8che Verte<\/h3><div class=\"element bloc-text justify \">\n\t<p>Wifi ist kostenlos. Abdeckung auf dem gesamten Campingplatz. Sie haben von Ihrem Stellplatz oder Ihrer Unterkunft aus Zugang zum WLAN.<\/p>\n<\/div><h3 class=\"element section-title left m-t-4 droite\">Lebensmittelgesch\u00e4ft und Brotladen in Tournon<\/h3><div class=\"element bloc-text justify \">\n\t<p>Ein kleiner Lebensmittelladen steht Ihnen an der Rezeption zur Verf\u00fcgung. Sie finden hier Trockenprodukte der ersten Wahl.<\/p>\n<p>Wir haben auch Qualit\u00e4tsweine ausgew\u00e4hlt, von denen einige aus der Region stammen (Croze Hermitage, St Joseph, Grignan les Adh\u00e9mar, Viognier, Ros\u00e9 du Var).<\/p>\n<p>Frische Getr\u00e4nke zum Mitnehmen und Eiscreme aus dem Miko-Sortiment.<\/p>\n<p>Von Juni bis September k\u00f6nnen Sie Ihr frisches Brot und Geb\u00e4ck an der Rezeption des Campingplatzes bestellen, wenn Sie einen Tag vorher reservieren. <\/p>\n<\/div><\/div><div class=\"element colonne p-0 mozaique-verticale w-28\"><div class=\"element images scroll-x-mobile\"><div class=\"image\"><img decoding=\"async\" src=\"https:\/\/www.camping-tournon.fr\/wp-content\/uploads\/2021\/03\/trampoline-jeux-67x100.jpg\" data-src=\"https:\/\/www.camping-tournon.fr\/wp-content\/uploads\/2021\/03\/trampoline-jeux.jpg\" alt=\"camping avec piscine ardeche\" class=\"images_image\" \/><\/div><\/div><\/div><div class=\"element colonne p-0 p-l-1 mozaique-verticale w-28\"><div class=\"element images scroll-x-mobile\"><div class=\"image\"><img decoding=\"async\" src=\"https:\/\/www.camping-tournon.fr\/wp-content\/uploads\/2021\/03\/wifi-amis-100x73.jpg\" data-src=\"https:\/\/www.camping-tournon.fr\/wp-content\/uploads\/2021\/03\/wifi-amis.jpg\" alt=\"wifi amis\" class=\"images_image p-b-1\" \/><\/div><div class=\"image\"><img decoding=\"async\" src=\"https:\/\/www.camping-tournon.fr\/wp-content\/uploads\/2021\/03\/lit-bebe-100x73.jpg\" data-src=\"https:\/\/www.camping-tournon.fr\/wp-content\/uploads\/2021\/03\/lit-bebe.jpg\" alt=\"lit bebe\" class=\"images_image\" \/><\/div><\/div><\/div><\/div><\/div><\/section>\n\n<section id=\"section-slider\"\" class=\"section bg-white p-t-0 p-b-0\" \/><div class=\"container full\"><div class=\"element images scroll-x-mobile\"><div class=\"image\"><img decoding=\"async\" src=\"https:\/\/www.camping-tournon.fr\/wp-content\/uploads\/2021\/03\/serviettes-machine-100x97.jpg\" data-src=\"https:\/\/www.camping-tournon.fr\/wp-content\/uploads\/2021\/03\/serviettes-machine.jpg\" alt=\"serviettes machine\" class=\"images_image\" \/><\/div><div class=\"image\"><img decoding=\"async\" src=\"https:\/\/www.camping-tournon.fr\/wp-content\/uploads\/2021\/03\/boisson-jus-100x97.jpg\" data-src=\"https:\/\/www.camping-tournon.fr\/wp-content\/uploads\/2021\/03\/boisson-jus.jpg\" alt=\"boisson jus\" class=\"images_image\" \/><\/div><div class=\"image\"><img decoding=\"async\" src=\"https:\/\/www.camping-tournon.fr\/wp-content\/uploads\/2021\/03\/petis-pains-100x97.jpg\" data-src=\"https:\/\/www.camping-tournon.fr\/wp-content\/uploads\/2021\/03\/petis-pains.jpg\" alt=\"petis pains\" class=\"images_image\" \/><\/div><div class=\"image\"><img decoding=\"async\" src=\"https:\/\/www.camping-tournon.fr\/wp-content\/uploads\/2021\/03\/serviettes-linge-100x97.jpg\" data-src=\"https:\/\/www.camping-tournon.fr\/wp-content\/uploads\/2021\/03\/serviettes-linge.jpg\" alt=\"serviettes linge\" class=\"images_image\" \/><\/div><\/div><\/div><\/section>\n\n<section id=\"section-last\"\" class=\"section bg-color3 p-t-0 p-b-0\" \/><div class=\"container full\"><div class=\"colonnes-wrap valign-top p-t-1 p-b-1\"><div class=\"element colonne p-0 mozaique-verticale w-28\"><div class=\"element images scroll-x-mobile\"><div class=\"image\"><img decoding=\"async\" src=\"https:\/\/www.camping-tournon.fr\/wp-content\/uploads\/2021\/03\/pain-cuisson-100x73.jpg\" data-src=\"https:\/\/www.camping-tournon.fr\/wp-content\/uploads\/2021\/03\/pain-cuisson.jpg\" alt=\"pain cuisson\" class=\"images_image p-b-1\" \/><\/div><div class=\"image\"><img decoding=\"async\" src=\"https:\/\/www.camping-tournon.fr\/wp-content\/uploads\/2021\/03\/croisants-dejeuner-100x73.jpg\" data-src=\"https:\/\/www.camping-tournon.fr\/wp-content\/uploads\/2021\/03\/croisants-dejeuner.jpg\" alt=\"croissants dejeuner\" class=\"images_image\" \/><\/div><\/div><\/div><div class=\"element colonne p-0 p-l-1 mozaique-verticale w-28\"><div class=\"element images scroll-x-mobile\"><div class=\"image\"><img decoding=\"async\" src=\"https:\/\/www.camping-tournon.fr\/wp-content\/uploads\/2022\/01\/grillades-67x100.jpg\" data-src=\"https:\/\/www.camping-tournon.fr\/wp-content\/uploads\/2022\/01\/grillades.jpg\" alt=\"pizza repas\" class=\"images_image\" \/><\/div><\/div><\/div><div class=\"element colonne p-l-4 p-r-8 w-44 valign-self-center\"><h3 class=\"element section-title left inner-h3 gauche\">Spielplatz<\/h3><div class=\"element bloc-text justify \">\n\t<p>Camping Le Rh\u00f4ne verf\u00fcgt \u00fcber einen Spielplatz f\u00fcr Kinder bis 10 Jahre mit einer Rutsche, einem Drehkreuz und einer Kletterwand. <\/p>\n<p>Kinder k\u00f6nnen auch das Trampolin genie\u00dfen.<\/p>\n<p>F\u00fcr die \u00c4lteren steht ein Petanque-Platz f\u00fcr gesellige Momente zur Verf\u00fcgung.<\/p>\n<\/div><h2 class=\"element section-title left m-t-4 inner-h2 gauche\">Imbissstube in Tournon<\/h2><h3 class=\"element section-title left inner-h3 m-t-4 gauche\">Fr\u00fchst\u00fcck in der Ard\u00e8che Verte<\/h3><div class=\"element bloc-text justify \">\n\t<p>Um Ihnen den Alltag zu erleichtern, und einfach weil Sie im Urlaub sind, bietet der Rh\u00f4ne-Campingplatz einen Fr\u00fchst\u00fccksservice an. Sie k\u00f6nnen die Terrasse von 8 Uhr bis 10 Uhr genie\u00dfen. <\/p>\n<p>Wir bieten Ihnen hei\u00dfe Getr\u00e4nke, Croissant, Brot mit Butter, Marmelade und Honig, Orangensaft. Dieser Service kann bei der Reservierung bestellt werden.<\/p>\n<\/div><h3 class=\"element section-title left inner-h3 m-t-4 gauche\">SNACK<\/h3><div class=\"element bloc-text justify \">\n\t<p>Ein kleiner Hunger oder einfach keine Lust, den Campingplatz wieder zu verlassen. Die Snackbar bietet Ihnen gelegentlich Pommes frites und Gegrilltes an.<\/p>\n<\/div><\/div><\/div><\/div><\/section>\n\n<section id=\"section-60521d60d6105\"\" class=\"section bg-white\" \/><div class=\"container extralarge\"><div class=\"element section-title center titre-cta deco-vague\">Die weiteren Dienstleistungen des Campingplatzes<\/div><ul class=\"liste-de-page scroll-x-mobile\"><li class=\"element call-to-action center titre-cta deco-vague call-to-action--style-1 call-to-action--normal\"><a href=\"https:\/\/www.camping-tournon.fr\/de\/wohnmobilvermietung-tournon\/\"  class=\"call-to-action_link\" title=\"Lesen Sie mehr \u00fcber unsere mobilheime\"><div class=\"call-to-action_image\"><img decoding=\"async\" src=\"https:\/\/www.camping-tournon.fr\/wp-content\/uploads\/2021\/03\/mobil-home-camping-100x56.jpg\" data-src=\"https:\/\/www.camping-tournon.fr\/wp-content\/uploads\/2021\/03\/mobil-home-camping.jpg\" alt=\"mobil-home camping\" class=\"normal\" \/><div class=\"call-to-action_contenu\"><div class=\"call-to-action_titre\">Unsere Mobilheime<\/div><\/div><\/div><\/a><\/li><li class=\"element call-to-action center titre-cta deco-vague call-to-action--style-1 call-to-action--normal call-to-action--style-1 call-to-action--normal\"><a href=\"https:\/\/www.camping-tournon.fr\/de\/stellplatzvermietung-tournon\/\"  class=\"call-to-action_link\" title=\"Lesen Sie mehr \u00fcber unsere standorte\"><div class=\"call-to-action_image\"><img decoding=\"async\" src=\"https:\/\/www.camping-tournon.fr\/wp-content\/uploads\/2021\/03\/camping-allee-100x56.jpg\" data-src=\"https:\/\/www.camping-tournon.fr\/wp-content\/uploads\/2021\/03\/camping-allee.jpg\" alt=\"camping all\u00e9e\" class=\"normal\" \/><div class=\"call-to-action_contenu\"><div class=\"call-to-action_titre\">Unsere Standorte<\/div><\/div><\/div><\/a><\/li><li class=\"element call-to-action center titre-cta deco-vague call-to-action--style-1 call-to-action--normal call-to-action--style-1 call-to-action--normal call-to-action--style-1 call-to-action--normal\"><a href=\"https:\/\/www.camping-tournon.fr\/de\/schwimmbad-tournon\/\"  class=\"call-to-action_link\" title=\"Lesen Sie mehr \u00fcber der pool\"><div class=\"call-to-action_image\"><img decoding=\"async\" src=\"https:\/\/www.camping-tournon.fr\/wp-content\/uploads\/2021\/03\/piscine-chauffee-ardeche-100x56.jpg\" data-src=\"https:\/\/www.camping-tournon.fr\/wp-content\/uploads\/2021\/03\/piscine-chauffee-ardeche.jpg\" alt=\"piscine chauff\u00e9e Ard\u00e8che\" class=\"normal\" \/><div class=\"call-to-action_contenu\"><div class=\"call-to-action_titre\">Der Pool<\/div><\/div><\/div><\/a><\/li><\/ul><\/div><\/section>","protected":false},"excerpt":{"rendered":"","protected":false},"author":1,"featured_media":1376,"parent":0,"menu_order":0,"comment_status":"closed","ping_status":"closed","template":"","meta":{"footnotes":""},"class_list":["post-1741","page","type-page","status-publish","has-post-thumbnail","hentry"],"acf":[],"yoast_head":"<!-- This site is optimized with the Yoast SEO plugin v21.9 - https:\/\/yoast.com\/wordpress\/plugins\/seo\/ -->\n<title>Camping-Imbiss, Lebensmittelgesch\u00e4ft Ard\u00e8che Verte | Imbiss, Verleih Tournon<\/title>\n<meta name=\"robots\" content=\"index, follow, max-snippet:-1, max-image-preview:large, max-video-preview:-1\" \/>\n<link rel=\"canonical\" href=\"https:\/\/www.camping-tournon.fr\/de\/camping-restaurierung-tournon\/\" \/>\n<meta property=\"og:locale\" content=\"de_DE\" \/>\n<meta property=\"og:type\" content=\"article\" \/>\n<meta property=\"og:title\" content=\"Camping-Imbiss, Lebensmittelgesch\u00e4ft Ard\u00e8che Verte | Imbiss, Verleih Tournon\" \/>\n<meta property=\"og:url\" content=\"https:\/\/www.camping-tournon.fr\/de\/camping-restaurierung-tournon\/\" \/>\n<meta property=\"og:site_name\" content=\"Camping Tournon\" \/>\n<meta property=\"article:modified_time\" content=\"2023-07-24T08:52:25+00:00\" \/>\n<meta property=\"og:image\" content=\"https:\/\/www.camping-tournon.fr\/wp-content\/uploads\/2021\/03\/services-tournon-1.jpg\" \/>\n\t<meta property=\"og:image:width\" content=\"1903\" \/>\n\t<meta property=\"og:image:height\" content=\"500\" \/>\n\t<meta property=\"og:image:type\" content=\"image\/jpeg\" \/>\n<meta name=\"twitter:card\" content=\"summary_large_image\" \/>\n<script type=\"application\/ld+json\" class=\"yoast-schema-graph\">{\"@context\":\"https:\/\/schema.org\",\"@graph\":[{\"@type\":\"WebPage\",\"@id\":\"https:\/\/www.camping-tournon.fr\/de\/camping-restaurierung-tournon\/\",\"url\":\"https:\/\/www.camping-tournon.fr\/de\/camping-restaurierung-tournon\/\",\"name\":\"Camping-Imbiss, Lebensmittelgesch\u00e4ft Ard\u00e8che Verte | Imbiss, Verleih Tournon\",\"isPartOf\":{\"@id\":\"https:\/\/www.camping-tournon.fr\/de\/#website\"},\"datePublished\":\"2021-03-16T09:14:08+00:00\",\"dateModified\":\"2023-07-24T08:52:25+00:00\",\"breadcrumb\":{\"@id\":\"https:\/\/www.camping-tournon.fr\/de\/camping-restaurierung-tournon\/#breadcrumb\"},\"inLanguage\":\"de\",\"potentialAction\":[{\"@type\":\"ReadAction\",\"target\":[\"https:\/\/www.camping-tournon.fr\/de\/camping-restaurierung-tournon\/\"]}]},{\"@type\":\"BreadcrumbList\",\"@id\":\"https:\/\/www.camping-tournon.fr\/de\/camping-restaurierung-tournon\/#breadcrumb\",\"itemListElement\":[{\"@type\":\"ListItem\",\"position\":1,\"name\":\"Camping Ard\u00e8che\",\"item\":\"https:\/\/www.camping-tournon.fr\/de\/\"},{\"@type\":\"ListItem\",\"position\":2,\"name\":\"Camping-Snack, Lebensmittelladen Ard\u00e8che Verte\"}]},{\"@type\":\"WebSite\",\"@id\":\"https:\/\/www.camping-tournon.fr\/de\/#website\",\"url\":\"https:\/\/www.camping-tournon.fr\/de\/\",\"name\":\"Camping Tournon\",\"description\":\"\",\"potentialAction\":[{\"@type\":\"SearchAction\",\"target\":{\"@type\":\"EntryPoint\",\"urlTemplate\":\"https:\/\/www.camping-tournon.fr\/de\/?s={search_term_string}\"},\"query-input\":\"required name=search_term_string\"}],\"inLanguage\":\"de\"}]}<\/script>\n<!-- \/ Yoast SEO plugin. -->","yoast_head_json":{"title":"Camping-Imbiss, Lebensmittelgesch\u00e4ft Ard\u00e8che Verte | Imbiss, Verleih Tournon","robots":{"index":"index","follow":"follow","max-snippet":"max-snippet:-1","max-image-preview":"max-image-preview:large","max-video-preview":"max-video-preview:-1"},"canonical":"https:\/\/www.camping-tournon.fr\/de\/camping-restaurierung-tournon\/","og_locale":"de_DE","og_type":"article","og_title":"Camping-Imbiss, Lebensmittelgesch\u00e4ft Ard\u00e8che Verte | Imbiss, Verleih Tournon","og_url":"https:\/\/www.camping-tournon.fr\/de\/camping-restaurierung-tournon\/","og_site_name":"Camping Tournon","article_modified_time":"2023-07-24T08:52:25+00:00","og_image":[{"width":1903,"height":500,"url":"https:\/\/www.camping-tournon.fr\/wp-content\/uploads\/2021\/03\/services-tournon-1.jpg","type":"image\/jpeg"}],"twitter_card":"summary_large_image","schema":{"@context":"https:\/\/schema.org","@graph":[{"@type":"WebPage","@id":"https:\/\/www.camping-tournon.fr\/de\/camping-restaurierung-tournon\/","url":"https:\/\/www.camping-tournon.fr\/de\/camping-restaurierung-tournon\/","name":"Camping-Imbiss, Lebensmittelgesch\u00e4ft Ard\u00e8che Verte | Imbiss, Verleih Tournon","isPartOf":{"@id":"https:\/\/www.camping-tournon.fr\/de\/#website"},"datePublished":"2021-03-16T09:14:08+00:00","dateModified":"2023-07-24T08:52:25+00:00","breadcrumb":{"@id":"https:\/\/www.camping-tournon.fr\/de\/camping-restaurierung-tournon\/#breadcrumb"},"inLanguage":"de","potentialAction":[{"@type":"ReadAction","target":["https:\/\/www.camping-tournon.fr\/de\/camping-restaurierung-tournon\/"]}]},{"@type":"BreadcrumbList","@id":"https:\/\/www.camping-tournon.fr\/de\/camping-restaurierung-tournon\/#breadcrumb","itemListElement":[{"@type":"ListItem","position":1,"name":"Camping Ard\u00e8che","item":"https:\/\/www.camping-tournon.fr\/de\/"},{"@type":"ListItem","position":2,"name":"Camping-Snack, Lebensmittelladen Ard\u00e8che Verte"}]},{"@type":"WebSite","@id":"https:\/\/www.camping-tournon.fr\/de\/#website","url":"https:\/\/www.camping-tournon.fr\/de\/","name":"Camping Tournon","description":"","potentialAction":[{"@type":"SearchAction","target":{"@type":"EntryPoint","urlTemplate":"https:\/\/www.camping-tournon.fr\/de\/?s={search_term_string}"},"query-input":"required name=search_term_string"}],"inLanguage":"de"}]}},"_links":{"self":[{"href":"https:\/\/www.camping-tournon.fr\/de\/wp-json\/wp\/v2\/pages\/1741","targetHints":{"allow":["GET"]}}],"collection":[{"href":"https:\/\/www.camping-tournon.fr\/de\/wp-json\/wp\/v2\/pages"}],"about":[{"href":"https:\/\/www.camping-tournon.fr\/de\/wp-json\/wp\/v2\/types\/page"}],"author":[{"embeddable":true,"href":"https:\/\/www.camping-tournon.fr\/de\/wp-json\/wp\/v2\/users\/1"}],"replies":[{"embeddable":true,"href":"https:\/\/www.camping-tournon.fr\/de\/wp-json\/wp\/v2\/comments?post=1741"}],"version-history":[{"count":12,"href":"https:\/\/www.camping-tournon.fr\/de\/wp-json\/wp\/v2\/pages\/1741\/revisions"}],"predecessor-version":[{"id":2187,"href":"https:\/\/www.camping-tournon.fr\/de\/wp-json\/wp\/v2\/pages\/1741\/revisions\/2187"}],"wp:featuredmedia":[{"embeddable":true,"href":"https:\/\/www.camping-tournon.fr\/de\/wp-json\/wp\/v2\/media\/1376"}],"wp:attachment":[{"href":"https:\/\/www.camping-tournon.fr\/de\/wp-json\/wp\/v2\/media?parent=1741"}],"curies":[{"name":"wp","href":"https:\/\/api.w.org\/{rel}","templated":true}]}}