{"id":1744,"date":"2021-03-16T10:14:18","date_gmt":"2021-03-16T09:14:18","guid":{"rendered":"https:\/\/www.camping-tournon.fr\/camping-piscine-tournon\/"},"modified":"2025-05-14T15:14:32","modified_gmt":"2025-05-14T13:14:32","slug":"schwimmbad-tournon","status":"publish","type":"page","link":"https:\/\/www.camping-tournon.fr\/de\/schwimmbad-tournon\/","title":{"rendered":"La piscine"},"content":{"rendered":"<section id=\"section-60521d60d4e11\"\" class=\"section bg-white\" \/><div class=\"container extralarge\"><h1 class=\"element section-title center deco-vague\">Camping beheiztes Schwimmbad in Ard\u00e8che Verte<\/h1><\/div><\/section>\n\n<section id=\"section-60521d60d54ff\"\" class=\"section bg-color3 p-t-0 p-b-0\" \/><div class=\"container full\"><div class=\"colonnes-wrap valign-top p-t-1 p-b-1\"><div class=\"element colonne p-0 mozaique-verticale w-28\"><div class=\"element images scroll-x-mobile\"><div class=\"image\"><img decoding=\"async\" src=\"https:\/\/www.camping-tournon.fr\/wp-content\/uploads\/2021\/03\/piscine-soleil-rhone-100x72.jpg\" data-src=\"https:\/\/www.camping-tournon.fr\/wp-content\/uploads\/2021\/03\/piscine-soleil-rhone.jpg\" alt=\"piscine soleil rhone\" class=\"images_image p-b-1\" \/><\/div><div class=\"image\"><img decoding=\"async\" src=\"https:\/\/www.camping-tournon.fr\/wp-content\/uploads\/2021\/03\/camping-piscine-rhone-100x74.jpg\" data-src=\"https:\/\/www.camping-tournon.fr\/wp-content\/uploads\/2021\/03\/camping-piscine-rhone.jpg\" alt=\"camping piscine rhone\" class=\"images_image\" \/><\/div><\/div><\/div><div class=\"element colonne p-0 p-l-1 mozaique-verticale w-28\"><div class=\"element images scroll-x-mobile\"><div class=\"image\"><img decoding=\"async\" src=\"https:\/\/www.camping-tournon.fr\/wp-content\/uploads\/2021\/03\/piscine-bord-rhone-62x100.jpg\" data-src=\"https:\/\/www.camping-tournon.fr\/wp-content\/uploads\/2021\/03\/piscine-bord-rhone.jpg\" alt=\"piscine bord rhone\" class=\"images_image\" \/><\/div><\/div><\/div><div class=\"element colonne p-l-4 p-r-8 w-44 valign-self-center\"><h2 class=\"element section-title left inner-h2 gauche\">Wasserfl\u00e4che in der Ard\u00e8che Verte<\/h2><div class=\"element bloc-text justify \">\n\t<p>Sie suchen einen <a href=\"\/de\/\">Camping Ardeche verte<\/a> mit Schwimmbad. Ein Schwimmbad, das vom 15. Mai bis zum 15. September ge\u00f6ffnet und beheizt ist.\u00a0Ausgestattet mit Liegest\u00fchlen und Sonnenschirmen finden Sie allen Komfort, um <strong class=\"bold color1\">zu entspannen und einen Traumurlaub zu verbringen<\/strong>.<\/p>\n<p>Als Familie oder solo, jung und alt, Sie sind alle willkommen, <strong class=\"bold color1\">unvergessliche Ferien<\/strong> zu erleben&#8230;<\/p>\n<\/div><h2 class=\"element section-title left m-t-4 gauche\">Beheiztes Schwimmbad in Tournon<\/h2><div class=\"element bloc-text justify \">\n\t<p>Was gibt es <strong class=\"bold color1\">Angenehmeres als Schwimmen<\/strong> auf einem Ardeche-Campingplatz mit beheiztem Pool ab Mai bei 28\u00b0C. Unser Pool ist f\u00fcr alle geeignet und durchgehend 1,20 m tief. <\/p>\n<p>So k\u00f6nnen Sie ohne Risiko schwimmen, trainieren und spielen. Bei uns gibt es keine Wasserrutschen, wir m\u00f6chten <strong class=\"bold color1\">den Respekt und die Ruhe des Ortes bewahren<\/strong>. <\/p>\n<\/div><h2 class=\"element section-title left m-t-4 gauche\">Sonnenbaden und Sonnenschirme in einer Strohh\u00fctte<\/h2><div class=\"element bloc-text justify \">\n\t<p>Rund um den <strong class=\"bold color1\">beheizten Swimmingpool<\/strong> finden Sie Sonnenliegen und Strohh\u00fctten-Sonnenschirme. Hier k\u00f6nnen Sie <strong class=\"bold color1\">entspannen<\/strong> und <strong class=\"bold color1\">das mediterrane Klima<\/strong> des Rh\u00f4netals genie\u00dfen. <\/p>\n<p>W\u00e4hrend Sie ein <strong class=\"bold color1\">Sonnenbad<\/strong> genie\u00dfen, k\u00f6nnen Sie Ihren Lieblingsbesch\u00e4ftigungen wie Lesen, Kreuzwortr\u00e4tseln oder einfach nur Entspannen nachgehen.  <\/p>\n<\/div><\/div><\/div><\/div><\/section>\n\n<section id=\"section-60521d60d57ac\"\" class=\"section bg-white p-t-0 p-b-0\" \/><div class=\"container full\"><div class=\"element images scroll-x-mobile\"><div class=\"image\"><img decoding=\"async\" src=\"https:\/\/www.camping-tournon.fr\/wp-content\/uploads\/2021\/03\/camping-avec-piscine-rhone-100x96.jpg\" data-src=\"https:\/\/www.camping-tournon.fr\/wp-content\/uploads\/2021\/03\/camping-avec-piscine-rhone-e1616507422947.jpg\" alt=\"camping avec piscine rhone\" class=\"images_image\" \/><\/div><div class=\"image\"><img decoding=\"async\" src=\"https:\/\/www.camping-tournon.fr\/wp-content\/uploads\/2021\/03\/activite-piscine-rhone-100x96.jpg\" data-src=\"https:\/\/www.camping-tournon.fr\/wp-content\/uploads\/2021\/03\/activite-piscine-rhone-e1616507402587.jpg\" alt=\"activite piscine rhone\" class=\"images_image\" \/><\/div><div class=\"image\"><img decoding=\"async\" src=\"https:\/\/www.camping-tournon.fr\/wp-content\/uploads\/2021\/03\/pataugeoire-rhone-100x96.jpg\" data-src=\"https:\/\/www.camping-tournon.fr\/wp-content\/uploads\/2021\/03\/pataugeoire-rhone-e1616507357883.jpg\" alt=\"pataugeoire rhone\" class=\"images_image\" \/><\/div><div class=\"image\"><img decoding=\"async\" src=\"https:\/\/www.camping-tournon.fr\/wp-content\/uploads\/2021\/03\/enfant-piscine-rhone-100x96.jpg\" data-src=\"https:\/\/www.camping-tournon.fr\/wp-content\/uploads\/2021\/03\/enfant-piscine-rhone-e1616507452764.jpg\" alt=\"enfant piscine rhone\" class=\"images_image\" \/><\/div><\/div><\/div><\/section>\n\n<section id=\"section-last\"\" class=\"section bg-white p-t-0 p-b-0\" \/><div class=\"container full\"><div class=\"colonnes-wrap valign-top p-t-1 p-b-1\"><div class=\"element colonne p-l-4 p-r-8 w-44 valign-self-center\"><h2 class=\"element section-title left inner-h2 droite\">Eine sch\u00f6ne Aussicht vom Pool <\/h2><div class=\"element bloc-text justify \">\n\t<p>Es gibt nichts Besseres f\u00fcr einen Tapetenwechsel, als in der Sonne zu liegen mit einem <strong class=\"bold color1\">prachtvollen Blick auf die Rh\u00f4ne<\/strong> und die <strong class=\"bold color1\">Hermitage-H\u00fcgel<\/strong> im Hintergrund. <\/p>\n<p>Ein <strong class=\"bold color1\">real seaside<\/strong> im Landesinneren. Sie werden von der Ruhe des Ortes \u00fcberrascht sein und in aller Gelassenheit <strong class=\"bold color1\">unser Sonnenbad<\/strong> genie\u00dfen, nachdem Sie ein paar Bahnen in unserem <strong class=\"bold color1\">beheizten Pool<\/strong> gezogen haben. <\/p>\n<\/div><h2 class=\"element section-title left m-t-4 droite\">Ein Schwimmbad im Herzen von Tournon sur Rh\u00f4ne<\/h2><div class=\"element bloc-text justify \">\n\t<p>Schon im Herzen der Stadt und nach einem Spaziergang durch unser <strong class=\"bold color1\">sch\u00f6nes Touristendorf Tournon sur Rh\u00f4ne<\/strong> m\u00fcssen Sie nur noch Ihren <strong class=\"bold color1\">Schwimmanzug f\u00fcr ein Bad<\/strong> in unserem beheizten Schwimmbad auf dem Campingplatz Tournon anziehen. <\/p>\n<p>Keine Notwendigkeit, das Auto wieder zu nehmen, um zum Markt zu gehen, um durch die Stadt zu gehen, keine Parkplatzsorgen, nur gute Zeiten!!!<\/p>\n<p><strong class=\"bold color1\">Unser Campingplatz mit beheiztem Schwimmbad in der Ard\u00e8che erwartet Sie&#8230;.<\/strong> <\/p>\n<\/div><\/div><div class=\"element colonne p-0 mozaique-verticale w-28\"><div class=\"element images scroll-x-mobile\"><div class=\"image\"><img decoding=\"async\" src=\"https:\/\/www.camping-tournon.fr\/wp-content\/uploads\/2021\/03\/camping-avec-piscine-ardeche-68x100.jpg\" data-src=\"https:\/\/www.camping-tournon.fr\/wp-content\/uploads\/2021\/03\/camping-avec-piscine-ardeche.jpg\" alt=\"camping avec piscine ardeche\" class=\"images_image\" \/><\/div><\/div><\/div><div class=\"element colonne p-0 p-l-1 mozaique-verticale w-28\"><div class=\"element images scroll-x-mobile\"><div class=\"image\"><img decoding=\"async\" src=\"https:\/\/www.camping-tournon.fr\/wp-content\/uploads\/2021\/03\/piscine-chauffee-100x72.jpg\" data-src=\"https:\/\/www.camping-tournon.fr\/wp-content\/uploads\/2021\/03\/piscine-chauffee.jpg\" alt=\"piscine chauff\u00e9e\" class=\"images_image p-b-1\" \/><\/div><div class=\"image\"><img decoding=\"async\" src=\"https:\/\/www.camping-tournon.fr\/wp-content\/uploads\/2021\/03\/piscine-bord-rhone-auvergne-100x72.jpg\" data-src=\"https:\/\/www.camping-tournon.fr\/wp-content\/uploads\/2021\/03\/piscine-bord-rhone-auvergne.jpg\" alt=\"piscine bord rhone auvergne\" class=\"images_image\" \/><\/div><\/div><\/div><\/div><\/div><\/section>\n\n<section id=\"section-60521d60d6105\"\" class=\"section bg-white\" \/><div class=\"container extralarge\"><div class=\"element section-title center titre-cta deco-vague\">Unsere weiteren Dienstleistungen auf dem Campingplatz<\/div><ul class=\"liste-de-page scroll-x-mobile\"><li class=\"element call-to-action center titre-cta deco-vague call-to-action--style-1 call-to-action--normal\"><a href=\"https:\/\/www.camping-tournon.fr\/de\/wohnmobilvermietung-tournon\/\"  class=\"call-to-action_link\" title=\"Lesen Sie mehr \u00fcber unsere mobilheime\"><div class=\"call-to-action_image\"><img decoding=\"async\" src=\"https:\/\/www.camping-tournon.fr\/wp-content\/uploads\/2021\/03\/mobil-home-camping-100x56.jpg\" data-src=\"https:\/\/www.camping-tournon.fr\/wp-content\/uploads\/2021\/03\/mobil-home-camping.jpg\" alt=\"mobil-home camping\" class=\"normal\" \/><div class=\"call-to-action_contenu\"><div class=\"call-to-action_titre\">Unsere Mobilheime<\/div><\/div><\/div><\/a><\/li><li class=\"element call-to-action center titre-cta deco-vague call-to-action--style-1 call-to-action--normal call-to-action--style-1 call-to-action--normal\"><a href=\"https:\/\/www.camping-tournon.fr\/de\/stellplatzvermietung-tournon\/\"  class=\"call-to-action_link\" title=\"Lesen Sie mehr \u00fcber unsere standorte\"><div class=\"call-to-action_image\"><img decoding=\"async\" src=\"https:\/\/www.camping-tournon.fr\/wp-content\/uploads\/2021\/03\/camping-allee-100x56.jpg\" data-src=\"https:\/\/www.camping-tournon.fr\/wp-content\/uploads\/2021\/03\/camping-allee.jpg\" alt=\"camping all\u00e9e\" class=\"normal\" \/><div class=\"call-to-action_contenu\"><div class=\"call-to-action_titre\">Unsere Standorte<\/div><\/div><\/div><\/a><\/li><li class=\"element call-to-action center titre-cta deco-vague call-to-action--style-1 call-to-action--normal call-to-action--style-1 call-to-action--normal call-to-action--style-1 call-to-action--normal\"><a href=\"https:\/\/www.camping-tournon.fr\/de\/camping-restaurierung-tournon\/\"  class=\"call-to-action_link\" title=\"Lesen Sie mehr \u00fcber unsere dienstleistungen und unser restaurant\"><div class=\"call-to-action_image\"><img decoding=\"async\" src=\"https:\/\/www.camping-tournon.fr\/wp-content\/uploads\/2021\/03\/famille-caravane-100x56.jpg\" data-src=\"https:\/\/www.camping-tournon.fr\/wp-content\/uploads\/2021\/03\/famille-caravane.jpg\" alt=\"famille-caravane\" class=\"normal\" \/><div class=\"call-to-action_contenu\"><div class=\"call-to-action_titre\">Unsere Dienstleistungen und unser Restaurant<\/div><\/div><\/div><\/a><\/li><\/ul><\/div><\/section>","protected":false},"excerpt":{"rendered":"","protected":false},"author":1,"featured_media":535,"parent":0,"menu_order":0,"comment_status":"closed","ping_status":"closed","template":"","meta":{"footnotes":""},"class_list":["post-1744","page","type-page","status-publish","has-post-thumbnail","hentry"],"acf":[],"yoast_head":"<!-- This site is optimized with the Yoast SEO plugin v21.9 - https:\/\/yoast.com\/wordpress\/plugins\/seo\/ -->\n<title>Camping beheiztes Schwimmbad Tournon | Espace aquatique Ard\u00e8che Verte<\/title>\n<meta name=\"robots\" content=\"index, follow, max-snippet:-1, max-image-preview:large, max-video-preview:-1\" \/>\n<link rel=\"canonical\" href=\"https:\/\/www.camping-tournon.fr\/de\/schwimmbad-tournon\/\" \/>\n<meta property=\"og:locale\" content=\"de_DE\" \/>\n<meta property=\"og:type\" content=\"article\" \/>\n<meta property=\"og:title\" content=\"Camping beheiztes Schwimmbad Tournon | Espace aquatique Ard\u00e8che Verte\" \/>\n<meta property=\"og:url\" content=\"https:\/\/www.camping-tournon.fr\/de\/schwimmbad-tournon\/\" \/>\n<meta property=\"og:site_name\" content=\"Camping Tournon\" \/>\n<meta property=\"article:modified_time\" content=\"2025-05-14T13:14:32+00:00\" \/>\n<meta property=\"og:image\" content=\"https:\/\/www.camping-tournon.fr\/wp-content\/uploads\/2021\/03\/piscine-ardeche.jpg\" \/>\n\t<meta property=\"og:image:width\" content=\"1903\" \/>\n\t<meta property=\"og:image:height\" content=\"500\" \/>\n\t<meta property=\"og:image:type\" content=\"image\/jpeg\" \/>\n<meta name=\"twitter:card\" content=\"summary_large_image\" \/>\n<script type=\"application\/ld+json\" class=\"yoast-schema-graph\">{\"@context\":\"https:\/\/schema.org\",\"@graph\":[{\"@type\":\"WebPage\",\"@id\":\"https:\/\/www.camping-tournon.fr\/de\/schwimmbad-tournon\/\",\"url\":\"https:\/\/www.camping-tournon.fr\/de\/schwimmbad-tournon\/\",\"name\":\"Camping beheiztes Schwimmbad Tournon | Espace aquatique Ard\u00e8che Verte\",\"isPartOf\":{\"@id\":\"https:\/\/www.camping-tournon.fr\/de\/#website\"},\"datePublished\":\"2021-03-16T09:14:18+00:00\",\"dateModified\":\"2025-05-14T13:14:32+00:00\",\"breadcrumb\":{\"@id\":\"https:\/\/www.camping-tournon.fr\/de\/schwimmbad-tournon\/#breadcrumb\"},\"inLanguage\":\"de\",\"potentialAction\":[{\"@type\":\"ReadAction\",\"target\":[\"https:\/\/www.camping-tournon.fr\/de\/schwimmbad-tournon\/\"]}]},{\"@type\":\"BreadcrumbList\",\"@id\":\"https:\/\/www.camping-tournon.fr\/de\/schwimmbad-tournon\/#breadcrumb\",\"itemListElement\":[{\"@type\":\"ListItem\",\"position\":1,\"name\":\"Camping Ard\u00e8che\",\"item\":\"https:\/\/www.camping-tournon.fr\/de\/\"},{\"@type\":\"ListItem\",\"position\":2,\"name\":\"Camping Schwimmbad Tournon\"}]},{\"@type\":\"WebSite\",\"@id\":\"https:\/\/www.camping-tournon.fr\/de\/#website\",\"url\":\"https:\/\/www.camping-tournon.fr\/de\/\",\"name\":\"Camping Tournon\",\"description\":\"\",\"potentialAction\":[{\"@type\":\"SearchAction\",\"target\":{\"@type\":\"EntryPoint\",\"urlTemplate\":\"https:\/\/www.camping-tournon.fr\/de\/?s={search_term_string}\"},\"query-input\":\"required name=search_term_string\"}],\"inLanguage\":\"de\"}]}<\/script>\n<!-- \/ Yoast SEO plugin. -->","yoast_head_json":{"title":"Camping beheiztes Schwimmbad Tournon | Espace aquatique Ard\u00e8che Verte","robots":{"index":"index","follow":"follow","max-snippet":"max-snippet:-1","max-image-preview":"max-image-preview:large","max-video-preview":"max-video-preview:-1"},"canonical":"https:\/\/www.camping-tournon.fr\/de\/schwimmbad-tournon\/","og_locale":"de_DE","og_type":"article","og_title":"Camping beheiztes Schwimmbad Tournon | Espace aquatique Ard\u00e8che Verte","og_url":"https:\/\/www.camping-tournon.fr\/de\/schwimmbad-tournon\/","og_site_name":"Camping Tournon","article_modified_time":"2025-05-14T13:14:32+00:00","og_image":[{"width":1903,"height":500,"url":"https:\/\/www.camping-tournon.fr\/wp-content\/uploads\/2021\/03\/piscine-ardeche.jpg","type":"image\/jpeg"}],"twitter_card":"summary_large_image","schema":{"@context":"https:\/\/schema.org","@graph":[{"@type":"WebPage","@id":"https:\/\/www.camping-tournon.fr\/de\/schwimmbad-tournon\/","url":"https:\/\/www.camping-tournon.fr\/de\/schwimmbad-tournon\/","name":"Camping beheiztes Schwimmbad Tournon | Espace aquatique Ard\u00e8che Verte","isPartOf":{"@id":"https:\/\/www.camping-tournon.fr\/de\/#website"},"datePublished":"2021-03-16T09:14:18+00:00","dateModified":"2025-05-14T13:14:32+00:00","breadcrumb":{"@id":"https:\/\/www.camping-tournon.fr\/de\/schwimmbad-tournon\/#breadcrumb"},"inLanguage":"de","potentialAction":[{"@type":"ReadAction","target":["https:\/\/www.camping-tournon.fr\/de\/schwimmbad-tournon\/"]}]},{"@type":"BreadcrumbList","@id":"https:\/\/www.camping-tournon.fr\/de\/schwimmbad-tournon\/#breadcrumb","itemListElement":[{"@type":"ListItem","position":1,"name":"Camping Ard\u00e8che","item":"https:\/\/www.camping-tournon.fr\/de\/"},{"@type":"ListItem","position":2,"name":"Camping Schwimmbad Tournon"}]},{"@type":"WebSite","@id":"https:\/\/www.camping-tournon.fr\/de\/#website","url":"https:\/\/www.camping-tournon.fr\/de\/","name":"Camping Tournon","description":"","potentialAction":[{"@type":"SearchAction","target":{"@type":"EntryPoint","urlTemplate":"https:\/\/www.camping-tournon.fr\/de\/?s={search_term_string}"},"query-input":"required name=search_term_string"}],"inLanguage":"de"}]}},"_links":{"self":[{"href":"https:\/\/www.camping-tournon.fr\/de\/wp-json\/wp\/v2\/pages\/1744","targetHints":{"allow":["GET"]}}],"collection":[{"href":"https:\/\/www.camping-tournon.fr\/de\/wp-json\/wp\/v2\/pages"}],"about":[{"href":"https:\/\/www.camping-tournon.fr\/de\/wp-json\/wp\/v2\/types\/page"}],"author":[{"embeddable":true,"href":"https:\/\/www.camping-tournon.fr\/de\/wp-json\/wp\/v2\/users\/1"}],"replies":[{"embeddable":true,"href":"https:\/\/www.camping-tournon.fr\/de\/wp-json\/wp\/v2\/comments?post=1744"}],"version-history":[{"count":7,"href":"https:\/\/www.camping-tournon.fr\/de\/wp-json\/wp\/v2\/pages\/1744\/revisions"}],"predecessor-version":[{"id":2333,"href":"https:\/\/www.camping-tournon.fr\/de\/wp-json\/wp\/v2\/pages\/1744\/revisions\/2333"}],"wp:featuredmedia":[{"embeddable":true,"href":"https:\/\/www.camping-tournon.fr\/de\/wp-json\/wp\/v2\/media\/535"}],"wp:attachment":[{"href":"https:\/\/www.camping-tournon.fr\/de\/wp-json\/wp\/v2\/media?parent=1744"}],"curies":[{"name":"wp","href":"https:\/\/api.w.org\/{rel}","templated":true}]}}