{"id":1747,"date":"2021-03-16T10:15:24","date_gmt":"2021-03-16T09:15:24","guid":{"rendered":"https:\/\/www.camping-tournon.fr\/camping-drome\/"},"modified":"2021-04-06T14:49:15","modified_gmt":"2021-04-06T12:49:15","slug":"campingplatz-drome","status":"publish","type":"page","link":"https:\/\/www.camping-tournon.fr\/de\/campingplatz-drome\/","title":{"rendered":"La dr\u00f4me"},"content":{"rendered":"<section id=\"section-60521d60d4e11\"\" class=\"section bg-white\" \/><div class=\"container extralarge\"><h1 class=\"element section-title center deco-vague m-b-8\">Camping in der N\u00e4he der Dr\u00f4me<\/h1><div class=\"element bloc-text center \">\n\t<p>20 Minuten von Valence, 1 Stunde von Lyon und Grenoble entfernt, grenzt das Departement Dr\u00f4me an die Ard\u00e8che und Is\u00e8re.<\/p>\n<\/div><\/div><\/section>\n\n<section id=\"section-60521d60d54ff\"\" class=\"section bg-color3 p-t-0 p-b-0\" \/><div class=\"container full\"><div class=\"colonnes-wrap valign-top p-t-1 p-b-1\"><div class=\"element colonne p-0 mozaique-verticale w-28\"><div class=\"element images scroll-x-mobile\"><div class=\"image\"><img decoding=\"async\" src=\"https:\/\/www.camping-tournon.fr\/wp-content\/uploads\/2021\/03\/parc-jouvet-100x73.jpg\" data-src=\"https:\/\/www.camping-tournon.fr\/wp-content\/uploads\/2021\/03\/parc-jouvet.jpg\" alt=\"parc jouvet\" class=\"images_image p-b-1\" \/><\/div><div class=\"image\"><img decoding=\"async\" src=\"https:\/\/www.camping-tournon.fr\/wp-content\/uploads\/2021\/03\/vin-blanc-rhone-1-100x74.jpg\" data-src=\"https:\/\/www.camping-tournon.fr\/wp-content\/uploads\/2021\/03\/vin-blanc-rhone-1.jpg\" alt=\"vin blanc rhone\" class=\"images_image\" \/><\/div><\/div><\/div><div class=\"element colonne p-0 p-l-1 mozaique-verticale w-28\"><div class=\"element images scroll-x-mobile\"><div class=\"image\"><img decoding=\"async\" src=\"https:\/\/www.camping-tournon.fr\/wp-content\/uploads\/2021\/03\/drome-paysage-67x100.jpg\" data-src=\"https:\/\/www.camping-tournon.fr\/wp-content\/uploads\/2021\/03\/drome-paysage.jpg\" alt=\"drome paysage\" class=\"images_image\" \/><\/div><\/div><\/div><div class=\"element colonne p-l-4 p-r-8 w-44 valign-self-center\"><h2 class=\"element section-title left inner-h2 gauche\">Pr\u00e4sentation der Dr\u00f4me<\/h2><div class=\"element bloc-text justify \">\n\t<p>Wenn wir \u00fcber dieses Departement sprechen, denken wir sofort an die <strong class=\"bold color1\">Dr\u00f4me Proven\u00e7ale mit dem Ch\u00e2teau de Grignan<\/strong>, Buis les Baronnies, Saint Paul les trois ch\u00e2teaux&#8230;. <\/p>\n<p>Im Zentrum des Tals der Gastronomie bietet uns die Dr\u00f4me des collines <strong class=\"bold color1\">Gourmet-Sch\u00e4tze<\/strong>. Kommen Sie und probieren Sie die <strong class=\"bold color1\">Valrhona-Schokoladen<\/strong>, die Nougats von Mont\u00e9limar, die Ravioles von Romans und seine Pognes. Aber Achtung, kein Gericht ohne Wein: die C\u00f4tes du Rh\u00f4ne (Clairette de Die, Croze Hermitage&#8230;.) warten auf Sie&#8230; <\/p>\n<p>Sie werden auch von den <strong class=\"bold color1\">Sightseeing-Touren wie Le Palais Id\u00e9al du facteur Cheval<\/strong>, dem Crest-Turm, Wanderungen im Vercors und dem Besuch von Valence und seinem Jouvet-Park begeistert sein. Naturliebhaber, wir laden Sie ein, Ihre <strong class=\"bold color1\">Kanufahrt auf der Dr\u00f4me<\/strong> zu buchen. Auf der Seite der Pont en Royans befindet sich der Garten der <strong class=\"bold color1\">furchterregenden Brunnen<\/strong>.  <\/p>\n<p>Mit dem Fahrrad wird die ViaRh\u00f4na zu gleichen Teilen von der Dr\u00f4me und der Ard\u00e8che befahren. <\/p>\n<p>Bei Regen k\u00f6nnen Sie das Schuhmuseum besuchen oder in den Fabrikl\u00e4den in Romans sur Is\u00e8re einkaufen. Vergessen Sie nicht, <strong class=\"bold color1\">Lafuma in Anneyron<\/strong> zu besuchen.<\/p>\n<\/div><\/div><\/div><\/div><\/section>\n\n<section id=\"section-60521d60d57ac\"\" class=\"section bg-white p-t-0 p-b-0\" \/><div class=\"container full\"><div class=\"element images scroll-x-mobile\"><div class=\"image\"><img decoding=\"async\" src=\"https:\/\/www.camping-tournon.fr\/wp-content\/uploads\/2021\/03\/pont-en-royans-100x97.jpg\" data-src=\"https:\/\/www.camping-tournon.fr\/wp-content\/uploads\/2021\/03\/pont-en-royans-e1616508021614.jpg\" alt=\"pont en royans\" class=\"images_image\" \/><\/div><div class=\"image\"><img decoding=\"async\" src=\"https:\/\/www.camping-tournon.fr\/wp-content\/uploads\/2021\/03\/abricots-recolte-100x79.jpg\" data-src=\"https:\/\/www.camping-tournon.fr\/wp-content\/uploads\/2021\/03\/abricots-recolte.jpg\" alt=\"abricots recolte\" class=\"images_image\" \/><\/div><div class=\"image\"><img decoding=\"async\" src=\"https:\/\/www.camping-tournon.fr\/wp-content\/uploads\/2021\/03\/vercors-vue-100x97.jpg\" data-src=\"https:\/\/www.camping-tournon.fr\/wp-content\/uploads\/2021\/03\/vercors-vue-e1616507937504.jpg\" alt=\"vercors vue\" class=\"images_image\" \/><\/div><div class=\"image\"><img decoding=\"async\" src=\"https:\/\/www.camping-tournon.fr\/wp-content\/uploads\/2021\/03\/drome-parc-jouvet-100x97.jpg\" data-src=\"https:\/\/www.camping-tournon.fr\/wp-content\/uploads\/2021\/03\/drome-parc-jouvet-e1616507921419.jpg\" alt=\"drome parc jouvet\" class=\"images_image\" \/><\/div><\/div><\/div><\/section>\n\n<section id=\"section-last\"\" class=\"section bg-white p-t-0 p-b-0\" \/><div class=\"container full\"><div class=\"colonnes-wrap valign-top p-t-1 p-b-1\"><div class=\"element colonne p-l-4 p-r-8 w-44 valign-self-center\"><h2 class=\"element section-title left inner-h2 droite\">Campingplatz Tournon idealer Ort, um die Dr\u00f4me zu besuchen<\/h2><div class=\"element bloc-text justify \">\n\t<p>Nachdem Sie die Geheimnisse, die die gr\u00fcne Ardeche birgt, entdeckt haben, machen Sie einen Abstecher in die Dr\u00f4me und besuchen Sie deren sehenswerte Orte. Am Ende des Tages k\u00f6nnen Sie sich auf dem <a href=\"\/de\/\">Camping Tournon<\/a> entspannen und eine sch\u00f6ne Zeit mit Ihrer Familie verbringen.<\/p>\n<ul>\n<li>In 1 km Entfernung: Die <strong class=\"bold color1\">Cit\u00e9 du Chocolat<\/strong> und die Schokoladenfabrik Valrhona in Tain l&#8217;Hermitage<\/li>\n<li>Bei 1 km: Das <strong class=\"bold color1\">Voie verte v\u00e9lo<\/strong><\/li>\n<li>In 2 km Entfernung : <strong class=\"bold color1\">Die Weinkeller<\/strong> : Cave de Tain, Chapoutier, Domaine Jaboulet A\u00een\u00e9 in Tain l&#8217;Hermitage<\/li>\n<li>In 15 km Entfernung: Die Stadt Valence mit ihrem <strong class=\"bold color1\">Parc Jouvet<\/strong>, ihren Kan\u00e4len, ihren Gesch\u00e4ften&#8230;<\/li>\n<li>Bei 15 km : Der <strong class=\"bold color1\">See von Champos in St Donat<\/strong> sur Herbasse<\/li>\n<li>Bei 20 km: <strong class=\"bold color1\">Fabrikl\u00e4den in Romans<\/strong> sur Is\u00e8re<\/li>\n<li>Bei km 30: Das Radboot bei <strong class=\"bold color1\">Saint-Nazaire-en-Royans<\/strong> <\/li>\n<li>Bei 40 km: Der <strong class=\"bold color1\">Palais id\u00e9al du facteur Cheval<\/strong> in Hauterives<\/li>\n<li>Bei km 56: Die, <strong class=\"bold color1\">La Tour de Crest<\/strong>, der Abstieg der Dr\u00f4me mit dem Kanu<\/li>\n<\/ul>\n<\/div><\/div><div class=\"element colonne p-0 mozaique-verticale w-28\"><div class=\"element images scroll-x-mobile\"><div class=\"image\"><img decoding=\"async\" src=\"https:\/\/www.camping-tournon.fr\/wp-content\/uploads\/2021\/03\/musee-chocolat-drome-65x100.jpg\" data-src=\"https:\/\/www.camping-tournon.fr\/wp-content\/uploads\/2021\/03\/musee-chocolat-drome.jpg\" alt=\"mus\u00e9e chocolat drome\" class=\"images_image\" \/><\/div><\/div><\/div><div class=\"element colonne p-0 p-l-1 mozaique-verticale w-28\"><div class=\"element images scroll-x-mobile\"><div class=\"image\"><img decoding=\"async\" src=\"https:\/\/www.camping-tournon.fr\/wp-content\/uploads\/2021\/03\/riviere-canoe-100x73.jpg\" data-src=\"https:\/\/www.camping-tournon.fr\/wp-content\/uploads\/2021\/03\/riviere-canoe.jpg\" alt=\"riviere canoe\" class=\"images_image p-b-1\" \/><\/div><div class=\"image\"><img decoding=\"async\" src=\"https:\/\/www.camping-tournon.fr\/wp-content\/uploads\/2021\/03\/palais-facteur-cheval-100x75.jpg\" data-src=\"https:\/\/www.camping-tournon.fr\/wp-content\/uploads\/2021\/03\/palais-facteur-cheval.jpg\" alt=\"palais facteur cheval\" class=\"images_image\" \/><\/div><\/div><\/div><\/div><\/div><\/section>\n\n<section id=\"section-60521d60d6105\"\" class=\"section bg-white\" \/><div class=\"container extralarge\"><div class=\"element section-title center titre-cta deco-vague\">Die Ard\u00e8che und die Umgebung des Campingplatzes<\/div><ul class=\"liste-de-page scroll-x-mobile\"><li class=\"element call-to-action center titre-cta deco-vague call-to-action--style-1 call-to-action--normal\"><a href=\"https:\/\/www.camping-tournon.fr\/de\/wohnmobilvermietung-tournon\/\"  class=\"call-to-action_link\" title=\"Lesen Sie mehr \u00fcber unsere mobilheime\"><div class=\"call-to-action_image\"><img decoding=\"async\" src=\"https:\/\/www.camping-tournon.fr\/wp-content\/uploads\/2021\/03\/mobil-home-camping-100x56.jpg\" data-src=\"https:\/\/www.camping-tournon.fr\/wp-content\/uploads\/2021\/03\/mobil-home-camping.jpg\" alt=\"mobil-home camping\" class=\"normal\" \/><div class=\"call-to-action_contenu\"><div class=\"call-to-action_titre\">Unsere Mobilheime<\/div><\/div><\/div><\/a><\/li><li class=\"element call-to-action center titre-cta deco-vague call-to-action--style-1 call-to-action--normal call-to-action--style-1 call-to-action--normal\"><a href=\"https:\/\/www.camping-tournon.fr\/de\/campingplatz-ardeche-verte\/\"  class=\"call-to-action_link\" title=\"Lesen Sie mehr \u00fcber gr\u00fcne ard\u00e8che\"><div class=\"call-to-action_image\"><img decoding=\"async\" src=\"https:\/\/www.camping-tournon.fr\/wp-content\/uploads\/2021\/03\/vue-paysage-100x56.jpg\" data-src=\"https:\/\/www.camping-tournon.fr\/wp-content\/uploads\/2021\/03\/vue-paysage.jpg\" alt=\"vue paysage\" class=\"normal\" \/><div class=\"call-to-action_contenu\"><div class=\"call-to-action_titre\">Gr\u00fcne Ard\u00e8che<\/div><\/div><\/div><\/a><\/li><li class=\"element call-to-action center titre-cta deco-vague call-to-action--style-1 call-to-action--normal call-to-action--style-1 call-to-action--normal call-to-action--style-1 call-to-action--normal\"><a href=\"https:\/\/www.camping-tournon.fr\/de\/camping-aktivitaten-tournon\/\"  class=\"call-to-action_link\" title=\"Lesen Sie mehr \u00fcber zu erledigende aktivit\u00e4ten\"><div class=\"call-to-action_image\"><img decoding=\"async\" src=\"https:\/\/www.camping-tournon.fr\/wp-content\/uploads\/2021\/03\/vue-paysage-rhone-100x56.jpg\" data-src=\"https:\/\/www.camping-tournon.fr\/wp-content\/uploads\/2021\/03\/vue-paysage-rhone.jpg\" alt=\"vue-paysage-rhone\" class=\"normal\" \/><div class=\"call-to-action_contenu\"><div class=\"call-to-action_titre\">Zu erledigende Aktivit\u00e4ten<\/div><\/div><\/div><\/a><\/li><\/ul><\/div><\/section>","protected":false},"excerpt":{"rendered":"","protected":false},"author":1,"featured_media":901,"parent":0,"menu_order":0,"comment_status":"closed","ping_status":"closed","template":"","meta":{"footnotes":""},"class_list":["post-1747","page","type-page","status-publish","has-post-thumbnail","hentry"],"acf":[],"yoast_head":"<!-- This site is optimized with the Yoast SEO plugin v21.9 - https:\/\/yoast.com\/wordpress\/plugins\/seo\/ -->\n<title>Campingplatz in der N\u00e4he von Dr\u00f4me | Aktivit\u00e4ten und Sehensw\u00fcrdigkeiten in Dr\u00f4me<\/title>\n<meta name=\"robots\" content=\"index, follow, max-snippet:-1, max-image-preview:large, max-video-preview:-1\" \/>\n<link rel=\"canonical\" href=\"https:\/\/www.camping-tournon.fr\/de\/campingplatz-drome\/\" \/>\n<meta property=\"og:locale\" content=\"de_DE\" \/>\n<meta property=\"og:type\" content=\"article\" \/>\n<meta property=\"og:title\" content=\"Campingplatz in der N\u00e4he von Dr\u00f4me | Aktivit\u00e4ten und Sehensw\u00fcrdigkeiten in Dr\u00f4me\" \/>\n<meta property=\"og:url\" content=\"https:\/\/www.camping-tournon.fr\/de\/campingplatz-drome\/\" \/>\n<meta property=\"og:site_name\" content=\"Camping Tournon\" \/>\n<meta property=\"article:modified_time\" content=\"2021-04-06T12:49:15+00:00\" \/>\n<meta property=\"og:image\" content=\"https:\/\/www.camping-tournon.fr\/wp-content\/uploads\/2021\/03\/vue-drome.jpg\" \/>\n\t<meta property=\"og:image:width\" content=\"1901\" \/>\n\t<meta property=\"og:image:height\" content=\"500\" \/>\n\t<meta property=\"og:image:type\" content=\"image\/jpeg\" \/>\n<meta name=\"twitter:card\" content=\"summary_large_image\" \/>\n<script type=\"application\/ld+json\" class=\"yoast-schema-graph\">{\"@context\":\"https:\/\/schema.org\",\"@graph\":[{\"@type\":\"WebPage\",\"@id\":\"https:\/\/www.camping-tournon.fr\/de\/campingplatz-drome\/\",\"url\":\"https:\/\/www.camping-tournon.fr\/de\/campingplatz-drome\/\",\"name\":\"Campingplatz in der N\u00e4he von Dr\u00f4me | Aktivit\u00e4ten und Sehensw\u00fcrdigkeiten in Dr\u00f4me\",\"isPartOf\":{\"@id\":\"https:\/\/www.camping-tournon.fr\/de\/#website\"},\"datePublished\":\"2021-03-16T09:15:24+00:00\",\"dateModified\":\"2021-04-06T12:49:15+00:00\",\"breadcrumb\":{\"@id\":\"https:\/\/www.camping-tournon.fr\/de\/campingplatz-drome\/#breadcrumb\"},\"inLanguage\":\"de\",\"potentialAction\":[{\"@type\":\"ReadAction\",\"target\":[\"https:\/\/www.camping-tournon.fr\/de\/campingplatz-drome\/\"]}]},{\"@type\":\"BreadcrumbList\",\"@id\":\"https:\/\/www.camping-tournon.fr\/de\/campingplatz-drome\/#breadcrumb\",\"itemListElement\":[{\"@type\":\"ListItem\",\"position\":1,\"name\":\"Camping Ard\u00e8che\",\"item\":\"https:\/\/www.camping-tournon.fr\/de\/\"},{\"@type\":\"ListItem\",\"position\":2,\"name\":\"Campingplatz bei Dr\u00f4me\"}]},{\"@type\":\"WebSite\",\"@id\":\"https:\/\/www.camping-tournon.fr\/de\/#website\",\"url\":\"https:\/\/www.camping-tournon.fr\/de\/\",\"name\":\"Camping Tournon\",\"description\":\"\",\"potentialAction\":[{\"@type\":\"SearchAction\",\"target\":{\"@type\":\"EntryPoint\",\"urlTemplate\":\"https:\/\/www.camping-tournon.fr\/de\/?s={search_term_string}\"},\"query-input\":\"required name=search_term_string\"}],\"inLanguage\":\"de\"}]}<\/script>\n<!-- \/ Yoast SEO plugin. -->","yoast_head_json":{"title":"Campingplatz in der N\u00e4he von Dr\u00f4me | Aktivit\u00e4ten und Sehensw\u00fcrdigkeiten in Dr\u00f4me","robots":{"index":"index","follow":"follow","max-snippet":"max-snippet:-1","max-image-preview":"max-image-preview:large","max-video-preview":"max-video-preview:-1"},"canonical":"https:\/\/www.camping-tournon.fr\/de\/campingplatz-drome\/","og_locale":"de_DE","og_type":"article","og_title":"Campingplatz in der N\u00e4he von Dr\u00f4me | Aktivit\u00e4ten und Sehensw\u00fcrdigkeiten in Dr\u00f4me","og_url":"https:\/\/www.camping-tournon.fr\/de\/campingplatz-drome\/","og_site_name":"Camping Tournon","article_modified_time":"2021-04-06T12:49:15+00:00","og_image":[{"width":1901,"height":500,"url":"https:\/\/www.camping-tournon.fr\/wp-content\/uploads\/2021\/03\/vue-drome.jpg","type":"image\/jpeg"}],"twitter_card":"summary_large_image","schema":{"@context":"https:\/\/schema.org","@graph":[{"@type":"WebPage","@id":"https:\/\/www.camping-tournon.fr\/de\/campingplatz-drome\/","url":"https:\/\/www.camping-tournon.fr\/de\/campingplatz-drome\/","name":"Campingplatz in der N\u00e4he von Dr\u00f4me | Aktivit\u00e4ten und Sehensw\u00fcrdigkeiten in Dr\u00f4me","isPartOf":{"@id":"https:\/\/www.camping-tournon.fr\/de\/#website"},"datePublished":"2021-03-16T09:15:24+00:00","dateModified":"2021-04-06T12:49:15+00:00","breadcrumb":{"@id":"https:\/\/www.camping-tournon.fr\/de\/campingplatz-drome\/#breadcrumb"},"inLanguage":"de","potentialAction":[{"@type":"ReadAction","target":["https:\/\/www.camping-tournon.fr\/de\/campingplatz-drome\/"]}]},{"@type":"BreadcrumbList","@id":"https:\/\/www.camping-tournon.fr\/de\/campingplatz-drome\/#breadcrumb","itemListElement":[{"@type":"ListItem","position":1,"name":"Camping Ard\u00e8che","item":"https:\/\/www.camping-tournon.fr\/de\/"},{"@type":"ListItem","position":2,"name":"Campingplatz bei Dr\u00f4me"}]},{"@type":"WebSite","@id":"https:\/\/www.camping-tournon.fr\/de\/#website","url":"https:\/\/www.camping-tournon.fr\/de\/","name":"Camping Tournon","description":"","potentialAction":[{"@type":"SearchAction","target":{"@type":"EntryPoint","urlTemplate":"https:\/\/www.camping-tournon.fr\/de\/?s={search_term_string}"},"query-input":"required name=search_term_string"}],"inLanguage":"de"}]}},"_links":{"self":[{"href":"https:\/\/www.camping-tournon.fr\/de\/wp-json\/wp\/v2\/pages\/1747","targetHints":{"allow":["GET"]}}],"collection":[{"href":"https:\/\/www.camping-tournon.fr\/de\/wp-json\/wp\/v2\/pages"}],"about":[{"href":"https:\/\/www.camping-tournon.fr\/de\/wp-json\/wp\/v2\/types\/page"}],"author":[{"embeddable":true,"href":"https:\/\/www.camping-tournon.fr\/de\/wp-json\/wp\/v2\/users\/1"}],"replies":[{"embeddable":true,"href":"https:\/\/www.camping-tournon.fr\/de\/wp-json\/wp\/v2\/comments?post=1747"}],"version-history":[{"count":4,"href":"https:\/\/www.camping-tournon.fr\/de\/wp-json\/wp\/v2\/pages\/1747\/revisions"}],"predecessor-version":[{"id":1855,"href":"https:\/\/www.camping-tournon.fr\/de\/wp-json\/wp\/v2\/pages\/1747\/revisions\/1855"}],"wp:featuredmedia":[{"embeddable":true,"href":"https:\/\/www.camping-tournon.fr\/de\/wp-json\/wp\/v2\/media\/901"}],"wp:attachment":[{"href":"https:\/\/www.camping-tournon.fr\/de\/wp-json\/wp\/v2\/media?parent=1747"}],"curies":[{"name":"wp","href":"https:\/\/api.w.org\/{rel}","templated":true}]}}