{"id":1756,"date":"2021-03-16T10:15:32","date_gmt":"2021-03-16T09:15:32","guid":{"rendered":"https:\/\/www.camping-tournon.fr\/camping-activites-tournon\/"},"modified":"2021-04-06T15:17:32","modified_gmt":"2021-04-06T13:17:32","slug":"camping-aktivitaten-tournon","status":"publish","type":"page","link":"https:\/\/www.camping-tournon.fr\/de\/camping-aktivitaten-tournon\/","title":{"rendered":"Activit\u00e9s \u00e0 faire"},"content":{"rendered":"<section id=\"section-60521d60d4e11\"\" class=\"section bg-white\" \/><div class=\"container extralarge\"><h1 class=\"element section-title center deco-vague\">Dinge zu tun in Dr\u00f4me<\/h1><\/div><\/section>\n\n<section id=\"section-60521d60d54ff\"\" class=\"section bg-color3 p-t-0 p-b-0\" \/><div class=\"container full\"><div class=\"colonnes-wrap valign-top p-t-1 p-b-1\"><div class=\"element colonne p-0 mozaique-verticale w-28\"><div class=\"element images scroll-x-mobile\"><div class=\"image\"><img decoding=\"async\" src=\"https:\/\/www.camping-tournon.fr\/wp-content\/uploads\/2021\/03\/cite-chocolat-100x73.jpg\" data-src=\"https:\/\/www.camping-tournon.fr\/wp-content\/uploads\/2021\/03\/cite-chocolat.jpg\" alt=\"cite chocolat\" class=\"images_image p-b-1\" \/><\/div><div class=\"image\"><img decoding=\"async\" src=\"https:\/\/www.camping-tournon.fr\/wp-content\/uploads\/2021\/03\/train-drome-100x73.jpg\" data-src=\"https:\/\/www.camping-tournon.fr\/wp-content\/uploads\/2021\/03\/train-drome.jpg\" alt=\"train drome\" class=\"images_image\" \/><\/div><\/div><\/div><div class=\"element colonne p-0 p-l-1 mozaique-verticale w-28\"><div class=\"element images scroll-x-mobile\"><div class=\"image\"><img decoding=\"async\" src=\"https:\/\/www.camping-tournon.fr\/wp-content\/uploads\/2021\/03\/velo-viarhona-66x100.jpg\" data-src=\"https:\/\/www.camping-tournon.fr\/wp-content\/uploads\/2021\/03\/velo-viarhona.jpg\" alt=\"velo viarhona\" class=\"images_image\" \/><\/div><\/div><\/div><div class=\"element colonne p-l-4 p-r-8 w-44 valign-self-center\"><h2 class=\"element section-title left inner-h2 gauche\">Der Zug der Ard\u00e8che<\/h2><div class=\"element bloc-text justify \">\n\t<p>Erleben Sie ein unvergessliches<\/strong class=\"bold color1\">Erlebnis<\/strong> in einer au\u00dfergew\u00f6hnlichen Umgebung! Das bietet Ihnen der Train de l&#8217;Ard\u00e8che, fr\u00fcher Mastrou genannt, an. <\/p>\n<p>Eine <strong class=\"bold color1\">Tour von Saint-Jean-de-Muzols nach Lamastre<\/strong> durch die Doux-Schluchten. Eine Aktivit\u00e4t, die Sie mit Ihrer Familie oder Freunden unternehmen k\u00f6nnen.<\/p>\n<\/div><h3 class=\"element section-title left inner-h3 gauche\">Die ViaRh\u00f4na <\/h3><div class=\"element bloc-text justify \">\n\t<p>Eine Fahrradroute, die den <strong class=\"bold color1\">Genfer See mit dem Mittelmeer<\/strong> verbindet, wird Sie von den <strong class=\"bold color1\">au\u00dfergew\u00f6hnlichen Landschaften<\/strong>, die die Rh\u00f4ne bietet, erobern. Geeignet f\u00fcr Sportler und Amateure, haben Sie die M\u00f6glichkeit, f\u00fcr ein paar Stunden oder ein paar Tage einen Spaziergang zu machen. <\/p>\n<p>Ideal gelegen, wird unser Campingplatz Sie f\u00fcr einen <strong class=\"bold color1\">Aufenthalt w\u00e4hrend Ihres Aufenthaltes<\/strong> begr\u00fc\u00dfen k\u00f6nnen.<\/p>\n<\/div><h3 class=\"element section-title left inner-h3 m-t-4 gauche\">Die Stadt der Schokolade <\/h3><div class=\"element bloc-text justify \">\n\t<p>Feinschmecker, seien Sie bereit f\u00fcr ein Geschmackserlebnis&#8230; <strong class=\"bold color1\">M\u00f6gen Sie Schokolade?<\/strong> Die Schokoladenfabrik ValRh\u00f4na empf\u00e4ngt Sie das ganze Jahr \u00fcber, 7 Tage die Woche. <\/p>\n<p>Die Schokolade wird keine Geheimnisse mehr f\u00fcr Sie haben. Ein <strong class=\"bold color1\">Verkaufsshop<\/strong> und der Verkauf an Privatpersonen erm\u00f6glichen Ihnen Ihre Eink\u00e4ufe, Geschenke, Souvenirs &#8230; <\/p>\n<\/div><\/div><\/div><\/div><\/section>\n\n<section id=\"section-60521d60d57ac\"\" class=\"section bg-white p-t-0 p-b-0\" \/><div class=\"container full\"><div class=\"element images scroll-x-mobile\"><div class=\"image\"><img decoding=\"async\" src=\"https:\/\/www.camping-tournon.fr\/wp-content\/uploads\/2021\/03\/zoo-peaugres-100x97.jpg\" data-src=\"https:\/\/www.camping-tournon.fr\/wp-content\/uploads\/2021\/03\/zoo-peaugres-e1616508112593.jpg\" alt=\"zoo peaugres\" class=\"images_image\" \/><\/div><div class=\"image\"><img decoding=\"async\" src=\"https:\/\/www.camping-tournon.fr\/wp-content\/uploads\/2021\/03\/ardeche-velo-rail-100x100.jpg\" data-src=\"https:\/\/www.camping-tournon.fr\/wp-content\/uploads\/2021\/03\/ardeche-velo-rail-e1616508181481.jpg\" alt=\"ardeche velo rail\" class=\"images_image\" \/><\/div><div class=\"image\"><img decoding=\"async\" src=\"https:\/\/www.camping-tournon.fr\/wp-content\/uploads\/2021\/03\/velo-balade-100x100.jpg\" data-src=\"https:\/\/www.camping-tournon.fr\/wp-content\/uploads\/2021\/03\/velo-balade-e1616508218270.jpg\" alt=\"velo balade\" class=\"images_image\" \/><\/div><div class=\"image\"><img decoding=\"async\" src=\"https:\/\/www.camping-tournon.fr\/wp-content\/uploads\/2021\/03\/pont-rhone-100x97.jpg\" data-src=\"https:\/\/www.camping-tournon.fr\/wp-content\/uploads\/2021\/03\/pont-rhone-e1616507900137.jpg\" alt=\"pont rhone\" class=\"images_image\" \/><\/div><\/div><\/div><\/section>\n\n<section id=\"section-last\"\" class=\"section bg-white p-t-0 p-b-0\" \/><div class=\"container full\"><div class=\"colonnes-wrap valign-top p-t-1 p-b-1\"><div class=\"element colonne p-l-4 p-r-8 w-44 valign-self-center\"><h3 class=\"element section-title left inner-h3 droite\">Die Velorail <\/h3><div class=\"element bloc-text justify \">\n\t<p>Tretautos auf Schienen, hier ist eine Aktivit\u00e4t, die Sie einen <strong class=\"bold color1\">sehr guten geselligen Moment<\/strong> verbringen lassen wird. Mit Familie oder Freunden werden Sie f\u00fcr einen Ausflug in das Herz des <strong class=\"bold color1\">Vall\u00e9e du Doux<\/strong> eingetaucht. <\/p>\n<p>Sie k\u00f6nnen zwischen zwei Routen w\u00e4hlen, den schmalen oder den Viadukten ab <strong class=\"bold color1\">Boucieu le Roi<\/strong> (Dorf mit Charakter). <\/p>\n<\/div><h3 class=\"element section-title left m-t-4 droite\">Der Tierpark und die Safari von Peaugres <\/h3><div class=\"element bloc-text justify \">\n\t<p>Nur 40 Minuten vom <a href=\"\/de\/\">Camping Tournon<\/a> entfernt, k\u00f6nnen Sie den <strong class=\"bold color1\">gr\u00f6\u00dften Zoo in Rh\u00f4ne-Alpes<\/strong> entdecken. Mit fast 1000 Tieren werden Sie einen ganzen Tag auf Entdeckungstour gehen. Ein erster Teil mit dem Auto, um die <strong class=\"bold color1\">Safari<\/strong> zu besuchen und der zweite Teil zu Fu\u00df. <\/p>\n<p>Im Sommer k\u00f6nnen Sie sich w\u00e4hrend einer Pause im Wasserbereich erfrischen, der f\u00fcr Kinder, Jugendliche und Erwachsene geeignet ist.<\/p>\n<\/div><h3 class=\"element section-title left m-t-4 droite\">Die Weinberge<\/h3><div class=\"element bloc-text justify \">\n\t<p>Im Herzen der <strong class=\"bold color1\">n\u00f6rdlichen C\u00f4tes du Rh\u00f4ne<\/strong> Weinberge, die sich von Valence bis Vienne erstrecken, k\u00f6nnen Sie die ber\u00fchmten Weinappellationen wie Condrieu, Croze Hermitage, Hermitage, Saint Joseph, Cornas, Saint Peray&#8230;<\/p>\n<p>Die <strong class=\"bold color1\">Verkostungen und Besichtigungen der Weinberge<\/strong> sind insbesondere m\u00f6glich bei : Domaine Chapoutier, Cave de tain, Delas, Domaine Jaboulet Aine&#8230; <\/p>\n<\/div><\/div><div class=\"element colonne p-0 mozaique-verticale w-28\"><div class=\"element images scroll-x-mobile\"><div class=\"image\"><img decoding=\"async\" src=\"https:\/\/www.camping-tournon.fr\/wp-content\/uploads\/2021\/03\/vignobles-drome-67x100.jpg\" data-src=\"https:\/\/www.camping-tournon.fr\/wp-content\/uploads\/2021\/03\/vignobles-drome.jpg\" alt=\"vignobles drome\" class=\"images_image\" \/><\/div><\/div><\/div><div class=\"element colonne p-0 p-l-1 mozaique-verticale w-28\"><div class=\"element images scroll-x-mobile\"><div class=\"image\"><img decoding=\"async\" src=\"https:\/\/www.camping-tournon.fr\/wp-content\/uploads\/2021\/03\/velorail-drome-100x74.jpg\" data-src=\"https:\/\/www.camping-tournon.fr\/wp-content\/uploads\/2021\/03\/velorail-drome.jpg\" alt=\"wifi amis\" class=\"images_image p-b-1\" \/><\/div><div class=\"image\"><img decoding=\"async\" src=\"https:\/\/www.camping-tournon.fr\/wp-content\/uploads\/2021\/03\/vin-blanc-rhone-100x74.jpg\" data-src=\"https:\/\/www.camping-tournon.fr\/wp-content\/uploads\/2021\/03\/vin-blanc-rhone.jpg\" alt=\"vin blanc rhone\" class=\"images_image\" \/><\/div><\/div><\/div><\/div><\/div><\/section>\n\n<section id=\"section-slider\"\" class=\"section bg-white p-t-0 p-b-0\" \/><div class=\"container full\"><div class=\"element images scroll-x-mobile\"><div class=\"image\"><img decoding=\"async\" src=\"https:\/\/www.camping-tournon.fr\/wp-content\/uploads\/2021\/03\/bateau-roue-drome-100x100.jpg\" data-src=\"https:\/\/www.camping-tournon.fr\/wp-content\/uploads\/2021\/03\/bateau-roue-drome-e1616507882416.jpg\" alt=\"bateau roue drome\" class=\"images_image\" \/><\/div><div class=\"image\"><img decoding=\"async\" src=\"https:\/\/www.camping-tournon.fr\/wp-content\/uploads\/2021\/03\/vignes-drome-100x100.jpg\" data-src=\"https:\/\/www.camping-tournon.fr\/wp-content\/uploads\/2021\/03\/vignes-drome-e1616507863624.jpg\" alt=\"vignes drome\" class=\"images_image\" \/><\/div><div class=\"image\"><img decoding=\"async\" src=\"https:\/\/www.camping-tournon.fr\/wp-content\/uploads\/2021\/03\/passerelle-drome-100x75.jpg\" data-src=\"https:\/\/www.camping-tournon.fr\/wp-content\/uploads\/2021\/03\/passerelle-drome.jpg\" alt=\"passerelle drome\" class=\"images_image\" \/><\/div><div class=\"image\"><img decoding=\"async\" src=\"https:\/\/www.camping-tournon.fr\/wp-content\/uploads\/2021\/03\/vacances-drome-1-100x74.jpg\" data-src=\"https:\/\/www.camping-tournon.fr\/wp-content\/uploads\/2021\/03\/vacances-drome-1.jpg\" alt=\"vacances drome\" class=\"images_image\" \/><\/div><\/div><\/div><\/section>\n\n<section id=\"section-last-last\"\" class=\"section bg-color3 p-t-0 p-b-0\" \/><div class=\"container full\"><div class=\"colonnes-wrap valign-top p-t-1 p-b-1\"><div class=\"element colonne p-0 mozaique-verticale w-28\"><div class=\"element images scroll-x-mobile\"><div class=\"image\"><img decoding=\"async\" src=\"https:\/\/www.camping-tournon.fr\/wp-content\/uploads\/2021\/03\/centre-ville-2-100x75.jpg\" data-src=\"https:\/\/www.camping-tournon.fr\/wp-content\/uploads\/2021\/03\/centre-ville-2.jpg\" alt=\"centre ville\" class=\"images_image p-b-1\" \/><\/div><div class=\"image\"><img decoding=\"async\" src=\"https:\/\/www.camping-tournon.fr\/wp-content\/uploads\/2021\/03\/cannotier-ardeche-100x74.jpg\" data-src=\"https:\/\/www.camping-tournon.fr\/wp-content\/uploads\/2021\/03\/cannotier-ardeche.jpg\" alt=\"cannotier ardeche\" class=\"images_image\" \/><\/div><\/div><\/div><div class=\"element colonne p-0 p-l-1 mozaique-verticale w-28\"><div class=\"element images scroll-x-mobile\"><div class=\"image\"><img decoding=\"async\" src=\"https:\/\/www.camping-tournon.fr\/wp-content\/uploads\/2021\/03\/chapelle-hermitage-drome-66x100.jpg\" data-src=\"https:\/\/www.camping-tournon.fr\/wp-content\/uploads\/2021\/03\/chapelle-hermitage-drome.jpg\" alt=\"chapelle hermitage drome\" class=\"images_image\" \/><\/div><\/div><\/div><div class=\"element colonne p-l-4 p-r-8 w-44 valign-self-center\"><h3 class=\"element section-title left inner-h3 gauche\">Der ideale Palast von Factor Cheval<\/h3><div class=\"element bloc-text justify \">\n\t<p><strong class=\"bold color1\">Denkmal<\/strong> in der Dr\u00f4me in Hauterive gelegen, nimmt dieses faszinierende architektonische Werk die Themen von <strong class=\"bold color1\">Postkarten aus aller Welt<\/strong> auf. <\/p>\n<p>Gebaut von den H\u00e4nden eines einzigen Mannes, hat dieser Postbote 33 Jahre gebraucht, um dieses <strong class=\"bold color1\">Meisterwerk<\/strong> zu bauen, w\u00e4hrend er die Zeit in seinem Gem\u00fcsegarten vergeudete. Er baute auch sein Grabmal.<\/p>\n<\/div><h2 class=\"element section-title left m-t-4 inner-h2 gauche\">Camping im Stadtzentrum<\/h2><div class=\"element bloc-text justify \">\n\t<p>Tournon sur Rh\u00f4ne, <strong class=\"bold color1\">kleine touristische Stadt der Ard\u00e9choise<\/strong> mit 10.000 Einwohnern, am rechten Ufer der Rh\u00f4ne gelegen, ist eine der <strong class=\"bold color1\">unvermeidlichen St\u00e4dte im Rh\u00f4netal<\/strong>. Gegen\u00fcber von Tain l&#8217;Hermitage kommunizieren diese beiden St\u00e4dte \u00fcber eine Fu\u00dfg\u00e4ngerbr\u00fccke. Die Rh\u00f4ne trennt an dieser Stelle <strong class=\"bold color1\">die Dr\u00f4me<\/strong> und <strong class=\"bold color1\">die Ard\u00e8che<\/strong>.<\/p>\n<p><strong class=\"bold color1\">Stadt am Wasser<\/strong>, belebt in der Saison durch ihren Hafen, ihre Kreuzfahrtschiffe, ihre Bars, ihre Restaurants, ihre Kais, ihre Fu\u00dfg\u00e4ngerzone.<\/p>\n<p>Vom <strong class=\"bold color1\">Camping Le Rh\u00f4ne<\/strong> aus k\u00f6nnen Sie diese h\u00fcbsche Stadt besuchen, ohne Ihr Auto oder Wohnmobil zur\u00fcckzubringen. Wir liegen nur einen Steinwurf vom Stadtzentrum entfernt, am Ufer der Rh\u00f4ne, und Sie k\u00f6nnen in Mobilheimen, Wohnwagen, Zelten oder Wohnmobilen \u00fcbernachten.<\/p>\n<\/div><div class=\"element section-title left inner-h3 m-t-4 gauche\">Boot le Canotier<\/div><div class=\"element bloc-text justify \">\n\t<p>Dieses <strong class=\"bold color1\">sch\u00f6ne Touristenboot<\/strong> l\u00e4sst Sie die Sch\u00f6nheit der Rh\u00f4ne entdecken. Sie k\u00f6nnen sogar Ihre Fahrr\u00e4der an Bord nehmen und die R\u00fcckfahrt mit der ViaRh\u00f4na antreten. <\/p>\n<p>W\u00e4hrend dieser Themenausfl\u00fcge bietet dieses <strong class=\"bold color1\">Boot Aperitifs<\/strong>, Mahlzeiten, Fr\u00fchst\u00fccke. <\/p>\n<\/div><\/div><\/div><\/div><\/section>\n\n<section id=\"section-60521d60d6105\"\" class=\"section bg-white\" \/><div class=\"container extralarge\"><div class=\"element section-title center titre-cta deco-vague\">Die Besuche und Dienstleistungen des Campingplatzes<\/div><ul class=\"liste-de-page scroll-x-mobile\"><li class=\"element call-to-action center titre-cta deco-vague call-to-action--style-1 call-to-action--normal\"><a href=\"https:\/\/www.camping-tournon.fr\/de\/camping-restaurierung-tournon\/\"  class=\"call-to-action_link\" title=\"Lesen Sie mehr \u00fcber unsere dienstleistungen und unser restaurant\"><div class=\"call-to-action_image\"><img decoding=\"async\" src=\"https:\/\/www.camping-tournon.fr\/wp-content\/uploads\/2021\/03\/famille-caravane-100x56.jpg\" data-src=\"https:\/\/www.camping-tournon.fr\/wp-content\/uploads\/2021\/03\/famille-caravane.jpg\" alt=\"famille-caravane\" class=\"normal\" \/><div class=\"call-to-action_contenu\"><div class=\"call-to-action_titre\">Unsere Dienstleistungen und unser Restaurant<\/div><\/div><\/div><\/a><\/li><li class=\"element call-to-action center titre-cta deco-vague call-to-action--style-1 call-to-action--normal call-to-action--style-1 call-to-action--normal\"><a href=\"https:\/\/www.camping-tournon.fr\/de\/campingplatz-drome\/\"  class=\"call-to-action_link\" title=\"Lesen Sie mehr \u00fcber die dr\u00f4me\"><div class=\"call-to-action_image\"><img decoding=\"async\" src=\"https:\/\/www.camping-tournon.fr\/wp-content\/uploads\/2021\/03\/drome-vue-100x56.jpg\" data-src=\"https:\/\/www.camping-tournon.fr\/wp-content\/uploads\/2021\/03\/drome-vue.jpg\" alt=\"drome vue\" class=\"normal\" \/><div class=\"call-to-action_contenu\"><div class=\"call-to-action_titre\">Die Dr\u00f4me<\/div><\/div><\/div><\/a><\/li><li class=\"element call-to-action center titre-cta deco-vague call-to-action--style-1 call-to-action--normal call-to-action--style-1 call-to-action--normal call-to-action--style-1 call-to-action--normal\"><a href=\"https:\/\/www.camping-tournon.fr\/de\/campingplatz-ardeche-verte\/\"  class=\"call-to-action_link\" title=\"Lesen Sie mehr \u00fcber gr\u00fcne ard\u00e8che\"><div class=\"call-to-action_image\"><img decoding=\"async\" src=\"https:\/\/www.camping-tournon.fr\/wp-content\/uploads\/2021\/03\/vue-paysage-100x56.jpg\" data-src=\"https:\/\/www.camping-tournon.fr\/wp-content\/uploads\/2021\/03\/vue-paysage.jpg\" alt=\"vue paysage\" class=\"normal\" \/><div class=\"call-to-action_contenu\"><div class=\"call-to-action_titre\">Gr\u00fcne Ard\u00e8che<\/div><\/div><\/div><\/a><\/li><\/ul><\/div><\/section>","protected":false},"excerpt":{"rendered":"","protected":false},"author":1,"featured_media":836,"parent":0,"menu_order":0,"comment_status":"closed","ping_status":"closed","template":"","meta":{"footnotes":""},"class_list":["post-1756","page","type-page","status-publish","has-post-thumbnail","hentry"],"acf":[],"yoast_head":"<!-- This site is optimized with the Yoast SEO plugin v21.9 - https:\/\/yoast.com\/wordpress\/plugins\/seo\/ -->\n<title>Aktivit\u00e4ten Tournon | Aktivit\u00e4ten in der Ard\u00e8che in der N\u00e4he<\/title>\n<meta name=\"robots\" content=\"index, follow, max-snippet:-1, max-image-preview:large, max-video-preview:-1\" \/>\n<link rel=\"canonical\" href=\"https:\/\/www.camping-tournon.fr\/de\/camping-aktivitaten-tournon\/\" \/>\n<meta property=\"og:locale\" content=\"de_DE\" \/>\n<meta property=\"og:type\" content=\"article\" \/>\n<meta property=\"og:title\" content=\"Aktivit\u00e4ten Tournon | Aktivit\u00e4ten in der Ard\u00e8che in der N\u00e4he\" \/>\n<meta property=\"og:url\" content=\"https:\/\/www.camping-tournon.fr\/de\/camping-aktivitaten-tournon\/\" \/>\n<meta property=\"og:site_name\" content=\"Camping Tournon\" \/>\n<meta property=\"article:modified_time\" content=\"2021-04-06T13:17:32+00:00\" \/>\n<meta property=\"og:image\" content=\"https:\/\/www.camping-tournon.fr\/wp-content\/uploads\/2021\/03\/vue-rhone.jpg\" \/>\n\t<meta property=\"og:image:width\" content=\"1903\" \/>\n\t<meta property=\"og:image:height\" content=\"500\" \/>\n\t<meta property=\"og:image:type\" content=\"image\/jpeg\" \/>\n<meta name=\"twitter:card\" content=\"summary_large_image\" \/>\n<script type=\"application\/ld+json\" class=\"yoast-schema-graph\">{\"@context\":\"https:\/\/schema.org\",\"@graph\":[{\"@type\":\"WebPage\",\"@id\":\"https:\/\/www.camping-tournon.fr\/de\/camping-aktivitaten-tournon\/\",\"url\":\"https:\/\/www.camping-tournon.fr\/de\/camping-aktivitaten-tournon\/\",\"name\":\"Aktivit\u00e4ten Tournon | Aktivit\u00e4ten in der Ard\u00e8che in der N\u00e4he\",\"isPartOf\":{\"@id\":\"https:\/\/www.camping-tournon.fr\/de\/#website\"},\"datePublished\":\"2021-03-16T09:15:32+00:00\",\"dateModified\":\"2021-04-06T13:17:32+00:00\",\"breadcrumb\":{\"@id\":\"https:\/\/www.camping-tournon.fr\/de\/camping-aktivitaten-tournon\/#breadcrumb\"},\"inLanguage\":\"de\",\"potentialAction\":[{\"@type\":\"ReadAction\",\"target\":[\"https:\/\/www.camping-tournon.fr\/de\/camping-aktivitaten-tournon\/\"]}]},{\"@type\":\"BreadcrumbList\",\"@id\":\"https:\/\/www.camping-tournon.fr\/de\/camping-aktivitaten-tournon\/#breadcrumb\",\"itemListElement\":[{\"@type\":\"ListItem\",\"position\":1,\"name\":\"Camping Ard\u00e8che\",\"item\":\"https:\/\/www.camping-tournon.fr\/de\/\"},{\"@type\":\"ListItem\",\"position\":2,\"name\":\"Camping Aktivit\u00e4ten Ard\u00e8che Verte\"}]},{\"@type\":\"WebSite\",\"@id\":\"https:\/\/www.camping-tournon.fr\/de\/#website\",\"url\":\"https:\/\/www.camping-tournon.fr\/de\/\",\"name\":\"Camping Tournon\",\"description\":\"\",\"potentialAction\":[{\"@type\":\"SearchAction\",\"target\":{\"@type\":\"EntryPoint\",\"urlTemplate\":\"https:\/\/www.camping-tournon.fr\/de\/?s={search_term_string}\"},\"query-input\":\"required name=search_term_string\"}],\"inLanguage\":\"de\"}]}<\/script>\n<!-- \/ Yoast SEO plugin. -->","yoast_head_json":{"title":"Aktivit\u00e4ten Tournon | Aktivit\u00e4ten in der Ard\u00e8che in der N\u00e4he","robots":{"index":"index","follow":"follow","max-snippet":"max-snippet:-1","max-image-preview":"max-image-preview:large","max-video-preview":"max-video-preview:-1"},"canonical":"https:\/\/www.camping-tournon.fr\/de\/camping-aktivitaten-tournon\/","og_locale":"de_DE","og_type":"article","og_title":"Aktivit\u00e4ten Tournon | Aktivit\u00e4ten in der Ard\u00e8che in der N\u00e4he","og_url":"https:\/\/www.camping-tournon.fr\/de\/camping-aktivitaten-tournon\/","og_site_name":"Camping Tournon","article_modified_time":"2021-04-06T13:17:32+00:00","og_image":[{"width":1903,"height":500,"url":"https:\/\/www.camping-tournon.fr\/wp-content\/uploads\/2021\/03\/vue-rhone.jpg","type":"image\/jpeg"}],"twitter_card":"summary_large_image","schema":{"@context":"https:\/\/schema.org","@graph":[{"@type":"WebPage","@id":"https:\/\/www.camping-tournon.fr\/de\/camping-aktivitaten-tournon\/","url":"https:\/\/www.camping-tournon.fr\/de\/camping-aktivitaten-tournon\/","name":"Aktivit\u00e4ten Tournon | Aktivit\u00e4ten in der Ard\u00e8che in der N\u00e4he","isPartOf":{"@id":"https:\/\/www.camping-tournon.fr\/de\/#website"},"datePublished":"2021-03-16T09:15:32+00:00","dateModified":"2021-04-06T13:17:32+00:00","breadcrumb":{"@id":"https:\/\/www.camping-tournon.fr\/de\/camping-aktivitaten-tournon\/#breadcrumb"},"inLanguage":"de","potentialAction":[{"@type":"ReadAction","target":["https:\/\/www.camping-tournon.fr\/de\/camping-aktivitaten-tournon\/"]}]},{"@type":"BreadcrumbList","@id":"https:\/\/www.camping-tournon.fr\/de\/camping-aktivitaten-tournon\/#breadcrumb","itemListElement":[{"@type":"ListItem","position":1,"name":"Camping Ard\u00e8che","item":"https:\/\/www.camping-tournon.fr\/de\/"},{"@type":"ListItem","position":2,"name":"Camping Aktivit\u00e4ten Ard\u00e8che Verte"}]},{"@type":"WebSite","@id":"https:\/\/www.camping-tournon.fr\/de\/#website","url":"https:\/\/www.camping-tournon.fr\/de\/","name":"Camping Tournon","description":"","potentialAction":[{"@type":"SearchAction","target":{"@type":"EntryPoint","urlTemplate":"https:\/\/www.camping-tournon.fr\/de\/?s={search_term_string}"},"query-input":"required name=search_term_string"}],"inLanguage":"de"}]}},"_links":{"self":[{"href":"https:\/\/www.camping-tournon.fr\/de\/wp-json\/wp\/v2\/pages\/1756","targetHints":{"allow":["GET"]}}],"collection":[{"href":"https:\/\/www.camping-tournon.fr\/de\/wp-json\/wp\/v2\/pages"}],"about":[{"href":"https:\/\/www.camping-tournon.fr\/de\/wp-json\/wp\/v2\/types\/page"}],"author":[{"embeddable":true,"href":"https:\/\/www.camping-tournon.fr\/de\/wp-json\/wp\/v2\/users\/1"}],"replies":[{"embeddable":true,"href":"https:\/\/www.camping-tournon.fr\/de\/wp-json\/wp\/v2\/comments?post=1756"}],"version-history":[{"count":2,"href":"https:\/\/www.camping-tournon.fr\/de\/wp-json\/wp\/v2\/pages\/1756\/revisions"}],"predecessor-version":[{"id":1874,"href":"https:\/\/www.camping-tournon.fr\/de\/wp-json\/wp\/v2\/pages\/1756\/revisions\/1874"}],"wp:featuredmedia":[{"embeddable":true,"href":"https:\/\/www.camping-tournon.fr\/de\/wp-json\/wp\/v2\/media\/836"}],"wp:attachment":[{"href":"https:\/\/www.camping-tournon.fr\/de\/wp-json\/wp\/v2\/media?parent=1756"}],"curies":[{"name":"wp","href":"https:\/\/api.w.org\/{rel}","templated":true}]}}