{"id":1735,"date":"2021-03-16T10:14:47","date_gmt":"2021-03-16T09:14:47","guid":{"rendered":"https:\/\/www.camping-tournon.fr\/location-emplacement-tournon\/"},"modified":"2023-08-21T10:44:31","modified_gmt":"2023-08-21T08:44:31","slug":"rental-pitches-tournon","status":"publish","type":"page","link":"https:\/\/www.camping-tournon.fr\/en\/rental-pitches-tournon\/","title":{"rendered":"Nos emplacements"},"content":{"rendered":"<section id=\"section-60536994c64e8\"\" class=\"section bg-white\" \/><div class=\"container extralarge\"><h1 class=\"element section-title center m-b-8 deco-vague\">Pitches in Tournon<\/h1><div class=\"element bloc-text center \">\n\t<p>The <a href=\"\/en\/\">Camping Le Rh\u00f4ne Dr\u00f4me Ard\u00e8che<\/a> has many <strong class=\"bold color1\">free pitches for campers<\/strong> staying with their own equipment.<\/p>\n<p>Whether you come <strong class=\"bold color1\">with your tent, caravan or motorhome<\/strong> (double axle not allowed), you will find shady and flat caravanning pitches, easy to access.<\/p>\n<p>New heated and comfortable sanitary facilities, usable all year round, are at your disposal.<\/p>\n<p>Out of season and with your <strong class=\"bold color1\">Acsi card<\/strong>, you will get a cheap Ard\u00e8che rate.<\/p>\n<p>With the CC ACSI card, everything is included (2 people\/electricity\/dog package). Free Wifi<\/p>\n<p>For a stay of more than 10 nights, a <strong class=\"bold color1\">promo 10%<\/strong> will be applied on the general rate.<\/p>\n<\/div><ul class=\"liste-de-page hebergements\"><div class=\"row scroll-x-mobile\"><li class=\"element hebergement call-to-action call-to-action--style-2   number-of-people-2 area-80\" id=\"20465\"><div class=\"hebergement_link\" id=\"1682\"><div class=\"call-to-action_image\"><img decoding=\"async\" src=\"https:\/\/www.camping-tournon.fr\/wp-content\/uploads\/2021\/03\/emplacement-caravane.jpg\" data-src=\"https:\/\/www.camping-tournon.fr\/wp-content\/uploads\/2021\/03\/emplacement-caravane.jpg\" alt=\"emplacement caravane\" class=\"\" \/><\/div><div class=\"call-to-action_contenu\"><div class=\"call-to-action_titre\">Pitch motorhome\/caravan (double axle not accepted)\/Tent+car<\/div><\/div><div class=\"hebergement-attributs\"><span class=\"attribut number-of-people\">2 <\/span><span class=\"attribut area\">80m\u00b2<\/span><\/div><\/div><\/li><li class=\"element hebergement call-to-action call-to-action--style-2  \" id=\"20465\"><div class=\"hebergement_link\" id=\"1685\"><div class=\"call-to-action_image\"><img decoding=\"async\" src=\"https:\/\/www.camping-tournon.fr\/wp-content\/uploads\/2021\/03\/tente-emplacement.jpg\" data-src=\"https:\/\/www.camping-tournon.fr\/wp-content\/uploads\/2021\/03\/tente-emplacement.jpg\" alt=\"tente emplacement\" class=\"\" \/><\/div><div class=\"call-to-action_contenu\"><div class=\"call-to-action_titre\">Tent pitch WITHOUT CAR<\/div><\/div><div class=\"hebergement-attributs\"><\/div><\/div><\/li><li class=\"element hebergement call-to-action call-to-action--style-2  \" id=\"\"><div class=\"hebergement_link\" id=\"2245\"><div class=\"call-to-action_image\"><img decoding=\"async\" src=\"https:\/\/www.camping-tournon.fr\/wp-content\/uploads\/2023\/08\/00000890529.webp\" data-src=\"https:\/\/www.camping-tournon.fr\/wp-content\/uploads\/2023\/08\/00000890529.webp\" alt=\"emplacement acsi\" class=\"\" \/><\/div><div class=\"call-to-action_contenu\"><div class=\"call-to-action_titre\">Pitch ACSI CARD<\/div><\/div><div class=\"hebergement-attributs\"><\/div><\/div><\/li><\/div><\/ul><\/div><\/section>\n\n<section id=\"section-60521d60d54ff\"\" class=\"section home-second bg-color3 p-t-0 p-b-0\" \/><div class=\"container full\"><div class=\"colonnes-wrap valign-top p-t-1 p-b-1\"><div class=\"element colonne p-0 mozaique-verticale w-28\"><div class=\"element images scroll-x-mobile\"><div class=\"image\"><img decoding=\"async\" src=\"https:\/\/www.camping-tournon.fr\/wp-content\/uploads\/2021\/03\/location-tente-tournon-100x73.jpg\" data-src=\"https:\/\/www.camping-tournon.fr\/wp-content\/uploads\/2021\/03\/location-tente-tournon.jpg\" alt=\"location tente tournon\" class=\"images_image p-b-1\" \/><\/div><div class=\"image\"><img decoding=\"async\" src=\"https:\/\/www.camping-tournon.fr\/wp-content\/uploads\/2023\/07\/le-rhone-camping-emplacement-100x73.jpg\" data-src=\"https:\/\/www.camping-tournon.fr\/wp-content\/uploads\/2023\/07\/le-rhone-camping-emplacement.jpg\" alt=\"emplacements camping\" class=\"images_image\" \/><\/div><\/div><\/div><div class=\"element colonne p-0 p-l-1 mozaique-verticale w-28\"><div class=\"element images scroll-x-mobile\"><div class=\"image\"><img decoding=\"async\" src=\"https:\/\/www.camping-tournon.fr\/wp-content\/uploads\/2021\/03\/tente-emplacement-1-67x100.jpg\" data-src=\"https:\/\/www.camping-tournon.fr\/wp-content\/uploads\/2021\/03\/tente-emplacement-1.jpg\" alt=\"tente emplacement\" class=\"images_image\" \/><\/div><\/div><\/div><div class=\"element colonne p-l-4 p-r-8 w-44 valign-self-center\"><h2 class=\"element section-title left inner-h2 gauche\">PITCHES IN THE MIDDLE OF THE COUNTRYSIDE<\/h2><div class=\"element bloc-text justify \">\n\t<p>In a <strong class=\"bold color1\">wooded park of 1.9 ha<\/strong> on the waterfront, why wait until the last minute?<\/p>\n<p>Do you have preferences or have you already <strong class=\"bold color1\">stayed at Camping Le Rh\u00f4ne<\/strong> (ex camping de Tournon HPA) and know which pitch to choose for your next stay in <strong class=\"bold color1\">camping caravaning<\/strong>? <\/p>\n<p>Or do you want to tell us about your wish for a <strong class=\"bold color1\">privileged area<\/strong> such as the proximity of the swimming pool or a view of the Rh\u00f4ne river?<\/p>\n<p>Our team will do its best to meet your request. Book your <strong class=\"bold color1\">caravanning pitch<\/strong> well in advance to be sure to enjoy your favourite <strong class=\"bold color1\">holiday location<\/strong>, at Le Rh\u00f4ne campsite in Rh\u00f4ne-Alpes.<\/p>\n<\/div><\/div><\/div><\/div><\/section>\n\n<section id=\"section-60521d60d57ac\"\" class=\"section bg-white p-t-0 p-b-0\" \/><div class=\"container full\"><div class=\"element images scroll-x-mobile\"><div class=\"image\"><img decoding=\"async\" src=\"https:\/\/www.camping-tournon.fr\/wp-content\/uploads\/2021\/03\/camping-car-sejour-100x97.jpg\" data-src=\"https:\/\/www.camping-tournon.fr\/wp-content\/uploads\/2021\/03\/camping-car-sejour.jpg\" alt=\"camping car sejour\" class=\"images_image\" \/><\/div><div class=\"image\"><img decoding=\"async\" src=\"https:\/\/www.camping-tournon.fr\/wp-content\/uploads\/2023\/07\/camping-tournon-rhone-100x100.jpg\" data-src=\"https:\/\/www.camping-tournon.fr\/wp-content\/uploads\/2023\/07\/camping-tournon-rhone.jpg\" alt=\"emplacement location\" class=\"images_image\" \/><\/div><div class=\"image\"><img decoding=\"async\" src=\"https:\/\/www.camping-tournon.fr\/wp-content\/uploads\/2021\/03\/location-emplacement-1-100x97.jpg\" data-src=\"https:\/\/www.camping-tournon.fr\/wp-content\/uploads\/2021\/03\/location-emplacement-1.jpg\" alt=\"location emplacement\" class=\"images_image\" \/><\/div><div class=\"image\"><img decoding=\"async\" src=\"https:\/\/www.camping-tournon.fr\/wp-content\/uploads\/2021\/03\/tentes-emplacement-100x97.jpg\" data-src=\"https:\/\/www.camping-tournon.fr\/wp-content\/uploads\/2021\/03\/tentes-emplacement.jpg\" alt=\"tentes emplacement\" class=\"images_image\" \/><\/div><\/div><\/div><\/section>\n\n<section id=\"section-last\"\" class=\"section home-second bg-white p-t-0 p-b-0\" \/><div class=\"container full\"><div class=\"colonnes-wrap valign-top p-t-1 p-b-1\"><div class=\"element colonne p-l-4 p-r-8 w-44 valign-self-center\"><h2 class=\"element section-title left inner-h2 droite\">HEATED SANITARY FACILITIES AT YOUR DISPOSAL<\/h2><div class=\"element bloc-text justify \">\n\t<p>Tournon campsite has <strong class=\"bold color1\">two heated toilet blocks<\/strong> which are equipped with:<\/p>\n<ul>\n<li>Showers<\/li>\n<li>Lavabos<\/li>\n<li>Nursery<\/li>\n<li>Lavatory<\/li>\n<li>Sanitary PMR &#8230;<\/li>\n<\/ul>\n<p>A separate drainer specially equipped for emptying and flushing your chemical toilet cassette.<\/p>\n<\/div><h2 class=\"element section-title left m-t-4 droite\">A COACH SERVICE AREA<\/h2><div class=\"element bloc-text justify \">\n\t<p>Tent, caravan, motor home, you are all welcome at <strong class=\"bold color1\">Camping Le Rh\u00f4ne in Tournon sur Rh\u00f4ne<\/strong>, opposite Tain l&#8217;Hermitage. For a caravanning stay, you can choose one of our flat and stabilised pitches while enjoying the best rates. A <strong class=\"bold color1\">emptying area<\/strong> for motorhomes is also at your disposal.<\/p>\n<p>At the Ard\u00e8che campsite we also offer mobile homes for rent so that you can enjoy your <strong class=\"bold color1\">stay in the Dr\u00f4me<\/strong> in complete peace of mind.<\/p>\n<\/div><\/div><div class=\"element colonne p-0 mozaique-verticale w-28\"><div class=\"element images scroll-x-mobile\"><div class=\"image\"><img decoding=\"async\" src=\"https:\/\/www.camping-tournon.fr\/wp-content\/uploads\/2021\/03\/camping-sejour-67x100.jpg\" data-src=\"https:\/\/www.camping-tournon.fr\/wp-content\/uploads\/2021\/03\/camping-sejour.jpg\" alt=\"camping sejour\" class=\"images_image\" \/><\/div><\/div><\/div><div class=\"element colonne p-0 p-l-1 mozaique-verticale w-28\"><div class=\"element images scroll-x-mobile\"><div class=\"image\"><img decoding=\"async\" src=\"https:\/\/www.camping-tournon.fr\/wp-content\/uploads\/2021\/03\/camping-car-emplacement-1-100x73.jpg\" data-src=\"https:\/\/www.camping-tournon.fr\/wp-content\/uploads\/2021\/03\/camping-car-emplacement-1.jpg\" alt=\"camping car emplacement\" class=\"images_image p-b-1\" \/><\/div><div class=\"image\"><img decoding=\"async\" src=\"https:\/\/www.camping-tournon.fr\/wp-content\/uploads\/2023\/07\/camping-tournon-rhone-caravane-100x73.jpg\" data-src=\"https:\/\/www.camping-tournon.fr\/wp-content\/uploads\/2023\/07\/camping-tournon-rhone-caravane.jpg\" alt=\"camping car\" class=\"images_image\" \/><\/div><\/div><\/div><\/div><\/div><\/section>\n\n<section id=\"section-60536994c6d05\"\" class=\"section bg-white\" \/><div class=\"container extralarge\"><h2 class=\"element section-title center titre-cta deco-vague\">Our rates and rentals at the campsite<\/h2><ul class=\"liste-de-page scroll-x-mobile\"><li class=\"element call-to-action center titre-cta deco-vague call-to-action--style-1 call-to-action--big\"><a href=\"https:\/\/www.camping-tournon.fr\/en\/cheap-camping-tournon\/\"  class=\"call-to-action_link\" title=\"Read more about our rates\"><div class=\"call-to-action_image\"><img decoding=\"async\" src=\"https:\/\/www.camping-tournon.fr\/wp-content\/uploads\/2021\/03\/location-pas-cher-tournon-100x56.jpg\" data-src=\"https:\/\/www.camping-tournon.fr\/wp-content\/uploads\/2021\/03\/location-pas-cher-tournon.jpg\" alt=\"location pas cher tournon\" class=\"big\" \/><div class=\"call-to-action_contenu\"><div class=\"call-to-action_titre\">Our rates<\/div><\/div><\/div><\/a><\/li><li class=\"element call-to-action center titre-cta deco-vague call-to-action--style-1 call-to-action--big call-to-action--style-1 call-to-action--big\"><a href=\"https:\/\/www.camping-tournon.fr\/en\/mobile-home-rental-tournon\/\"  class=\"call-to-action_link\" title=\"Read more about our mobile homes\"><div class=\"call-to-action_image\"><img decoding=\"async\" src=\"https:\/\/www.camping-tournon.fr\/wp-content\/uploads\/2021\/03\/mobil-home-camping-100x56.jpg\" data-src=\"https:\/\/www.camping-tournon.fr\/wp-content\/uploads\/2021\/03\/mobil-home-camping.jpg\" alt=\"mobil-home camping\" class=\"big\" \/><div class=\"call-to-action_contenu\"><div class=\"call-to-action_titre\">Our mobile homes<\/div><\/div><\/div><\/a><\/li><li class=\"element call-to-action center titre-cta deco-vague call-to-action--style-1 call-to-action--big call-to-action--style-1 call-to-action--big call-to-action--style-1 call-to-action--big\"><a href=\"https:\/\/www.camping-tournon.fr\/en\/campsite-pool-tournon\/\"  class=\"call-to-action_link\" title=\"Read more about the swimming pool\"><div class=\"call-to-action_image\"><img decoding=\"async\" src=\"https:\/\/www.camping-tournon.fr\/wp-content\/uploads\/2021\/03\/piscine-chauffee-ardeche-100x56.jpg\" data-src=\"https:\/\/www.camping-tournon.fr\/wp-content\/uploads\/2021\/03\/piscine-chauffee-ardeche.jpg\" alt=\"piscine chauff\u00e9e Ard\u00e8che\" class=\"big\" \/><div class=\"call-to-action_contenu\"><div class=\"call-to-action_titre\">The swimming pool<\/div><\/div><\/div><\/a><\/li><\/ul><\/div><\/section>","protected":false},"excerpt":{"rendered":"","protected":false},"author":1,"featured_media":1114,"parent":0,"menu_order":0,"comment_status":"closed","ping_status":"closed","template":"","meta":{"footnotes":""},"class_list":["post-1735","page","type-page","status-publish","has-post-thumbnail","hentry"],"acf":[],"yoast_head":"<!-- This site is optimized with the Yoast SEO plugin v21.9 - https:\/\/yoast.com\/wordpress\/plugins\/seo\/ -->\n<title>Pitches Ard\u00e8che Verte | Caravaning in Tournon<\/title>\n<meta name=\"robots\" content=\"index, follow, max-snippet:-1, max-image-preview:large, max-video-preview:-1\" \/>\n<link rel=\"canonical\" href=\"https:\/\/www.camping-tournon.fr\/en\/rental-pitches-tournon\/\" \/>\n<meta property=\"og:locale\" content=\"en_US\" \/>\n<meta property=\"og:type\" content=\"article\" \/>\n<meta property=\"og:title\" content=\"Pitches Ard\u00e8che Verte | Caravaning in Tournon\" \/>\n<meta property=\"og:url\" content=\"https:\/\/www.camping-tournon.fr\/en\/rental-pitches-tournon\/\" \/>\n<meta property=\"og:site_name\" content=\"Camping Tournon\" \/>\n<meta property=\"article:modified_time\" content=\"2023-08-21T08:44:31+00:00\" \/>\n<meta property=\"og:image\" content=\"https:\/\/www.camping-tournon.fr\/wp-content\/uploads\/2021\/03\/allee-emplacements.jpg\" \/>\n\t<meta property=\"og:image:width\" content=\"1904\" \/>\n\t<meta property=\"og:image:height\" content=\"500\" \/>\n\t<meta property=\"og:image:type\" content=\"image\/jpeg\" \/>\n<meta name=\"twitter:card\" content=\"summary_large_image\" \/>\n<script type=\"application\/ld+json\" class=\"yoast-schema-graph\">{\"@context\":\"https:\/\/schema.org\",\"@graph\":[{\"@type\":\"WebPage\",\"@id\":\"https:\/\/www.camping-tournon.fr\/en\/rental-pitches-tournon\/\",\"url\":\"https:\/\/www.camping-tournon.fr\/en\/rental-pitches-tournon\/\",\"name\":\"Pitches Ard\u00e8che Verte | Caravaning in Tournon\",\"isPartOf\":{\"@id\":\"https:\/\/www.camping-tournon.fr\/en\/#website\"},\"datePublished\":\"2021-03-16T09:14:47+00:00\",\"dateModified\":\"2023-08-21T08:44:31+00:00\",\"breadcrumb\":{\"@id\":\"https:\/\/www.camping-tournon.fr\/en\/rental-pitches-tournon\/#breadcrumb\"},\"inLanguage\":\"en-US\",\"potentialAction\":[{\"@type\":\"ReadAction\",\"target\":[\"https:\/\/www.camping-tournon.fr\/en\/rental-pitches-tournon\/\"]}]},{\"@type\":\"BreadcrumbList\",\"@id\":\"https:\/\/www.camping-tournon.fr\/en\/rental-pitches-tournon\/#breadcrumb\",\"itemListElement\":[{\"@type\":\"ListItem\",\"position\":1,\"name\":\"Camping Ard\u00e8che\",\"item\":\"https:\/\/www.camping-tournon.fr\/en\/\"},{\"@type\":\"ListItem\",\"position\":2,\"name\":\"Rent a pitch Ard\u00e8che Verte\"}]},{\"@type\":\"WebSite\",\"@id\":\"https:\/\/www.camping-tournon.fr\/en\/#website\",\"url\":\"https:\/\/www.camping-tournon.fr\/en\/\",\"name\":\"Camping Tournon\",\"description\":\"\",\"potentialAction\":[{\"@type\":\"SearchAction\",\"target\":{\"@type\":\"EntryPoint\",\"urlTemplate\":\"https:\/\/www.camping-tournon.fr\/en\/?s={search_term_string}\"},\"query-input\":\"required name=search_term_string\"}],\"inLanguage\":\"en-US\"}]}<\/script>\n<!-- \/ Yoast SEO plugin. -->","yoast_head_json":{"title":"Pitches Ard\u00e8che Verte | Caravaning in Tournon","robots":{"index":"index","follow":"follow","max-snippet":"max-snippet:-1","max-image-preview":"max-image-preview:large","max-video-preview":"max-video-preview:-1"},"canonical":"https:\/\/www.camping-tournon.fr\/en\/rental-pitches-tournon\/","og_locale":"en_US","og_type":"article","og_title":"Pitches Ard\u00e8che Verte | Caravaning in Tournon","og_url":"https:\/\/www.camping-tournon.fr\/en\/rental-pitches-tournon\/","og_site_name":"Camping Tournon","article_modified_time":"2023-08-21T08:44:31+00:00","og_image":[{"width":1904,"height":500,"url":"https:\/\/www.camping-tournon.fr\/wp-content\/uploads\/2021\/03\/allee-emplacements.jpg","type":"image\/jpeg"}],"twitter_card":"summary_large_image","schema":{"@context":"https:\/\/schema.org","@graph":[{"@type":"WebPage","@id":"https:\/\/www.camping-tournon.fr\/en\/rental-pitches-tournon\/","url":"https:\/\/www.camping-tournon.fr\/en\/rental-pitches-tournon\/","name":"Pitches Ard\u00e8che Verte | Caravaning in Tournon","isPartOf":{"@id":"https:\/\/www.camping-tournon.fr\/en\/#website"},"datePublished":"2021-03-16T09:14:47+00:00","dateModified":"2023-08-21T08:44:31+00:00","breadcrumb":{"@id":"https:\/\/www.camping-tournon.fr\/en\/rental-pitches-tournon\/#breadcrumb"},"inLanguage":"en-US","potentialAction":[{"@type":"ReadAction","target":["https:\/\/www.camping-tournon.fr\/en\/rental-pitches-tournon\/"]}]},{"@type":"BreadcrumbList","@id":"https:\/\/www.camping-tournon.fr\/en\/rental-pitches-tournon\/#breadcrumb","itemListElement":[{"@type":"ListItem","position":1,"name":"Camping Ard\u00e8che","item":"https:\/\/www.camping-tournon.fr\/en\/"},{"@type":"ListItem","position":2,"name":"Rent a pitch Ard\u00e8che Verte"}]},{"@type":"WebSite","@id":"https:\/\/www.camping-tournon.fr\/en\/#website","url":"https:\/\/www.camping-tournon.fr\/en\/","name":"Camping Tournon","description":"","potentialAction":[{"@type":"SearchAction","target":{"@type":"EntryPoint","urlTemplate":"https:\/\/www.camping-tournon.fr\/en\/?s={search_term_string}"},"query-input":"required name=search_term_string"}],"inLanguage":"en-US"}]}},"_links":{"self":[{"href":"https:\/\/www.camping-tournon.fr\/en\/wp-json\/wp\/v2\/pages\/1735","targetHints":{"allow":["GET"]}}],"collection":[{"href":"https:\/\/www.camping-tournon.fr\/en\/wp-json\/wp\/v2\/pages"}],"about":[{"href":"https:\/\/www.camping-tournon.fr\/en\/wp-json\/wp\/v2\/types\/page"}],"author":[{"embeddable":true,"href":"https:\/\/www.camping-tournon.fr\/en\/wp-json\/wp\/v2\/users\/1"}],"replies":[{"embeddable":true,"href":"https:\/\/www.camping-tournon.fr\/en\/wp-json\/wp\/v2\/comments?post=1735"}],"version-history":[{"count":10,"href":"https:\/\/www.camping-tournon.fr\/en\/wp-json\/wp\/v2\/pages\/1735\/revisions"}],"predecessor-version":[{"id":2256,"href":"https:\/\/www.camping-tournon.fr\/en\/wp-json\/wp\/v2\/pages\/1735\/revisions\/2256"}],"wp:featuredmedia":[{"embeddable":true,"href":"https:\/\/www.camping-tournon.fr\/en\/wp-json\/wp\/v2\/media\/1114"}],"wp:attachment":[{"href":"https:\/\/www.camping-tournon.fr\/en\/wp-json\/wp\/v2\/media?parent=1735"}],"curies":[{"name":"wp","href":"https:\/\/api.w.org\/{rel}","templated":true}]}}