{"id":1746,"date":"2021-03-16T10:15:24","date_gmt":"2021-03-16T09:15:24","guid":{"rendered":"https:\/\/www.camping-tournon.fr\/camping-drome\/"},"modified":"2021-04-19T11:29:13","modified_gmt":"2021-04-19T09:29:13","slug":"campsite-drome","status":"publish","type":"page","link":"https:\/\/www.camping-tournon.fr\/en\/campsite-drome\/","title":{"rendered":"La dr\u00f4me"},"content":{"rendered":"<section id=\"section-60521d60d4e11\"\" class=\"section bg-white\" \/><div class=\"container extralarge\"><h1 class=\"element section-title center deco-vague m-b-8\">Camping near the Dr\u00f4me<\/h1><div class=\"element bloc-text center \">\n\t<p>20 minutes from Valence, 1 hour from Lyon and Grenoble, the Dr\u00f4me department borders the Ard\u00e8che and Is\u00e8re.<\/p>\n<\/div><\/div><\/section>\n\n<section id=\"section-60521d60d54ff\"\" class=\"section home-second bg-color3 p-t-0 p-b-0\" \/><div class=\"container full\"><div class=\"colonnes-wrap valign-top p-t-1 p-b-1\"><div class=\"element colonne p-0 mozaique-verticale w-28\"><div class=\"element images scroll-x-mobile\"><div class=\"image\"><img decoding=\"async\" src=\"https:\/\/www.camping-tournon.fr\/wp-content\/uploads\/2021\/03\/parc-jouvet-100x73.jpg\" data-src=\"https:\/\/www.camping-tournon.fr\/wp-content\/uploads\/2021\/03\/parc-jouvet.jpg\" alt=\"parc jouvet\" class=\"images_image p-b-1\" \/><\/div><div class=\"image\"><img decoding=\"async\" src=\"https:\/\/www.camping-tournon.fr\/wp-content\/uploads\/2021\/03\/vin-blanc-rhone-1-100x74.jpg\" data-src=\"https:\/\/www.camping-tournon.fr\/wp-content\/uploads\/2021\/03\/vin-blanc-rhone-1.jpg\" alt=\"vin blanc rhone\" class=\"images_image\" \/><\/div><\/div><\/div><div class=\"element colonne p-0 p-l-1 mozaique-verticale w-28\"><div class=\"element images scroll-x-mobile\"><div class=\"image\"><img decoding=\"async\" src=\"https:\/\/www.camping-tournon.fr\/wp-content\/uploads\/2021\/03\/drome-paysage-67x100.jpg\" data-src=\"https:\/\/www.camping-tournon.fr\/wp-content\/uploads\/2021\/03\/drome-paysage.jpg\" alt=\"drome paysage\" class=\"images_image\" \/><\/div><\/div><\/div><div class=\"element colonne p-l-4 p-r-8 w-44 valign-self-center\"><h2 class=\"element section-title left inner-h2 gauche\">Presentation of the Dr\u00f4me<\/h2><div class=\"element bloc-text justify \">\n\t<p>When we talk about this department, we immediately think of the <strong class=\"bold color1\">Dr\u00f4me Proven\u00e7ale with the Ch\u00e2teau de Grignan<\/strong>, Buis les Baronnies, Saint Paul les trois ch\u00e2teaux&#8230;. <\/p>\n<p>In the centre of the Valley of Gastronomy, the Dr\u00f4me des collines offers us <strong class=\"bold color1\">gourmet treasures<\/strong>, Come and taste the <strong class=\"bold color1\">Valrhona chocolates<\/strong>, the nougats of Mont\u00e9limar, the ravioles of Romans and its pognes. But beware, no dish without wine: the C\u00f4tes du Rh\u00f4ne (Clairette de Die, Croze Hermitage&#8230;.) await you&#8230; <\/p>\n<p>You will also be delighted by the <strong class=\"bold color1\">sightseeing tours such as Le Palais Id\u00e9al du facteur Cheval<\/strong>, the Crest tower, walks in the Vercors, and the visit of Valence and its Jouvet Park. Nature lovers, we invite you to book your <strong class=\"bold color1\">canoe trip down the Dr\u00f4me<\/strong>. Near Pont en Royans you will find the garden of the <strong class=\"bold color1\">petrifying fountains<\/strong>.  <\/p>\n<p>By bike, the ViaRh\u00f4na is shared equally between the Dr\u00f4me and the Ard\u00e8che. <\/p>\n<p>In case of rain, you can visit the shoe museum or shop in the factory shops in Romans sur Is\u00e8re. Don&#8217;t forget to visit <strong class=\"bold color1\">Lafuma in Anneyron<\/strong>.<\/p>\n<\/div><\/div><\/div><\/div><\/section>\n\n<section id=\"section-60521d60d57ac\"\" class=\"section bg-white p-t-0 p-b-0\" \/><div class=\"container full\"><div class=\"element images scroll-x-mobile\"><div class=\"image\"><img decoding=\"async\" src=\"https:\/\/www.camping-tournon.fr\/wp-content\/uploads\/2021\/03\/pont-en-royans-100x97.jpg\" data-src=\"https:\/\/www.camping-tournon.fr\/wp-content\/uploads\/2021\/03\/pont-en-royans-e1616508021614.jpg\" alt=\"pont en royans\" class=\"images_image\" \/><\/div><div class=\"image\"><img decoding=\"async\" src=\"https:\/\/www.camping-tournon.fr\/wp-content\/uploads\/2021\/03\/abricots-recolte-100x79.jpg\" data-src=\"https:\/\/www.camping-tournon.fr\/wp-content\/uploads\/2021\/03\/abricots-recolte.jpg\" alt=\"abricots recolte\" class=\"images_image\" \/><\/div><div class=\"image\"><img decoding=\"async\" src=\"https:\/\/www.camping-tournon.fr\/wp-content\/uploads\/2021\/03\/vercors-vue-100x97.jpg\" data-src=\"https:\/\/www.camping-tournon.fr\/wp-content\/uploads\/2021\/03\/vercors-vue-e1616507937504.jpg\" alt=\"vercors vue\" class=\"images_image\" \/><\/div><div class=\"image\"><img decoding=\"async\" src=\"https:\/\/www.camping-tournon.fr\/wp-content\/uploads\/2021\/03\/drome-parc-jouvet-100x97.jpg\" data-src=\"https:\/\/www.camping-tournon.fr\/wp-content\/uploads\/2021\/03\/drome-parc-jouvet-e1616507921419.jpg\" alt=\"drome parc jouvet\" class=\"images_image\" \/><\/div><\/div><\/div><\/section>\n\n<section id=\"section-last\"\" class=\"section bg-white p-t-0 p-b-0\" \/><div class=\"container full\"><div class=\"colonnes-wrap valign-top p-t-1 p-b-1\"><div class=\"element colonne p-l-4 p-r-8 w-44 valign-self-center\"><h2 class=\"element section-title left inner-h2 droite\">Tournon campsite ideal for visiting the Dr\u00f4me<\/h2><div class=\"element bloc-text justify \">\n\t<p>After discovering the secrets of the Ard\u00e8che Verte, take a diversion into the Dr\u00f4me and visit its must-see places. Then, at the end of the day, join your rental at the <a href=\"\/en\/\">camping Tournon<\/a> to relax and spend pleasant moments with your family.<\/p>\n<ul>\n<li>At 1 km : The <strong class=\"bold color1\">Cit\u00e9 du Chocolat<\/strong> and Valrhona chocolate factory in Tain l&#8217;Hermitage<\/li>\n<li>At 1 km: The <strong class=\"bold color1\">Voie verte v\u00e9lo<\/strong><\/li>\n<li>At 2 km: <strong class=\"bold color1\">The cellars<\/strong>: Cave de Tain, Chapoutier, Domaine Jaboulet A\u00een\u00e9 in Tain l&#8217;Hermitage<\/li>\n<li>At 15 km : The city of Valence with its <strong class=\"bold color1\">Jouvet park<\/strong>, its canals, its shops&#8230;<\/li>\n<li>At 15 km : The <strong class=\"bold color1\">lac de Champos in St Donat<\/strong> sur Herbasse<\/li>\n<li>At 20 km: <strong class=\"bold color1\">Factory Stores in Romans<\/strong> sur Is\u00e8re<\/li>\n<li>At 30 km: The paddle steamer at <strong class=\"bold color1\">Saint-Nazaire-en-Royans<\/strong> <\/li>\n<li>At 40 km: The <strong class=\"bold color1\">Palais id\u00e9al du facteur Cheval<\/strong> at Hauterives<\/li>\n<li>At 56 km: Die, <strong class=\"bold color1\">La Tour de Crest<\/strong>, the descent of the Dr\u00f4me by canoe<\/li>\n<\/ul>\n<\/div><\/div><div class=\"element colonne p-0 mozaique-verticale w-28\"><div class=\"element images scroll-x-mobile\"><div class=\"image\"><img decoding=\"async\" src=\"https:\/\/www.camping-tournon.fr\/wp-content\/uploads\/2021\/03\/musee-chocolat-drome-65x100.jpg\" data-src=\"https:\/\/www.camping-tournon.fr\/wp-content\/uploads\/2021\/03\/musee-chocolat-drome.jpg\" alt=\"mus\u00e9e chocolat drome\" class=\"images_image\" \/><\/div><\/div><\/div><div class=\"element colonne p-0 p-l-1 mozaique-verticale w-28\"><div class=\"element images scroll-x-mobile\"><div class=\"image\"><img decoding=\"async\" src=\"https:\/\/www.camping-tournon.fr\/wp-content\/uploads\/2021\/03\/riviere-canoe-100x73.jpg\" data-src=\"https:\/\/www.camping-tournon.fr\/wp-content\/uploads\/2021\/03\/riviere-canoe.jpg\" alt=\"riviere canoe\" class=\"images_image p-b-1\" \/><\/div><div class=\"image\"><img decoding=\"async\" src=\"https:\/\/www.camping-tournon.fr\/wp-content\/uploads\/2021\/03\/palais-facteur-cheval-100x75.jpg\" data-src=\"https:\/\/www.camping-tournon.fr\/wp-content\/uploads\/2021\/03\/palais-facteur-cheval.jpg\" alt=\"palais facteur cheval\" class=\"images_image\" \/><\/div><\/div><\/div><\/div><\/div><\/section>\n\n<section id=\"section-60521d60d6105\"\" class=\"section bg-white\" \/><div class=\"container extralarge\"><div class=\"element section-title center titre-cta deco-vague\">The Ard\u00e8che and the area around the campsite<\/div><ul class=\"liste-de-page scroll-x-mobile\"><li class=\"element call-to-action center titre-cta deco-vague call-to-action--style-1 call-to-action--normal\"><a href=\"https:\/\/www.camping-tournon.fr\/en\/campsite-pool-tournon\/\"  class=\"call-to-action_link\" title=\"Read more about the swimming pool\"><div class=\"call-to-action_image\"><img decoding=\"async\" src=\"https:\/\/www.camping-tournon.fr\/wp-content\/uploads\/2021\/03\/piscine-chauffee-ardeche-100x56.jpg\" data-src=\"https:\/\/www.camping-tournon.fr\/wp-content\/uploads\/2021\/03\/piscine-chauffee-ardeche.jpg\" alt=\"piscine chauff\u00e9e Ard\u00e8che\" class=\"normal\" \/><div class=\"call-to-action_contenu\"><div class=\"call-to-action_titre\">The swimming pool<\/div><\/div><\/div><\/a><\/li><li class=\"element call-to-action center titre-cta deco-vague call-to-action--style-1 call-to-action--normal call-to-action--style-1 call-to-action--normal\"><a href=\"https:\/\/www.camping-tournon.fr\/en\/campsite-ardeche-verte\/\"  class=\"call-to-action_link\" title=\"Read more about green ardeche\"><div class=\"call-to-action_image\"><img decoding=\"async\" src=\"https:\/\/www.camping-tournon.fr\/wp-content\/uploads\/2021\/03\/vue-paysage-100x56.jpg\" data-src=\"https:\/\/www.camping-tournon.fr\/wp-content\/uploads\/2021\/03\/vue-paysage.jpg\" alt=\"vue paysage\" class=\"normal\" \/><div class=\"call-to-action_contenu\"><div class=\"call-to-action_titre\">Green Ardeche<\/div><\/div><\/div><\/a><\/li><li class=\"element call-to-action center titre-cta deco-vague call-to-action--style-1 call-to-action--normal call-to-action--style-1 call-to-action--normal call-to-action--style-1 call-to-action--normal\"><a href=\"https:\/\/www.camping-tournon.fr\/en\/campsite-activities-tournon\/\"  class=\"call-to-action_link\" title=\"Read more about activities to do\"><div class=\"call-to-action_image\"><img decoding=\"async\" src=\"https:\/\/www.camping-tournon.fr\/wp-content\/uploads\/2021\/03\/vue-paysage-rhone-100x56.jpg\" data-src=\"https:\/\/www.camping-tournon.fr\/wp-content\/uploads\/2021\/03\/vue-paysage-rhone.jpg\" alt=\"vue-paysage-rhone\" class=\"normal\" \/><div class=\"call-to-action_contenu\"><div class=\"call-to-action_titre\">Activities to do<\/div><\/div><\/div><\/a><\/li><\/ul><\/div><\/section>","protected":false},"excerpt":{"rendered":"","protected":false},"author":1,"featured_media":900,"parent":0,"menu_order":0,"comment_status":"closed","ping_status":"closed","template":"","meta":{"footnotes":""},"class_list":["post-1746","page","type-page","status-publish","has-post-thumbnail","hentry"],"acf":[],"yoast_head":"<!-- This site is optimized with the Yoast SEO plugin v21.9 - https:\/\/yoast.com\/wordpress\/plugins\/seo\/ -->\n<title>Camping near Dr\u00f4me | Things to do and see in Dr\u00f4me<\/title>\n<meta name=\"robots\" content=\"index, follow, max-snippet:-1, max-image-preview:large, max-video-preview:-1\" \/>\n<link rel=\"canonical\" href=\"https:\/\/www.camping-tournon.fr\/en\/campsite-drome\/\" \/>\n<meta property=\"og:locale\" content=\"en_US\" \/>\n<meta property=\"og:type\" content=\"article\" \/>\n<meta property=\"og:title\" content=\"Camping near Dr\u00f4me | Things to do and see in Dr\u00f4me\" \/>\n<meta property=\"og:url\" content=\"https:\/\/www.camping-tournon.fr\/en\/campsite-drome\/\" \/>\n<meta property=\"og:site_name\" content=\"Camping Tournon\" \/>\n<meta property=\"article:modified_time\" content=\"2021-04-19T09:29:13+00:00\" \/>\n<meta property=\"og:image\" content=\"https:\/\/www.camping-tournon.fr\/wp-content\/uploads\/2021\/03\/vue-drome.jpg\" \/>\n\t<meta property=\"og:image:width\" content=\"1901\" \/>\n\t<meta property=\"og:image:height\" content=\"500\" \/>\n\t<meta property=\"og:image:type\" content=\"image\/jpeg\" \/>\n<meta name=\"twitter:card\" content=\"summary_large_image\" \/>\n<script type=\"application\/ld+json\" class=\"yoast-schema-graph\">{\"@context\":\"https:\/\/schema.org\",\"@graph\":[{\"@type\":\"WebPage\",\"@id\":\"https:\/\/www.camping-tournon.fr\/en\/campsite-drome\/\",\"url\":\"https:\/\/www.camping-tournon.fr\/en\/campsite-drome\/\",\"name\":\"Camping near Dr\u00f4me | Things to do and see in Dr\u00f4me\",\"isPartOf\":{\"@id\":\"https:\/\/www.camping-tournon.fr\/en\/#website\"},\"datePublished\":\"2021-03-16T09:15:24+00:00\",\"dateModified\":\"2021-04-19T09:29:13+00:00\",\"breadcrumb\":{\"@id\":\"https:\/\/www.camping-tournon.fr\/en\/campsite-drome\/#breadcrumb\"},\"inLanguage\":\"en-US\",\"potentialAction\":[{\"@type\":\"ReadAction\",\"target\":[\"https:\/\/www.camping-tournon.fr\/en\/campsite-drome\/\"]}]},{\"@type\":\"BreadcrumbList\",\"@id\":\"https:\/\/www.camping-tournon.fr\/en\/campsite-drome\/#breadcrumb\",\"itemListElement\":[{\"@type\":\"ListItem\",\"position\":1,\"name\":\"Camping Ard\u00e8che\",\"item\":\"https:\/\/www.camping-tournon.fr\/en\/\"},{\"@type\":\"ListItem\",\"position\":2,\"name\":\"Camping \u00e0 proximit\u00e9 Dr\u00f4me\"}]},{\"@type\":\"WebSite\",\"@id\":\"https:\/\/www.camping-tournon.fr\/en\/#website\",\"url\":\"https:\/\/www.camping-tournon.fr\/en\/\",\"name\":\"Camping Tournon\",\"description\":\"\",\"potentialAction\":[{\"@type\":\"SearchAction\",\"target\":{\"@type\":\"EntryPoint\",\"urlTemplate\":\"https:\/\/www.camping-tournon.fr\/en\/?s={search_term_string}\"},\"query-input\":\"required name=search_term_string\"}],\"inLanguage\":\"en-US\"}]}<\/script>\n<!-- \/ Yoast SEO plugin. -->","yoast_head_json":{"title":"Camping near Dr\u00f4me | Things to do and see in Dr\u00f4me","robots":{"index":"index","follow":"follow","max-snippet":"max-snippet:-1","max-image-preview":"max-image-preview:large","max-video-preview":"max-video-preview:-1"},"canonical":"https:\/\/www.camping-tournon.fr\/en\/campsite-drome\/","og_locale":"en_US","og_type":"article","og_title":"Camping near Dr\u00f4me | Things to do and see in Dr\u00f4me","og_url":"https:\/\/www.camping-tournon.fr\/en\/campsite-drome\/","og_site_name":"Camping Tournon","article_modified_time":"2021-04-19T09:29:13+00:00","og_image":[{"width":1901,"height":500,"url":"https:\/\/www.camping-tournon.fr\/wp-content\/uploads\/2021\/03\/vue-drome.jpg","type":"image\/jpeg"}],"twitter_card":"summary_large_image","schema":{"@context":"https:\/\/schema.org","@graph":[{"@type":"WebPage","@id":"https:\/\/www.camping-tournon.fr\/en\/campsite-drome\/","url":"https:\/\/www.camping-tournon.fr\/en\/campsite-drome\/","name":"Camping near Dr\u00f4me | Things to do and see in Dr\u00f4me","isPartOf":{"@id":"https:\/\/www.camping-tournon.fr\/en\/#website"},"datePublished":"2021-03-16T09:15:24+00:00","dateModified":"2021-04-19T09:29:13+00:00","breadcrumb":{"@id":"https:\/\/www.camping-tournon.fr\/en\/campsite-drome\/#breadcrumb"},"inLanguage":"en-US","potentialAction":[{"@type":"ReadAction","target":["https:\/\/www.camping-tournon.fr\/en\/campsite-drome\/"]}]},{"@type":"BreadcrumbList","@id":"https:\/\/www.camping-tournon.fr\/en\/campsite-drome\/#breadcrumb","itemListElement":[{"@type":"ListItem","position":1,"name":"Camping Ard\u00e8che","item":"https:\/\/www.camping-tournon.fr\/en\/"},{"@type":"ListItem","position":2,"name":"Camping \u00e0 proximit\u00e9 Dr\u00f4me"}]},{"@type":"WebSite","@id":"https:\/\/www.camping-tournon.fr\/en\/#website","url":"https:\/\/www.camping-tournon.fr\/en\/","name":"Camping Tournon","description":"","potentialAction":[{"@type":"SearchAction","target":{"@type":"EntryPoint","urlTemplate":"https:\/\/www.camping-tournon.fr\/en\/?s={search_term_string}"},"query-input":"required name=search_term_string"}],"inLanguage":"en-US"}]}},"_links":{"self":[{"href":"https:\/\/www.camping-tournon.fr\/en\/wp-json\/wp\/v2\/pages\/1746","targetHints":{"allow":["GET"]}}],"collection":[{"href":"https:\/\/www.camping-tournon.fr\/en\/wp-json\/wp\/v2\/pages"}],"about":[{"href":"https:\/\/www.camping-tournon.fr\/en\/wp-json\/wp\/v2\/types\/page"}],"author":[{"embeddable":true,"href":"https:\/\/www.camping-tournon.fr\/en\/wp-json\/wp\/v2\/users\/1"}],"replies":[{"embeddable":true,"href":"https:\/\/www.camping-tournon.fr\/en\/wp-json\/wp\/v2\/comments?post=1746"}],"version-history":[{"count":2,"href":"https:\/\/www.camping-tournon.fr\/en\/wp-json\/wp\/v2\/pages\/1746\/revisions"}],"predecessor-version":[{"id":1778,"href":"https:\/\/www.camping-tournon.fr\/en\/wp-json\/wp\/v2\/pages\/1746\/revisions\/1778"}],"wp:featuredmedia":[{"embeddable":true,"href":"https:\/\/www.camping-tournon.fr\/en\/wp-json\/wp\/v2\/media\/900"}],"wp:attachment":[{"href":"https:\/\/www.camping-tournon.fr\/en\/wp-json\/wp\/v2\/media?parent=1746"}],"curies":[{"name":"wp","href":"https:\/\/api.w.org\/{rel}","templated":true}]}}