{"id":1752,"date":"2021-03-16T10:15:06","date_gmt":"2021-03-16T09:15:06","guid":{"rendered":"https:\/\/www.camping-tournon.fr\/camping-ardeche-verte\/"},"modified":"2021-04-06T16:19:01","modified_gmt":"2021-04-06T14:19:01","slug":"campsite-ardeche-verte","status":"publish","type":"page","link":"https:\/\/www.camping-tournon.fr\/en\/campsite-ardeche-verte\/","title":{"rendered":"Ardeche verte"},"content":{"rendered":"<section id=\"section-60521d60d4e11\"\" class=\"section bg-white\" \/><div class=\"container extralarge\"><h1 class=\"element section-title center deco-vague m-b-8\">Camping in Ard\u00e8che Verte<\/h1><div class=\"element bloc-text center \">\n\t<p>20 minutes from Valence, 1 hour from Lyon and Grenoble, the Ard\u00e8che Verte borders the Dr\u00f4me, Haute-Loire and Is\u00e8re departments.<\/p>\n<\/div><\/div><\/section>\n\n<section id=\"section-60521d60d54ff\"\" class=\"section bg-color3 p-t-0 p-b-0\" \/><div class=\"container full\"><div class=\"colonnes-wrap valign-top p-t-1 p-b-1\"><div class=\"element colonne p-0 mozaique-verticale w-28\"><div class=\"element images scroll-x-mobile\"><div class=\"image\"><img decoding=\"async\" src=\"https:\/\/www.camping-tournon.fr\/wp-content\/uploads\/2021\/03\/train-drome-100x73.jpg\" data-src=\"https:\/\/www.camping-tournon.fr\/wp-content\/uploads\/2021\/03\/train-drome.jpg\" alt=\"train drome\" class=\"images_image p-b-1\" \/><\/div><div class=\"image\"><img decoding=\"async\" src=\"https:\/\/www.camping-tournon.fr\/wp-content\/uploads\/2021\/03\/velorail-100x75.jpg\" data-src=\"https:\/\/www.camping-tournon.fr\/wp-content\/uploads\/2021\/03\/velorail.jpg\" alt=\"velo rail\" class=\"images_image\" \/><\/div><\/div><\/div><div class=\"element colonne p-0 p-l-1 mozaique-verticale w-28\"><div class=\"element images scroll-x-mobile\"><div class=\"image\"><img decoding=\"async\" src=\"https:\/\/www.camping-tournon.fr\/wp-content\/uploads\/2021\/03\/velo-viarhona-1-66x100.jpg\" data-src=\"https:\/\/www.camping-tournon.fr\/wp-content\/uploads\/2021\/03\/velo-viarhona-1.jpg\" alt=\"viarhona tournon\" class=\"images_image\" \/><\/div><\/div><\/div><div class=\"element colonne p-l-4 p-r-8 w-44 valign-self-center\"><h2 class=\"element section-title left inner-h2 gauche\">Presentation of the Ard\u00e8che Verte<\/h2><div class=\"element bloc-text justify \">\n\t<p><strong class=\"bold color1\">L&#8217;Ard\u00e8che Verte<\/strong>, a multifaceted destination. Vineyards, mountains, rivers, gorges, forests.<\/p>\n<p>When we think of Ard\u00e8che, sites like <strong class=\"bold color1\">Vallon Pont d&#8217;Arc<\/strong> or the <strong class=\"bold color1\">Grotte Chauvet<\/strong> come to mind. In Ard\u00e8che Verte, we offer you other panoramas. You can visit the <strong class=\"bold color1\">Vall\u00e9e du Doux<\/strong> with the Ard\u00e8che train and the v\u00e9lorail. With the children, a day of discovery at the Peaugres safari is to be planned. <\/p>\n<p>Fancy an experience in the air, the <strong class=\"bold color1\">Montgolfi\u00e8res d&#8217;Annonay<\/strong> are there to help you discover our territory from above. If you are more into cycling, we invite you to the <strong class=\"bold color1\">Viarh\u00f4na<\/strong>, a cycle route that runs along the Rh\u00f4ne.<\/p>\n<p>Fancy an <strong class=\"bold color1\">unforgettable<\/strong> 2-day trip combining steam train and bike, the Dolce-via allows you to make a loop through <strong class=\"bold color1\">the Eyrieux Valley<\/strong> (Tournon sur Rh\u00f4ne \/ Lamastre \/ Le Cheylard \/ La Voulte sur Rh\u00f4ne).<\/p>\n<p>For a day, at 1 h 30 of driving, you will be able to make a <strong class=\"bold color1\">descent of the Ard\u00e8che by canoe<\/strong>, and visit the tourist sites like Vallon Pont d&#8217;Arc and Ruoms. Take the opportunity to visit the <strong class=\"bold color1\">replica of the Chauvet cave<\/strong>.<\/p>\n<p>Aubenas, Privas, you may have already heard of it? It is the prefecture and sub-prefecture of the Ard\u00e8che. Want to spend an afternoon or an evening at the Casino, the <strong class=\"bold color1\">thermal spa of Vals les Bains<\/strong> offers you this possibility.<\/p>\n<\/div><\/div><\/div><\/div><\/section>\n\n<section id=\"section-60521d60d57ac\"\" class=\"section bg-white p-t-0 p-b-0\" \/><div class=\"container full\"><div class=\"element images scroll-x-mobile\"><div class=\"image\"><img decoding=\"async\" src=\"https:\/\/www.camping-tournon.fr\/wp-content\/uploads\/2021\/03\/safari-voiture-ardeche-100x100.jpg\" data-src=\"https:\/\/www.camping-tournon.fr\/wp-content\/uploads\/2021\/03\/safari-voiture-ardeche.jpg\" alt=\"safari voiture ardeche\" class=\"images_image\" \/><\/div><div class=\"image\"><img decoding=\"async\" src=\"https:\/\/www.camping-tournon.fr\/wp-content\/uploads\/2021\/03\/montgolfieres-vol-100x97.jpg\" data-src=\"https:\/\/www.camping-tournon.fr\/wp-content\/uploads\/2021\/03\/montgolfieres-vol-e1616508043344.jpg\" alt=\"montgolfi\u00e8res vol\" class=\"images_image\" \/><\/div><div class=\"image\"><img decoding=\"async\" src=\"https:\/\/www.camping-tournon.fr\/wp-content\/uploads\/2021\/03\/peaugres-safari-100x79.jpg\" data-src=\"https:\/\/www.camping-tournon.fr\/wp-content\/uploads\/2021\/03\/peaugres-safari.jpg\" alt=\"peaugres safari\" class=\"images_image\" \/><\/div><div class=\"image\"><img decoding=\"async\" src=\"https:\/\/www.camping-tournon.fr\/wp-content\/uploads\/2021\/03\/chateau-tournon-100x100.jpg\" data-src=\"https:\/\/www.camping-tournon.fr\/wp-content\/uploads\/2021\/03\/chateau-tournon-e1616508068488.jpg\" alt=\"chateau tournon\" class=\"images_image\" \/><\/div><\/div><\/div><\/section>\n\n<section id=\"section-last\"\" class=\"section bg-white p-t-0 p-b-0\" \/><div class=\"container full\"><div class=\"colonnes-wrap valign-top p-t-1 p-b-1\"><div class=\"element colonne p-l-4 p-r-8 w-44 valign-self-center\"><h2 class=\"element section-title left inner-h2 droite\">Camping in Ard\u00e8che Verte<\/h2><div class=\"element bloc-text justify \">\n\t<p>Take advantage of your stay at <a href=\"\/en\/\">camping Tournon<\/a> to visit the Ard\u00e8che Verte and all the must-see places nearby without omitting to make a diversion through the Dr\u00f4me.<\/p>\n<ul>\n<li>At 0 km : <strong class=\"bold color1\">La ViaRh\u00f4na<\/strong> (bicycle route linking Geneva to the Mediterranean)<\/li>\n<li>At 0 km: <strong class=\"bold color1\">Tournon sur Rh\u00f4ne<\/strong> (its pedestrian street, its restaurants, its shops, its market, its castle, its footbridge, P\u00e2tisserie Intense with its world champion Bastien Girard)<\/li>\n<li>At 0 km: Stroll on the water with the <strong class=\"bold color1\">boat le Canotier<\/strong><\/li>\n<li>At 3 km: <strong class=\"bold color1\">Le Train de l&#8217;Ard\u00e8che<\/strong> in Saint-Jean-de-Muzols<\/li>\n<li>At 17 km: <strong class=\"bold color1\">Le V\u00e9lorail<\/strong> in Boucieu le Roi<\/li>\n<li>At 25 km: <strong class=\"bold color1\">The zoo and safari of Peaugres<\/strong><\/li>\n<li>At 30 km: Departure from the <strong class=\"bold color1\">Eyrieux Valley<\/strong><\/li>\n<li>At 70 km: <strong class=\"bold color1\">Vallon Pont d&#8217;Arc<\/strong> and <strong class=\"bold color1\">the Chauvet Cave<\/strong><\/li>\n<\/ul>\n<\/div><\/div><div class=\"element colonne p-0 mozaique-verticale w-28\"><div class=\"element images scroll-x-mobile\"><div class=\"image\"><img decoding=\"async\" src=\"https:\/\/www.camping-tournon.fr\/wp-content\/uploads\/2021\/04\/camping-safarie-peaufres-66x100.jpg\" data-src=\"https:\/\/www.camping-tournon.fr\/wp-content\/uploads\/2021\/04\/camping-safarie-peaufres.jpg\" alt=\"safari peaugres\" class=\"images_image\" \/><\/div><\/div><\/div><div class=\"element colonne p-0 p-l-1 mozaique-verticale w-28\"><div class=\"element images scroll-x-mobile\"><div class=\"image\"><img decoding=\"async\" src=\"https:\/\/www.camping-tournon.fr\/wp-content\/uploads\/2021\/03\/grotte-chauvet-100x73.jpg\" data-src=\"https:\/\/www.camping-tournon.fr\/wp-content\/uploads\/2021\/03\/grotte-chauvet.jpg\" alt=\"grotte chauvet\" class=\"images_image p-b-1\" \/><\/div><div class=\"image\"><img decoding=\"async\" src=\"https:\/\/www.camping-tournon.fr\/wp-content\/uploads\/2021\/03\/vallon-pont-darc-riviere-100x73.jpg\" data-src=\"https:\/\/www.camping-tournon.fr\/wp-content\/uploads\/2021\/03\/vallon-pont-darc-riviere.jpg\" alt=\"vallon pont darc riviere\" class=\"images_image\" \/><\/div><\/div><\/div><\/div><\/div><\/section>\n\n<section id=\"section-60521d60d6105\"\" class=\"section bg-white\" \/><div class=\"container extralarge\"><div class=\"element section-title center titre-cta deco-vague\">The surroundings of the campsite<\/div><ul class=\"liste-de-page scroll-x-mobile\"><li class=\"element call-to-action center titre-cta deco-vague call-to-action--style-1 call-to-action--normal\"><a href=\"https:\/\/www.camping-tournon.fr\/en\/campsite-pool-tournon\/\"  class=\"call-to-action_link\" title=\"Read more about the swimming pool\"><div class=\"call-to-action_image\"><img decoding=\"async\" src=\"https:\/\/www.camping-tournon.fr\/wp-content\/uploads\/2021\/03\/piscine-chauffee-ardeche-100x56.jpg\" data-src=\"https:\/\/www.camping-tournon.fr\/wp-content\/uploads\/2021\/03\/piscine-chauffee-ardeche.jpg\" alt=\"piscine chauff\u00e9e Ard\u00e8che\" class=\"normal\" \/><div class=\"call-to-action_contenu\"><div class=\"call-to-action_titre\">The swimming pool<\/div><\/div><\/div><\/a><\/li><li class=\"element call-to-action center titre-cta deco-vague call-to-action--style-1 call-to-action--normal call-to-action--style-1 call-to-action--normal\"><a href=\"https:\/\/www.camping-tournon.fr\/en\/campsite-drome\/\"  class=\"call-to-action_link\" title=\"Read more about the dr\u00f4me\"><div class=\"call-to-action_image\"><img decoding=\"async\" src=\"https:\/\/www.camping-tournon.fr\/wp-content\/uploads\/2021\/03\/drome-vue-100x56.jpg\" data-src=\"https:\/\/www.camping-tournon.fr\/wp-content\/uploads\/2021\/03\/drome-vue.jpg\" alt=\"drome vue\" class=\"normal\" \/><div class=\"call-to-action_contenu\"><div class=\"call-to-action_titre\">The Dr\u00f4me<\/div><\/div><\/div><\/a><\/li><li class=\"element call-to-action center titre-cta deco-vague call-to-action--style-1 call-to-action--normal call-to-action--style-1 call-to-action--normal call-to-action--style-1 call-to-action--normal\"><a href=\"https:\/\/www.camping-tournon.fr\/en\/campsite-activities-tournon\/\"  class=\"call-to-action_link\" title=\"Read more about activities to do\"><div class=\"call-to-action_image\"><img decoding=\"async\" src=\"https:\/\/www.camping-tournon.fr\/wp-content\/uploads\/2021\/03\/vue-paysage-rhone-100x56.jpg\" data-src=\"https:\/\/www.camping-tournon.fr\/wp-content\/uploads\/2021\/03\/vue-paysage-rhone.jpg\" alt=\"vue-paysage-rhone\" class=\"normal\" \/><div class=\"call-to-action_contenu\"><div class=\"call-to-action_titre\">Activities to do<\/div><\/div><\/div><\/a><\/li><\/ul><\/div><\/section>","protected":false},"excerpt":{"rendered":"","protected":false},"author":1,"featured_media":881,"parent":0,"menu_order":0,"comment_status":"closed","ping_status":"closed","template":"","meta":{"footnotes":""},"class_list":["post-1752","page","type-page","status-publish","has-post-thumbnail","hentry"],"acf":[],"yoast_head":"<!-- This site is optimized with the Yoast SEO plugin v21.9 - https:\/\/yoast.com\/wordpress\/plugins\/seo\/ -->\n<title>Camping Ard\u00e8che Verte | Things to do and see in Ard\u00e8che Verte (07)<\/title>\n<meta name=\"robots\" content=\"index, follow, max-snippet:-1, max-image-preview:large, max-video-preview:-1\" \/>\n<link rel=\"canonical\" href=\"https:\/\/www.camping-tournon.fr\/en\/campsite-ardeche-verte\/\" \/>\n<meta property=\"og:locale\" content=\"en_US\" \/>\n<meta property=\"og:type\" content=\"article\" \/>\n<meta property=\"og:title\" content=\"Camping Ard\u00e8che Verte | Things to do and see in Ard\u00e8che Verte (07)\" \/>\n<meta property=\"og:url\" content=\"https:\/\/www.camping-tournon.fr\/en\/campsite-ardeche-verte\/\" \/>\n<meta property=\"og:site_name\" content=\"Camping Tournon\" \/>\n<meta property=\"article:modified_time\" content=\"2021-04-06T14:19:01+00:00\" \/>\n<meta property=\"og:image\" content=\"https:\/\/www.camping-tournon.fr\/wp-content\/uploads\/2021\/03\/vue-ardeche.jpg\" \/>\n\t<meta property=\"og:image:width\" content=\"1902\" \/>\n\t<meta property=\"og:image:height\" content=\"500\" \/>\n\t<meta property=\"og:image:type\" content=\"image\/jpeg\" \/>\n<meta name=\"twitter:card\" content=\"summary_large_image\" \/>\n<script type=\"application\/ld+json\" class=\"yoast-schema-graph\">{\"@context\":\"https:\/\/schema.org\",\"@graph\":[{\"@type\":\"WebPage\",\"@id\":\"https:\/\/www.camping-tournon.fr\/en\/campsite-ardeche-verte\/\",\"url\":\"https:\/\/www.camping-tournon.fr\/en\/campsite-ardeche-verte\/\",\"name\":\"Camping Ard\u00e8che Verte | Things to do and see in Ard\u00e8che Verte (07)\",\"isPartOf\":{\"@id\":\"https:\/\/www.camping-tournon.fr\/en\/#website\"},\"datePublished\":\"2021-03-16T09:15:06+00:00\",\"dateModified\":\"2021-04-06T14:19:01+00:00\",\"breadcrumb\":{\"@id\":\"https:\/\/www.camping-tournon.fr\/en\/campsite-ardeche-verte\/#breadcrumb\"},\"inLanguage\":\"en-US\",\"potentialAction\":[{\"@type\":\"ReadAction\",\"target\":[\"https:\/\/www.camping-tournon.fr\/en\/campsite-ardeche-verte\/\"]}]},{\"@type\":\"BreadcrumbList\",\"@id\":\"https:\/\/www.camping-tournon.fr\/en\/campsite-ardeche-verte\/#breadcrumb\",\"itemListElement\":[{\"@type\":\"ListItem\",\"position\":1,\"name\":\"Camping Ard\u00e8che\",\"item\":\"https:\/\/www.camping-tournon.fr\/en\/\"},{\"@type\":\"ListItem\",\"position\":2,\"name\":\"Campsite Ard\u00e8che Verte\"}]},{\"@type\":\"WebSite\",\"@id\":\"https:\/\/www.camping-tournon.fr\/en\/#website\",\"url\":\"https:\/\/www.camping-tournon.fr\/en\/\",\"name\":\"Camping Tournon\",\"description\":\"\",\"potentialAction\":[{\"@type\":\"SearchAction\",\"target\":{\"@type\":\"EntryPoint\",\"urlTemplate\":\"https:\/\/www.camping-tournon.fr\/en\/?s={search_term_string}\"},\"query-input\":\"required name=search_term_string\"}],\"inLanguage\":\"en-US\"}]}<\/script>\n<!-- \/ Yoast SEO plugin. -->","yoast_head_json":{"title":"Camping Ard\u00e8che Verte | Things to do and see in Ard\u00e8che Verte (07)","robots":{"index":"index","follow":"follow","max-snippet":"max-snippet:-1","max-image-preview":"max-image-preview:large","max-video-preview":"max-video-preview:-1"},"canonical":"https:\/\/www.camping-tournon.fr\/en\/campsite-ardeche-verte\/","og_locale":"en_US","og_type":"article","og_title":"Camping Ard\u00e8che Verte | Things to do and see in Ard\u00e8che Verte (07)","og_url":"https:\/\/www.camping-tournon.fr\/en\/campsite-ardeche-verte\/","og_site_name":"Camping Tournon","article_modified_time":"2021-04-06T14:19:01+00:00","og_image":[{"width":1902,"height":500,"url":"https:\/\/www.camping-tournon.fr\/wp-content\/uploads\/2021\/03\/vue-ardeche.jpg","type":"image\/jpeg"}],"twitter_card":"summary_large_image","schema":{"@context":"https:\/\/schema.org","@graph":[{"@type":"WebPage","@id":"https:\/\/www.camping-tournon.fr\/en\/campsite-ardeche-verte\/","url":"https:\/\/www.camping-tournon.fr\/en\/campsite-ardeche-verte\/","name":"Camping Ard\u00e8che Verte | Things to do and see in Ard\u00e8che Verte (07)","isPartOf":{"@id":"https:\/\/www.camping-tournon.fr\/en\/#website"},"datePublished":"2021-03-16T09:15:06+00:00","dateModified":"2021-04-06T14:19:01+00:00","breadcrumb":{"@id":"https:\/\/www.camping-tournon.fr\/en\/campsite-ardeche-verte\/#breadcrumb"},"inLanguage":"en-US","potentialAction":[{"@type":"ReadAction","target":["https:\/\/www.camping-tournon.fr\/en\/campsite-ardeche-verte\/"]}]},{"@type":"BreadcrumbList","@id":"https:\/\/www.camping-tournon.fr\/en\/campsite-ardeche-verte\/#breadcrumb","itemListElement":[{"@type":"ListItem","position":1,"name":"Camping Ard\u00e8che","item":"https:\/\/www.camping-tournon.fr\/en\/"},{"@type":"ListItem","position":2,"name":"Campsite Ard\u00e8che Verte"}]},{"@type":"WebSite","@id":"https:\/\/www.camping-tournon.fr\/en\/#website","url":"https:\/\/www.camping-tournon.fr\/en\/","name":"Camping Tournon","description":"","potentialAction":[{"@type":"SearchAction","target":{"@type":"EntryPoint","urlTemplate":"https:\/\/www.camping-tournon.fr\/en\/?s={search_term_string}"},"query-input":"required name=search_term_string"}],"inLanguage":"en-US"}]}},"_links":{"self":[{"href":"https:\/\/www.camping-tournon.fr\/en\/wp-json\/wp\/v2\/pages\/1752","targetHints":{"allow":["GET"]}}],"collection":[{"href":"https:\/\/www.camping-tournon.fr\/en\/wp-json\/wp\/v2\/pages"}],"about":[{"href":"https:\/\/www.camping-tournon.fr\/en\/wp-json\/wp\/v2\/types\/page"}],"author":[{"embeddable":true,"href":"https:\/\/www.camping-tournon.fr\/en\/wp-json\/wp\/v2\/users\/1"}],"replies":[{"embeddable":true,"href":"https:\/\/www.camping-tournon.fr\/en\/wp-json\/wp\/v2\/comments?post=1752"}],"version-history":[{"count":4,"href":"https:\/\/www.camping-tournon.fr\/en\/wp-json\/wp\/v2\/pages\/1752\/revisions"}],"predecessor-version":[{"id":1948,"href":"https:\/\/www.camping-tournon.fr\/en\/wp-json\/wp\/v2\/pages\/1752\/revisions\/1948"}],"wp:featuredmedia":[{"embeddable":true,"href":"https:\/\/www.camping-tournon.fr\/en\/wp-json\/wp\/v2\/media\/881"}],"wp:attachment":[{"href":"https:\/\/www.camping-tournon.fr\/en\/wp-json\/wp\/v2\/media?parent=1752"}],"curies":[{"name":"wp","href":"https:\/\/api.w.org\/{rel}","templated":true}]}}