{"id":1734,"date":"2021-03-16T10:14:47","date_gmt":"2021-03-16T09:14:47","guid":{"rendered":"https:\/\/www.camping-tournon.fr\/location-emplacement-tournon\/"},"modified":"2023-08-21T10:43:21","modified_gmt":"2023-08-21T08:43:21","slug":"huur-standplaats-tournon","status":"publish","type":"page","link":"https:\/\/www.camping-tournon.fr\/nl\/huur-standplaats-tournon\/","title":{"rendered":"Nos emplacements"},"content":{"rendered":"<section id=\"section-60536994c64e8\"\" class=\"section bg-white\" \/><div class=\"container extralarge\"><h1 class=\"element section-title center m-b-8 deco-vague\">Plaats in Tournon<\/h1><div class=\"element bloc-text center \">\n\t<p>De <a href=\"\/nl\/\">Camping Le Rh\u00f4ne Dr\u00f4me Ard\u00e8che<\/a> heeft veel <strong class=\"bold color1\">gratis staanplaatsen voor kampeerders<\/strong> die met hun eigen materiaal komen.<\/p>\n<p>Of u nu <strong class=\"bold color1\">komt met uw tent, caravan of camper<\/strong> (dubbele assen zijn niet toegestaan), u vindt er schaduwrijke en vlakke plaatsen voor caravans, die gemakkelijk toegankelijk zijn.<\/p>\n<p>Nieuwe verwarmde en comfortabele sanitaire voorzieningen, het hele jaar door bruikbaar, staan tot uw beschikking.<\/p>\n<p>Buiten het seizoen en met uw <strong class=\"bold color1\">Acsi-kaart<\/strong>, krijgt u een goedkoop Ard\u00e8che-tarief.<\/p>\n<p>Met de CC ACSI-kaart is alles inbegrepen (2 personen\/elektriciteit\/hondenpakket). Gratis Wifi<\/p>\n<p>Voor een verblijf van meer dan 10 nachten, zal een <strong class=\"bold color1\">promo 10%<\/strong> worden toegepast op het algemene tarief&#8230;<\/p>\n<\/div><ul class=\"liste-de-page hebergements\"><div class=\"row scroll-x-mobile\"><li class=\"element hebergement call-to-action call-to-action--style-2   aantal-personen-2 gebied-80\" id=\"20465\"><div class=\"hebergement_link\" id=\"1681\"><div class=\"call-to-action_image\"><img decoding=\"async\" src=\"https:\/\/www.camping-tournon.fr\/wp-content\/uploads\/2021\/03\/emplacement-caravane.jpg\" data-src=\"https:\/\/www.camping-tournon.fr\/wp-content\/uploads\/2021\/03\/emplacement-caravane.jpg\" alt=\"emplacement caravane\" class=\"\" \/><\/div><div class=\"call-to-action_contenu\"><div class=\"call-to-action_titre\">Kampeerauto\/caravan (geen dubbele assen)\/Tent+autoplaats<\/div><\/div><div class=\"hebergement-attributs\"><span class=\"attribut aantal-personen\">2 <\/span><span class=\"attribut gebied\">80m\u00b2<\/span><\/div><\/div><\/li><li class=\"element hebergement call-to-action call-to-action--style-2  \" id=\"20465\"><div class=\"hebergement_link\" id=\"1684\"><div class=\"call-to-action_image\"><img decoding=\"async\" src=\"https:\/\/www.camping-tournon.fr\/wp-content\/uploads\/2021\/03\/tente-emplacement.jpg\" data-src=\"https:\/\/www.camping-tournon.fr\/wp-content\/uploads\/2021\/03\/tente-emplacement.jpg\" alt=\"tente emplacement\" class=\"\" \/><\/div><div class=\"call-to-action_contenu\"><div class=\"call-to-action_titre\">Kampeerplaats tent ZONDER auto<\/div><\/div><div class=\"hebergement-attributs\"><\/div><\/div><\/li><li class=\"element hebergement call-to-action call-to-action--style-2  \" id=\"\"><div class=\"hebergement_link\" id=\"2244\"><div class=\"call-to-action_image\"><img decoding=\"async\" src=\"https:\/\/www.camping-tournon.fr\/wp-content\/uploads\/2023\/08\/00000890529.webp\" data-src=\"https:\/\/www.camping-tournon.fr\/wp-content\/uploads\/2023\/08\/00000890529.webp\" alt=\"emplacement acsi\" class=\"\" \/><\/div><div class=\"call-to-action_contenu\"><div class=\"call-to-action_titre\">Plaat ACSI CARD<\/div><\/div><div class=\"hebergement-attributs\"><\/div><\/div><\/li><\/div><\/ul><\/div><\/section>\n\n<section id=\"section-60521d60d54ff\"\" class=\"section bg-color3 p-t-0 p-b-0\" \/><div class=\"container full\"><div class=\"colonnes-wrap valign-top p-t-1 p-b-1\"><div class=\"element colonne p-0 mozaique-verticale w-28\"><div class=\"element images scroll-x-mobile\"><div class=\"image\"><img decoding=\"async\" src=\"https:\/\/www.camping-tournon.fr\/wp-content\/uploads\/2021\/03\/location-tente-tournon-100x73.jpg\" data-src=\"https:\/\/www.camping-tournon.fr\/wp-content\/uploads\/2021\/03\/location-tente-tournon.jpg\" alt=\"location tente tournon\" class=\"images_image p-b-1\" \/><\/div><div class=\"image\"><img decoding=\"async\" src=\"https:\/\/www.camping-tournon.fr\/wp-content\/uploads\/2023\/07\/le-rhone-camping-emplacement-100x73.jpg\" data-src=\"https:\/\/www.camping-tournon.fr\/wp-content\/uploads\/2023\/07\/le-rhone-camping-emplacement.jpg\" alt=\"emplacements camping\" class=\"images_image\" \/><\/div><\/div><\/div><div class=\"element colonne p-0 p-l-1 mozaique-verticale w-28\"><div class=\"element images scroll-x-mobile\"><div class=\"image\"><img decoding=\"async\" src=\"https:\/\/www.camping-tournon.fr\/wp-content\/uploads\/2021\/03\/tente-emplacement-1-67x100.jpg\" data-src=\"https:\/\/www.camping-tournon.fr\/wp-content\/uploads\/2021\/03\/tente-emplacement-1.jpg\" alt=\"tente emplacement\" class=\"images_image\" \/><\/div><\/div><\/div><div class=\"element colonne p-l-4 p-r-8 w-44 valign-self-center\"><h2 class=\"element section-title left inner-h2 gauche\">STAANPLAATSEN MIDDEN IN HET GROEN<\/h2><div class=\"element bloc-text justify \">\n\t<p>In een <strong class=\"bold color1\">bebost park van 1,9 ha<\/strong> aan de waterkant, waarom wachten tot de laatste minuut? <\/p>\n<p>Heeft u voorkeuren of heeft u al <strong class=\"bold color1\">verbleven op Camping Le Rh\u00f4ne<\/strong> (ex camping de Tournon HPA) en weet u welke kampeerplaats u moet kiezen voor uw volgende verblijf in <strong class=\"bold color1\">camping caravaning<\/strong>? <\/p>\n<p>Of heeft u zin om ons te vertellen over uw wens voor een <strong class=\"bold color1\">bevoorrechte plaats<\/strong> zoals de nabijheid van het zwembad of een uitzicht op de rivier de Rh\u00f4ne? <\/p>\n<p>Ons team zal zijn best doen om aan uw verzoek te voldoen. Reserveer tijdig uw <strong class=\"bold color1\">caravanterrein<\/strong> zodat u zeker bent van uw favoriete <strong class=\"bold color1\">vakantielocatie<\/strong>, op camping Le Rh\u00f4ne in Rh\u00f4ne-Alpes.<\/p>\n<\/div><\/div><\/div><\/div><\/section>\n\n<section id=\"section-60521d60d57ac\"\" class=\"section bg-white p-t-0 p-b-0\" \/><div class=\"container full\"><div class=\"element images scroll-x-mobile\"><div class=\"image\"><img decoding=\"async\" src=\"https:\/\/www.camping-tournon.fr\/wp-content\/uploads\/2021\/03\/camping-car-sejour-100x97.jpg\" data-src=\"https:\/\/www.camping-tournon.fr\/wp-content\/uploads\/2021\/03\/camping-car-sejour.jpg\" alt=\"camping car sejour\" class=\"images_image\" \/><\/div><div class=\"image\"><img decoding=\"async\" src=\"https:\/\/www.camping-tournon.fr\/wp-content\/uploads\/2023\/07\/camping-tournon-rhone-100x100.jpg\" data-src=\"https:\/\/www.camping-tournon.fr\/wp-content\/uploads\/2023\/07\/camping-tournon-rhone.jpg\" alt=\"emplacement location\" class=\"images_image\" \/><\/div><div class=\"image\"><img decoding=\"async\" src=\"https:\/\/www.camping-tournon.fr\/wp-content\/uploads\/2021\/03\/location-emplacement-1-100x97.jpg\" data-src=\"https:\/\/www.camping-tournon.fr\/wp-content\/uploads\/2021\/03\/location-emplacement-1.jpg\" alt=\"location emplacement\" class=\"images_image\" \/><\/div><div class=\"image\"><img decoding=\"async\" src=\"https:\/\/www.camping-tournon.fr\/wp-content\/uploads\/2021\/03\/tentes-emplacement-100x97.jpg\" data-src=\"https:\/\/www.camping-tournon.fr\/wp-content\/uploads\/2021\/03\/tentes-emplacement.jpg\" alt=\"tentes emplacement\" class=\"images_image\" \/><\/div><\/div><\/div><\/section>\n\n<section id=\"section-last\"\" class=\"section bg-white p-t-0 p-b-0\" \/><div class=\"container full\"><div class=\"colonnes-wrap valign-top p-t-1 p-b-1\"><div class=\"element colonne p-l-4 p-r-8 w-44 valign-self-center\"><h2 class=\"element section-title left inner-h2 droite\">VERWARMDE SANITAIRE VOORZIENINGEN TOT UW BESCHIKKING<\/h2><div class=\"element bloc-text justify \">\n\t<p>Camping Tournon beschikt over <strong class=\"bold color1\">twee verwarmde toiletgebouwen<\/strong> die zijn uitgerust met:<\/p>\n<ul>\n<li>Douches<\/li>\n<li>Lavabos<\/li>\n<li>Ik weet niet of ik dat ooit nog zal kunnen.<\/li>\n<li>Wasruimte<\/li>\n<li>Sanitaire PMR &#8230;<\/li>\n<\/ul>\n<p>Een onafhankelijk afvoerreservoir speciaal uitgerust voor het ledigen en spoelen van uw cassette voor chemisch toilet.<\/p>\n<\/div><h2 class=\"element section-title left m-t-4 droite\">EEN DIENSTRUIMTE VOOR TOURINGCARS<\/h2><div class=\"element bloc-text justify \">\n\t<p>Tent, caravan, camper, u bent allemaal welkom op <strong class=\"bold color1\">Camping Le Rh\u00f4ne in Tournon sur Rh\u00f4ne<\/strong>, tegenover Tain l&#8217;Hermitage. Voor een verblijf in een caravan kunt u kiezen voor een van onze vlakke en gestabiliseerde standplaatsen, terwijl u geniet van de beste tarieven.<\/p>\n<p>Een <strong class=\"bold color1\">leegstandplaats<\/strong> voor campers staat ook tot uw beschikking.<\/p>\n<p>Op camping Ard\u00e8che bieden wij ook stacaravans te huur aan om in alle rust van uw <strong class=\"bold color1\">verblijf in de Dr\u00f4me<\/strong> te genieten.<\/p>\n<\/div><\/div><div class=\"element colonne p-0 mozaique-verticale w-28\"><div class=\"element images scroll-x-mobile\"><div class=\"image\"><img decoding=\"async\" src=\"https:\/\/www.camping-tournon.fr\/wp-content\/uploads\/2021\/03\/camping-sejour-67x100.jpg\" data-src=\"https:\/\/www.camping-tournon.fr\/wp-content\/uploads\/2021\/03\/camping-sejour.jpg\" alt=\"camping sejour\" class=\"images_image\" \/><\/div><\/div><\/div><div class=\"element colonne p-0 p-l-1 mozaique-verticale w-28\"><div class=\"element images scroll-x-mobile\"><div class=\"image\"><img decoding=\"async\" src=\"https:\/\/www.camping-tournon.fr\/wp-content\/uploads\/2021\/03\/camping-car-emplacement-1-100x73.jpg\" data-src=\"https:\/\/www.camping-tournon.fr\/wp-content\/uploads\/2021\/03\/camping-car-emplacement-1.jpg\" alt=\"camping car emplacement\" class=\"images_image p-b-1\" \/><\/div><div class=\"image\"><img decoding=\"async\" src=\"https:\/\/www.camping-tournon.fr\/wp-content\/uploads\/2023\/07\/camping-tournon-rhone-caravane-100x73.jpg\" data-src=\"https:\/\/www.camping-tournon.fr\/wp-content\/uploads\/2023\/07\/camping-tournon-rhone-caravane.jpg\" alt=\"camping car\" class=\"images_image\" \/><\/div><\/div><\/div><\/div><\/div><\/section>\n\n<section id=\"section-60536994c6d05\"\" class=\"section bg-white\" \/><div class=\"container extralarge\"><h2 class=\"element section-title center titre-cta deco-vague\">Onze tarieven en huuraccommodaties op de camping<\/h2><ul class=\"liste-de-page scroll-x-mobile\"><li class=\"element call-to-action center titre-cta deco-vague call-to-action--style-1 call-to-action--big\"><a href=\"https:\/\/www.camping-tournon.fr\/nl\/goedkoop-kamperen-tournon\/\"  class=\"call-to-action_link\" title=\"Lees meer over onze tarieven\"><div class=\"call-to-action_image\"><img decoding=\"async\" src=\"https:\/\/www.camping-tournon.fr\/wp-content\/uploads\/2021\/03\/location-pas-cher-tournon-100x56.jpg\" data-src=\"https:\/\/www.camping-tournon.fr\/wp-content\/uploads\/2021\/03\/location-pas-cher-tournon.jpg\" alt=\"location pas cher tournon\" class=\"big\" \/><div class=\"call-to-action_contenu\"><div class=\"call-to-action_titre\">Onze tarieven<\/div><\/div><\/div><\/a><\/li><li class=\"element call-to-action center titre-cta deco-vague call-to-action--style-1 call-to-action--big call-to-action--style-1 call-to-action--big\"><a href=\"https:\/\/www.camping-tournon.fr\/nl\/verhuur-van-stacaravans-tournon\/\"  class=\"call-to-action_link\" title=\"Lees meer over in de mobil-homes\"><div class=\"call-to-action_image\"><img decoding=\"async\" src=\"https:\/\/www.camping-tournon.fr\/wp-content\/uploads\/2021\/03\/mobil-home-camping-100x56.jpg\" data-src=\"https:\/\/www.camping-tournon.fr\/wp-content\/uploads\/2021\/03\/mobil-home-camping.jpg\" alt=\"mobil-home camping\" class=\"big\" \/><div class=\"call-to-action_contenu\"><div class=\"call-to-action_titre\">In de mobil-homes<\/div><\/div><\/div><\/a><\/li><li class=\"element call-to-action center titre-cta deco-vague call-to-action--style-1 call-to-action--big call-to-action--style-1 call-to-action--big call-to-action--style-1 call-to-action--big\"><a href=\"https:\/\/www.camping-tournon.fr\/nl\/campingzwembad-tournon\/\"  class=\"call-to-action_link\" title=\"Lees meer over het zwembad\"><div class=\"call-to-action_image\"><img decoding=\"async\" src=\"https:\/\/www.camping-tournon.fr\/wp-content\/uploads\/2021\/03\/piscine-chauffee-ardeche-100x56.jpg\" data-src=\"https:\/\/www.camping-tournon.fr\/wp-content\/uploads\/2021\/03\/piscine-chauffee-ardeche.jpg\" alt=\"piscine chauff\u00e9e Ard\u00e8che\" class=\"big\" \/><div class=\"call-to-action_contenu\"><div class=\"call-to-action_titre\">Het zwembad<\/div><\/div><\/div><\/a><\/li><\/ul><\/div><\/section>","protected":false},"excerpt":{"rendered":"","protected":false},"author":1,"featured_media":1113,"parent":0,"menu_order":0,"comment_status":"closed","ping_status":"closed","template":"","meta":{"footnotes":""},"class_list":["post-1734","page","type-page","status-publish","has-post-thumbnail","hentry"],"acf":[],"yoast_head":"<!-- This site is optimized with the Yoast SEO plugin v21.9 - https:\/\/yoast.com\/wordpress\/plugins\/seo\/ -->\n<title>Kampeerplaats huren in Ard\u00e8che Verte | Caravaning in Tournon<\/title>\n<meta name=\"robots\" content=\"index, follow, max-snippet:-1, max-image-preview:large, max-video-preview:-1\" \/>\n<link rel=\"canonical\" href=\"https:\/\/www.camping-tournon.fr\/nl\/huur-standplaats-tournon\/\" \/>\n<meta property=\"og:locale\" content=\"nl_NL\" \/>\n<meta property=\"og:type\" content=\"article\" \/>\n<meta property=\"og:title\" content=\"Kampeerplaats huren in Ard\u00e8che Verte | Caravaning in Tournon\" \/>\n<meta property=\"og:url\" content=\"https:\/\/www.camping-tournon.fr\/nl\/huur-standplaats-tournon\/\" \/>\n<meta property=\"og:site_name\" content=\"Camping Tournon\" \/>\n<meta property=\"article:modified_time\" content=\"2023-08-21T08:43:21+00:00\" \/>\n<meta property=\"og:image\" content=\"https:\/\/www.camping-tournon.fr\/wp-content\/uploads\/2021\/03\/allee-emplacements.jpg\" \/>\n\t<meta property=\"og:image:width\" content=\"1904\" \/>\n\t<meta property=\"og:image:height\" content=\"500\" \/>\n\t<meta property=\"og:image:type\" content=\"image\/jpeg\" \/>\n<meta name=\"twitter:card\" content=\"summary_large_image\" \/>\n<script type=\"application\/ld+json\" class=\"yoast-schema-graph\">{\"@context\":\"https:\/\/schema.org\",\"@graph\":[{\"@type\":\"WebPage\",\"@id\":\"https:\/\/www.camping-tournon.fr\/nl\/huur-standplaats-tournon\/\",\"url\":\"https:\/\/www.camping-tournon.fr\/nl\/huur-standplaats-tournon\/\",\"name\":\"Kampeerplaats huren in Ard\u00e8che Verte | Caravaning in Tournon\",\"isPartOf\":{\"@id\":\"https:\/\/www.camping-tournon.fr\/nl\/#website\"},\"datePublished\":\"2021-03-16T09:14:47+00:00\",\"dateModified\":\"2023-08-21T08:43:21+00:00\",\"breadcrumb\":{\"@id\":\"https:\/\/www.camping-tournon.fr\/nl\/huur-standplaats-tournon\/#breadcrumb\"},\"inLanguage\":\"nl-NL\",\"potentialAction\":[{\"@type\":\"ReadAction\",\"target\":[\"https:\/\/www.camping-tournon.fr\/nl\/huur-standplaats-tournon\/\"]}]},{\"@type\":\"BreadcrumbList\",\"@id\":\"https:\/\/www.camping-tournon.fr\/nl\/huur-standplaats-tournon\/#breadcrumb\",\"itemListElement\":[{\"@type\":\"ListItem\",\"position\":1,\"name\":\"Camping Ard\u00e8che\",\"item\":\"https:\/\/www.camping-tournon.fr\/nl\/\"},{\"@type\":\"ListItem\",\"position\":2,\"name\":\"Verhuur van staanplaatsen Ard\u00e8che Verte\"}]},{\"@type\":\"WebSite\",\"@id\":\"https:\/\/www.camping-tournon.fr\/nl\/#website\",\"url\":\"https:\/\/www.camping-tournon.fr\/nl\/\",\"name\":\"Camping Tournon\",\"description\":\"\",\"potentialAction\":[{\"@type\":\"SearchAction\",\"target\":{\"@type\":\"EntryPoint\",\"urlTemplate\":\"https:\/\/www.camping-tournon.fr\/nl\/?s={search_term_string}\"},\"query-input\":\"required name=search_term_string\"}],\"inLanguage\":\"nl-NL\"}]}<\/script>\n<!-- \/ Yoast SEO plugin. -->","yoast_head_json":{"title":"Kampeerplaats huren in Ard\u00e8che Verte | Caravaning in Tournon","robots":{"index":"index","follow":"follow","max-snippet":"max-snippet:-1","max-image-preview":"max-image-preview:large","max-video-preview":"max-video-preview:-1"},"canonical":"https:\/\/www.camping-tournon.fr\/nl\/huur-standplaats-tournon\/","og_locale":"nl_NL","og_type":"article","og_title":"Kampeerplaats huren in Ard\u00e8che Verte | Caravaning in Tournon","og_url":"https:\/\/www.camping-tournon.fr\/nl\/huur-standplaats-tournon\/","og_site_name":"Camping Tournon","article_modified_time":"2023-08-21T08:43:21+00:00","og_image":[{"width":1904,"height":500,"url":"https:\/\/www.camping-tournon.fr\/wp-content\/uploads\/2021\/03\/allee-emplacements.jpg","type":"image\/jpeg"}],"twitter_card":"summary_large_image","schema":{"@context":"https:\/\/schema.org","@graph":[{"@type":"WebPage","@id":"https:\/\/www.camping-tournon.fr\/nl\/huur-standplaats-tournon\/","url":"https:\/\/www.camping-tournon.fr\/nl\/huur-standplaats-tournon\/","name":"Kampeerplaats huren in Ard\u00e8che Verte | Caravaning in Tournon","isPartOf":{"@id":"https:\/\/www.camping-tournon.fr\/nl\/#website"},"datePublished":"2021-03-16T09:14:47+00:00","dateModified":"2023-08-21T08:43:21+00:00","breadcrumb":{"@id":"https:\/\/www.camping-tournon.fr\/nl\/huur-standplaats-tournon\/#breadcrumb"},"inLanguage":"nl-NL","potentialAction":[{"@type":"ReadAction","target":["https:\/\/www.camping-tournon.fr\/nl\/huur-standplaats-tournon\/"]}]},{"@type":"BreadcrumbList","@id":"https:\/\/www.camping-tournon.fr\/nl\/huur-standplaats-tournon\/#breadcrumb","itemListElement":[{"@type":"ListItem","position":1,"name":"Camping Ard\u00e8che","item":"https:\/\/www.camping-tournon.fr\/nl\/"},{"@type":"ListItem","position":2,"name":"Verhuur van staanplaatsen Ard\u00e8che Verte"}]},{"@type":"WebSite","@id":"https:\/\/www.camping-tournon.fr\/nl\/#website","url":"https:\/\/www.camping-tournon.fr\/nl\/","name":"Camping Tournon","description":"","potentialAction":[{"@type":"SearchAction","target":{"@type":"EntryPoint","urlTemplate":"https:\/\/www.camping-tournon.fr\/nl\/?s={search_term_string}"},"query-input":"required name=search_term_string"}],"inLanguage":"nl-NL"}]}},"_links":{"self":[{"href":"https:\/\/www.camping-tournon.fr\/nl\/wp-json\/wp\/v2\/pages\/1734","targetHints":{"allow":["GET"]}}],"collection":[{"href":"https:\/\/www.camping-tournon.fr\/nl\/wp-json\/wp\/v2\/pages"}],"about":[{"href":"https:\/\/www.camping-tournon.fr\/nl\/wp-json\/wp\/v2\/types\/page"}],"author":[{"embeddable":true,"href":"https:\/\/www.camping-tournon.fr\/nl\/wp-json\/wp\/v2\/users\/1"}],"replies":[{"embeddable":true,"href":"https:\/\/www.camping-tournon.fr\/nl\/wp-json\/wp\/v2\/comments?post=1734"}],"version-history":[{"count":12,"href":"https:\/\/www.camping-tournon.fr\/nl\/wp-json\/wp\/v2\/pages\/1734\/revisions"}],"predecessor-version":[{"id":2254,"href":"https:\/\/www.camping-tournon.fr\/nl\/wp-json\/wp\/v2\/pages\/1734\/revisions\/2254"}],"wp:featuredmedia":[{"embeddable":true,"href":"https:\/\/www.camping-tournon.fr\/nl\/wp-json\/wp\/v2\/media\/1113"}],"wp:attachment":[{"href":"https:\/\/www.camping-tournon.fr\/nl\/wp-json\/wp\/v2\/media?parent=1734"}],"curies":[{"name":"wp","href":"https:\/\/api.w.org\/{rel}","templated":true}]}}