{"id":1745,"date":"2021-03-16T10:15:24","date_gmt":"2021-03-16T09:15:24","guid":{"rendered":"https:\/\/www.camping-tournon.fr\/camping-drome\/"},"modified":"2021-04-06T14:46:12","modified_gmt":"2021-04-06T12:46:12","slug":"kamperen-drome","status":"publish","type":"page","link":"https:\/\/www.camping-tournon.fr\/nl\/kamperen-drome\/","title":{"rendered":"La dr\u00f4me"},"content":{"rendered":"<section id=\"section-60521d60d4e11\"\" class=\"section bg-white\" \/><div class=\"container extralarge\"><h1 class=\"element section-title center deco-vague m-b-8\">Camping in de buurt van de Dr\u00f4me<\/h1><div class=\"element bloc-text center \">\n\t<p>Op 20 minuten van Valence, 1 uur van Lyon en Grenoble, grenst het departement Dr\u00f4me aan de Ard\u00e8che en de Is\u00e8re.<\/p>\n<\/div><\/div><\/section>\n\n<section id=\"section-60521d60d54ff\"\" class=\"section bg-color3 p-t-0 p-b-0\" \/><div class=\"container full\"><div class=\"colonnes-wrap valign-top p-t-1 p-b-1\"><div class=\"element colonne p-0 mozaique-verticale w-28\"><div class=\"element images scroll-x-mobile\"><div class=\"image\"><img decoding=\"async\" src=\"https:\/\/www.camping-tournon.fr\/wp-content\/uploads\/2021\/03\/parc-jouvet-100x73.jpg\" data-src=\"https:\/\/www.camping-tournon.fr\/wp-content\/uploads\/2021\/03\/parc-jouvet.jpg\" alt=\"parc jouvet\" class=\"images_image p-b-1\" \/><\/div><div class=\"image\"><img decoding=\"async\" src=\"https:\/\/www.camping-tournon.fr\/wp-content\/uploads\/2021\/03\/vin-blanc-rhone-1-100x74.jpg\" data-src=\"https:\/\/www.camping-tournon.fr\/wp-content\/uploads\/2021\/03\/vin-blanc-rhone-1.jpg\" alt=\"vin blanc rhone\" class=\"images_image\" \/><\/div><\/div><\/div><div class=\"element colonne p-0 p-l-1 mozaique-verticale w-28\"><div class=\"element images scroll-x-mobile\"><div class=\"image\"><img decoding=\"async\" src=\"https:\/\/www.camping-tournon.fr\/wp-content\/uploads\/2021\/03\/drome-paysage-67x100.jpg\" data-src=\"https:\/\/www.camping-tournon.fr\/wp-content\/uploads\/2021\/03\/drome-paysage.jpg\" alt=\"drome paysage\" class=\"images_image\" \/><\/div><\/div><\/div><div class=\"element colonne p-l-4 p-r-8 w-44 valign-self-center\"><h2 class=\"element section-title left inner-h2 gauche\">Presentatie van de Dr\u00f4me<\/h2><div class=\"element bloc-text justify \">\n\t<p>Als we het over dit departement hebben, denken we meteen aan de <strong class=\"bold color1\">Dr\u00f4me Proven\u00e7ale met het Ch\u00e2teau de Grignan<\/strong>, Buis les Baronnies, Saint Paul les trois ch\u00e2teaux&#8230;. <\/p>\n<p>In het centrum van de Vallei van de Gastronomie, de Dr\u00f4me des collines biedt ons <strong class=\"bold color1\">gastronomische schatten<\/strong>, Kom en proef de <strong class=\"bold color1\">Valrhona chocolade<\/strong>, de noga&#8217;s van Mont\u00e9limar, de ravioli van Romans en zijn pognes. Maar pas op, geen gerecht zonder wijn: de C\u00f4tes du Rh\u00f4ne (Clairette de Die, Croze Hermitage&#8230;.) wachten op u&#8230; <\/p>\n<p>U zult ook verrukt zijn over de <strong class=\"bold color1\">bezienswaardigheden zoals Le Palais Id\u00e9al du facteur Cheval<\/strong>, de toren van Crest, wandelingen in de Vercors, en het bezoek aan Valence en zijn Jouvet Park. Natuurliefhebbers, wij nodigen u uit om uw <strong class=\"bold color1\">kanotocht op de Dr\u00f4me<\/strong> te boeken. Aan de kant van de Pont en Royans bevindt zich de tuin van de <strong class=\"bold color1\">petrifying fonteinen<\/strong>.  <\/p>\n<p>Met de fiets wordt de ViaRh\u00f4na gelijkelijk verdeeld tussen de Dr\u00f4me en de Ard\u00e8che. <\/p>\n<p>Bij regen kunt u een bezoek brengen aan het schoenenmuseum of winkelen in de fabriekswinkels in Romans sur Is\u00e8re. Vergeet niet om <strong class=\"bold color1\">Lafuma in Anneyron<\/strong> te bezoeken.<\/p>\n<\/div><\/div><\/div><\/div><\/section>\n\n<section id=\"section-60521d60d57ac\"\" class=\"section bg-white p-t-0 p-b-0\" \/><div class=\"container full\"><div class=\"element images scroll-x-mobile\"><div class=\"image\"><img decoding=\"async\" src=\"https:\/\/www.camping-tournon.fr\/wp-content\/uploads\/2021\/03\/pont-en-royans-100x97.jpg\" data-src=\"https:\/\/www.camping-tournon.fr\/wp-content\/uploads\/2021\/03\/pont-en-royans-e1616508021614.jpg\" alt=\"pont en royans\" class=\"images_image\" \/><\/div><div class=\"image\"><img decoding=\"async\" src=\"https:\/\/www.camping-tournon.fr\/wp-content\/uploads\/2021\/03\/abricots-recolte-100x79.jpg\" data-src=\"https:\/\/www.camping-tournon.fr\/wp-content\/uploads\/2021\/03\/abricots-recolte.jpg\" alt=\"abricots recolte\" class=\"images_image\" \/><\/div><div class=\"image\"><img decoding=\"async\" src=\"https:\/\/www.camping-tournon.fr\/wp-content\/uploads\/2021\/03\/vercors-vue-100x97.jpg\" data-src=\"https:\/\/www.camping-tournon.fr\/wp-content\/uploads\/2021\/03\/vercors-vue-e1616507937504.jpg\" alt=\"vercors vue\" class=\"images_image\" \/><\/div><div class=\"image\"><img decoding=\"async\" src=\"https:\/\/www.camping-tournon.fr\/wp-content\/uploads\/2021\/03\/drome-parc-jouvet-100x97.jpg\" data-src=\"https:\/\/www.camping-tournon.fr\/wp-content\/uploads\/2021\/03\/drome-parc-jouvet-e1616507921419.jpg\" alt=\"drome parc jouvet\" class=\"images_image\" \/><\/div><\/div><\/div><\/section>\n\n<section id=\"section-last\"\" class=\"section bg-white p-t-0 p-b-0\" \/><div class=\"container full\"><div class=\"colonnes-wrap valign-top p-t-1 p-b-1\"><div class=\"element colonne p-l-4 p-r-8 w-44 valign-self-center\"><h2 class=\"element section-title left inner-h2 droite\">Camping Tournon ideale plek om de Dr\u00f4me te bezoeken<\/h2><div class=\"element bloc-text justify \">\n\t<p>Nadat u de geheimen van de Groene Ard\u00e8che hebt ontdekt, maakt u een omweg naar de Dr\u00f4me en bezoekt u de plaatsen die u niet mag missen. Aan het eind van de dag kunt u uw huuraccommodatie weer ophalen bij <a href=\"\/nl\/\">camping Tournon<\/a> om te ontspannen en wat tijd door te brengen met uw gezin.<\/p>\n<ul>\n<li>Op 1 km : De <strong class=\"bold color1\">Cit\u00e9 du Chocolat<\/strong> en de Valrhona chocoladefabriek in Tain l&#8217;Hermitage<\/li>\n<li>Op 1 km: de <strong class=\"bold color1\">Voie verte v\u00e9lo<\/strong><\/li>\n<li>Op 2 km : <strong class=\"bold color1\">De kelders<\/strong> : Cave de Tain, Chapoutier, Domaine Jaboulet A\u00een\u00e9 in Tain l&#8217;Hermitage<\/li>\n<li>Op 15 km : De stad Valence met zijn <strong class=\"bold color1\">parc Jouvet<\/strong>, zijn kanalen, zijn winkels&#8230;<\/li>\n<li>Op 15 km : Het <strong class=\"bold color1\">meer van Champos in St Donat<\/strong> sur Herbasse<\/li>\n<li>Op 20 km: <strong class=\"bold color1\">Fabriekswinkels in Romans<\/strong> sur Is\u00e8re<\/li>\n<li>Op 30 km: De stuurboot bij <strong class=\"bold color1\">Saint-Nazaire-en-Royans<\/strong> <\/li>\n<li>Op 40 km: het <strong class=\"bold color1\">Palais id\u00e9al du facteur Cheval<\/strong> in de Hauterives<\/li>\n<li>Op 56 km: Die, <strong class=\"bold color1\">La Tour de Crest<\/strong>, de afdaling van de Dr\u00f4me per kano<\/li>\n<\/ul>\n<\/div><\/div><div class=\"element colonne p-0 mozaique-verticale w-28\"><div class=\"element images scroll-x-mobile\"><div class=\"image\"><img decoding=\"async\" src=\"https:\/\/www.camping-tournon.fr\/wp-content\/uploads\/2021\/03\/musee-chocolat-drome-65x100.jpg\" data-src=\"https:\/\/www.camping-tournon.fr\/wp-content\/uploads\/2021\/03\/musee-chocolat-drome.jpg\" alt=\"mus\u00e9e chocolat drome\" class=\"images_image\" \/><\/div><\/div><\/div><div class=\"element colonne p-0 p-l-1 mozaique-verticale w-28\"><div class=\"element images scroll-x-mobile\"><div class=\"image\"><img decoding=\"async\" src=\"https:\/\/www.camping-tournon.fr\/wp-content\/uploads\/2021\/03\/riviere-canoe-100x73.jpg\" data-src=\"https:\/\/www.camping-tournon.fr\/wp-content\/uploads\/2021\/03\/riviere-canoe.jpg\" alt=\"riviere canoe\" class=\"images_image p-b-1\" \/><\/div><div class=\"image\"><img decoding=\"async\" src=\"https:\/\/www.camping-tournon.fr\/wp-content\/uploads\/2021\/03\/palais-facteur-cheval-100x75.jpg\" data-src=\"https:\/\/www.camping-tournon.fr\/wp-content\/uploads\/2021\/03\/palais-facteur-cheval.jpg\" alt=\"palais facteur cheval\" class=\"images_image\" \/><\/div><\/div><\/div><\/div><\/div><\/section>\n\n<section id=\"section-60521d60d6105\"\" class=\"section bg-white\" \/><div class=\"container extralarge\"><div class=\"element section-title center titre-cta deco-vague\">De Ard\u00e8che en de omgeving van de camping<\/div><ul class=\"liste-de-page scroll-x-mobile\"><li class=\"element call-to-action center titre-cta deco-vague call-to-action--style-1 call-to-action--normal\"><a href=\"https:\/\/www.camping-tournon.fr\/nl\/restauratie-camping-tournon\/\"  class=\"call-to-action_link\" title=\"Lees meer over onze diensten en ons restaurant\"><div class=\"call-to-action_image\"><img decoding=\"async\" src=\"https:\/\/www.camping-tournon.fr\/wp-content\/uploads\/2021\/03\/famille-caravane-100x56.jpg\" data-src=\"https:\/\/www.camping-tournon.fr\/wp-content\/uploads\/2021\/03\/famille-caravane.jpg\" alt=\"famille-caravane\" class=\"normal\" \/><div class=\"call-to-action_contenu\"><div class=\"call-to-action_titre\">Onze diensten en ons restaurant<\/div><\/div><\/div><\/a><\/li><li class=\"element call-to-action center titre-cta deco-vague call-to-action--style-1 call-to-action--normal call-to-action--style-1 call-to-action--normal\"><a href=\"https:\/\/www.camping-tournon.fr\/nl\/kamperen-ardeche-groen\/\"  class=\"call-to-action_link\" title=\"Lees meer over groene ard\u00e8che\"><div class=\"call-to-action_image\"><img decoding=\"async\" src=\"https:\/\/www.camping-tournon.fr\/wp-content\/uploads\/2021\/03\/vue-paysage-100x56.jpg\" data-src=\"https:\/\/www.camping-tournon.fr\/wp-content\/uploads\/2021\/03\/vue-paysage.jpg\" alt=\"vue paysage\" class=\"normal\" \/><div class=\"call-to-action_contenu\"><div class=\"call-to-action_titre\">Groene Ard\u00e8che<\/div><\/div><\/div><\/a><\/li><li class=\"element call-to-action center titre-cta deco-vague call-to-action--style-1 call-to-action--normal call-to-action--style-1 call-to-action--normal call-to-action--style-1 call-to-action--normal\"><a href=\"https:\/\/www.camping-tournon.fr\/nl\/camping-activiteiten-tournon\/\"  class=\"call-to-action_link\" title=\"Lees meer over activiteiten om te doen\"><div class=\"call-to-action_image\"><img decoding=\"async\" src=\"https:\/\/www.camping-tournon.fr\/wp-content\/uploads\/2021\/03\/vue-paysage-rhone-100x56.jpg\" data-src=\"https:\/\/www.camping-tournon.fr\/wp-content\/uploads\/2021\/03\/vue-paysage-rhone.jpg\" alt=\"vue-paysage-rhone\" class=\"normal\" \/><div class=\"call-to-action_contenu\"><div class=\"call-to-action_titre\">Activiteiten om te doen<\/div><\/div><\/div><\/a><\/li><\/ul><\/div><\/section>","protected":false},"excerpt":{"rendered":"","protected":false},"author":1,"featured_media":899,"parent":0,"menu_order":0,"comment_status":"closed","ping_status":"closed","template":"","meta":{"footnotes":""},"class_list":["post-1745","page","type-page","status-publish","has-post-thumbnail","hentry"],"acf":[],"yoast_head":"<!-- This site is optimized with the Yoast SEO plugin v21.9 - https:\/\/yoast.com\/wordpress\/plugins\/seo\/ -->\n<title>Camping in de buurt van Dr\u00f4me | Dingen om te doen en te zien in Dr\u00f4me<\/title>\n<meta name=\"robots\" content=\"index, follow, max-snippet:-1, max-image-preview:large, max-video-preview:-1\" \/>\n<link rel=\"canonical\" href=\"https:\/\/www.camping-tournon.fr\/nl\/kamperen-drome\/\" \/>\n<meta property=\"og:locale\" content=\"nl_NL\" \/>\n<meta property=\"og:type\" content=\"article\" \/>\n<meta property=\"og:title\" content=\"Camping in de buurt van Dr\u00f4me | Dingen om te doen en te zien in Dr\u00f4me\" \/>\n<meta property=\"og:url\" content=\"https:\/\/www.camping-tournon.fr\/nl\/kamperen-drome\/\" \/>\n<meta property=\"og:site_name\" content=\"Camping Tournon\" \/>\n<meta property=\"article:modified_time\" content=\"2021-04-06T12:46:12+00:00\" \/>\n<meta property=\"og:image\" content=\"https:\/\/www.camping-tournon.fr\/wp-content\/uploads\/2021\/03\/vue-drome.jpg\" \/>\n\t<meta property=\"og:image:width\" content=\"1901\" \/>\n\t<meta property=\"og:image:height\" content=\"500\" \/>\n\t<meta property=\"og:image:type\" content=\"image\/jpeg\" \/>\n<meta name=\"twitter:card\" content=\"summary_large_image\" \/>\n<script type=\"application\/ld+json\" class=\"yoast-schema-graph\">{\"@context\":\"https:\/\/schema.org\",\"@graph\":[{\"@type\":\"WebPage\",\"@id\":\"https:\/\/www.camping-tournon.fr\/nl\/kamperen-drome\/\",\"url\":\"https:\/\/www.camping-tournon.fr\/nl\/kamperen-drome\/\",\"name\":\"Camping in de buurt van Dr\u00f4me | Dingen om te doen en te zien in Dr\u00f4me\",\"isPartOf\":{\"@id\":\"https:\/\/www.camping-tournon.fr\/nl\/#website\"},\"datePublished\":\"2021-03-16T09:15:24+00:00\",\"dateModified\":\"2021-04-06T12:46:12+00:00\",\"breadcrumb\":{\"@id\":\"https:\/\/www.camping-tournon.fr\/nl\/kamperen-drome\/#breadcrumb\"},\"inLanguage\":\"nl-NL\",\"potentialAction\":[{\"@type\":\"ReadAction\",\"target\":[\"https:\/\/www.camping-tournon.fr\/nl\/kamperen-drome\/\"]}]},{\"@type\":\"BreadcrumbList\",\"@id\":\"https:\/\/www.camping-tournon.fr\/nl\/kamperen-drome\/#breadcrumb\",\"itemListElement\":[{\"@type\":\"ListItem\",\"position\":1,\"name\":\"Camping Ard\u00e8che\",\"item\":\"https:\/\/www.camping-tournon.fr\/nl\/\"},{\"@type\":\"ListItem\",\"position\":2,\"name\":\"Camping bij Dr\u00f4me\"}]},{\"@type\":\"WebSite\",\"@id\":\"https:\/\/www.camping-tournon.fr\/nl\/#website\",\"url\":\"https:\/\/www.camping-tournon.fr\/nl\/\",\"name\":\"Camping Tournon\",\"description\":\"\",\"potentialAction\":[{\"@type\":\"SearchAction\",\"target\":{\"@type\":\"EntryPoint\",\"urlTemplate\":\"https:\/\/www.camping-tournon.fr\/nl\/?s={search_term_string}\"},\"query-input\":\"required name=search_term_string\"}],\"inLanguage\":\"nl-NL\"}]}<\/script>\n<!-- \/ Yoast SEO plugin. -->","yoast_head_json":{"title":"Camping in de buurt van Dr\u00f4me | Dingen om te doen en te zien in Dr\u00f4me","robots":{"index":"index","follow":"follow","max-snippet":"max-snippet:-1","max-image-preview":"max-image-preview:large","max-video-preview":"max-video-preview:-1"},"canonical":"https:\/\/www.camping-tournon.fr\/nl\/kamperen-drome\/","og_locale":"nl_NL","og_type":"article","og_title":"Camping in de buurt van Dr\u00f4me | Dingen om te doen en te zien in Dr\u00f4me","og_url":"https:\/\/www.camping-tournon.fr\/nl\/kamperen-drome\/","og_site_name":"Camping Tournon","article_modified_time":"2021-04-06T12:46:12+00:00","og_image":[{"width":1901,"height":500,"url":"https:\/\/www.camping-tournon.fr\/wp-content\/uploads\/2021\/03\/vue-drome.jpg","type":"image\/jpeg"}],"twitter_card":"summary_large_image","schema":{"@context":"https:\/\/schema.org","@graph":[{"@type":"WebPage","@id":"https:\/\/www.camping-tournon.fr\/nl\/kamperen-drome\/","url":"https:\/\/www.camping-tournon.fr\/nl\/kamperen-drome\/","name":"Camping in de buurt van Dr\u00f4me | Dingen om te doen en te zien in Dr\u00f4me","isPartOf":{"@id":"https:\/\/www.camping-tournon.fr\/nl\/#website"},"datePublished":"2021-03-16T09:15:24+00:00","dateModified":"2021-04-06T12:46:12+00:00","breadcrumb":{"@id":"https:\/\/www.camping-tournon.fr\/nl\/kamperen-drome\/#breadcrumb"},"inLanguage":"nl-NL","potentialAction":[{"@type":"ReadAction","target":["https:\/\/www.camping-tournon.fr\/nl\/kamperen-drome\/"]}]},{"@type":"BreadcrumbList","@id":"https:\/\/www.camping-tournon.fr\/nl\/kamperen-drome\/#breadcrumb","itemListElement":[{"@type":"ListItem","position":1,"name":"Camping Ard\u00e8che","item":"https:\/\/www.camping-tournon.fr\/nl\/"},{"@type":"ListItem","position":2,"name":"Camping bij Dr\u00f4me"}]},{"@type":"WebSite","@id":"https:\/\/www.camping-tournon.fr\/nl\/#website","url":"https:\/\/www.camping-tournon.fr\/nl\/","name":"Camping Tournon","description":"","potentialAction":[{"@type":"SearchAction","target":{"@type":"EntryPoint","urlTemplate":"https:\/\/www.camping-tournon.fr\/nl\/?s={search_term_string}"},"query-input":"required name=search_term_string"}],"inLanguage":"nl-NL"}]}},"_links":{"self":[{"href":"https:\/\/www.camping-tournon.fr\/nl\/wp-json\/wp\/v2\/pages\/1745","targetHints":{"allow":["GET"]}}],"collection":[{"href":"https:\/\/www.camping-tournon.fr\/nl\/wp-json\/wp\/v2\/pages"}],"about":[{"href":"https:\/\/www.camping-tournon.fr\/nl\/wp-json\/wp\/v2\/types\/page"}],"author":[{"embeddable":true,"href":"https:\/\/www.camping-tournon.fr\/nl\/wp-json\/wp\/v2\/users\/1"}],"replies":[{"embeddable":true,"href":"https:\/\/www.camping-tournon.fr\/nl\/wp-json\/wp\/v2\/comments?post=1745"}],"version-history":[{"count":4,"href":"https:\/\/www.camping-tournon.fr\/nl\/wp-json\/wp\/v2\/pages\/1745\/revisions"}],"predecessor-version":[{"id":1850,"href":"https:\/\/www.camping-tournon.fr\/nl\/wp-json\/wp\/v2\/pages\/1745\/revisions\/1850"}],"wp:featuredmedia":[{"embeddable":true,"href":"https:\/\/www.camping-tournon.fr\/nl\/wp-json\/wp\/v2\/media\/899"}],"wp:attachment":[{"href":"https:\/\/www.camping-tournon.fr\/nl\/wp-json\/wp\/v2\/media?parent=1745"}],"curies":[{"name":"wp","href":"https:\/\/api.w.org\/{rel}","templated":true}]}}